{"id":253,"date":"2019-06-17T11:34:12","date_gmt":"2019-06-17T11:34:12","guid":{"rendered":"http:\/\/www.creabarkod.com\/?page_id=253"},"modified":"2019-06-17T11:34:13","modified_gmt":"2019-06-17T11:34:13","slug":"palmx-zj-8330-masaustu-fis-pos-yazici","status":"publish","type":"page","link":"http:\/\/www.creabarkod.com\/?page_id=253","title":{"rendered":"Palmx ZJ-8330 Masa\u00fcst\u00fc Fi\u015f\/Pos Yaz\u0131c\u0131"},"content":{"rendered":"\n<ul class=\"wp-block-gallery columns-6 is-cropped\"><li class=\"blocks-gallery-item\"><figure><a href=\"http:\/\/www.creabarkod.com\/wp-content\/uploads\/2019\/06\/Palmx-ZJ-8330-Masa\u00fcst\u00fc-Fi\u015f_Pos-Yaz\u0131c\u0131-1.jpg\"><img loading=\"lazy\" width=\"500\" height=\"500\" src=\"http:\/\/www.creabarkod.com\/wp-content\/uploads\/2019\/06\/Palmx-ZJ-8330-Masa\u00fcst\u00fc-Fi\u015f_Pos-Yaz\u0131c\u0131-1.jpg\" alt=\"\" data-id=\"254\" class=\"wp-image-254\" srcset=\"http:\/\/www.creabarkod.com\/wp-content\/uploads\/2019\/06\/Palmx-ZJ-8330-Masa\u00fcst\u00fc-Fi\u015f_Pos-Yaz\u0131c\u0131-1.jpg 500w, http:\/\/www.creabarkod.com\/wp-content\/uploads\/2019\/06\/Palmx-ZJ-8330-Masa\u00fcst\u00fc-Fi\u015f_Pos-Yaz\u0131c\u0131-1-150x150.jpg 150w, http:\/\/www.creabarkod.com\/wp-content\/uploads\/2019\/06\/Palmx-ZJ-8330-Masa\u00fcst\u00fc-Fi\u015f_Pos-Yaz\u0131c\u0131-1-300x300.jpg 300w\" sizes=\"(max-width: 500px) 100vw, 500px\" \/><\/a><\/figure><\/li><li class=\"blocks-gallery-item\"><figure><a href=\"http:\/\/www.creabarkod.com\/wp-content\/uploads\/2019\/06\/Palmx-ZJ-8330-Masa\u00fcst\u00fc-Fi\u015f_Pos-Yaz\u0131c\u0131-2-1.jpg\"><img loading=\"lazy\" width=\"500\" height=\"500\" src=\"http:\/\/www.creabarkod.com\/wp-content\/uploads\/2019\/06\/Palmx-ZJ-8330-Masa\u00fcst\u00fc-Fi\u015f_Pos-Yaz\u0131c\u0131-2-1.jpg\" alt=\"\" data-id=\"258\" data-link=\"http:\/\/www.creabarkod.com\/?attachment_id=258\" class=\"wp-image-258\" srcset=\"http:\/\/www.creabarkod.com\/wp-content\/uploads\/2019\/06\/Palmx-ZJ-8330-Masa\u00fcst\u00fc-Fi\u015f_Pos-Yaz\u0131c\u0131-2-1.jpg 500w, http:\/\/www.creabarkod.com\/wp-content\/uploads\/2019\/06\/Palmx-ZJ-8330-Masa\u00fcst\u00fc-Fi\u015f_Pos-Yaz\u0131c\u0131-2-1-150x150.jpg 150w, http:\/\/www.creabarkod.com\/wp-content\/uploads\/2019\/06\/Palmx-ZJ-8330-Masa\u00fcst\u00fc-Fi\u015f_Pos-Yaz\u0131c\u0131-2-1-300x300.jpg 300w\" sizes=\"(max-width: 500px) 100vw, 500px\" \/><\/a><\/figure><\/li><li class=\"blocks-gallery-item\"><figure><a href=\"http:\/\/www.creabarkod.com\/wp-content\/uploads\/2019\/06\/Palmx-ZJ-8330-Masa\u00fcst\u00fc-Fi\u015f_Pos-Yaz\u0131c\u0131-3.jpg\"><img loading=\"lazy\" width=\"500\" height=\"500\" src=\"http:\/\/www.creabarkod.com\/wp-content\/uploads\/2019\/06\/Palmx-ZJ-8330-Masa\u00fcst\u00fc-Fi\u015f_Pos-Yaz\u0131c\u0131-3.jpg\" alt=\"\" data-id=\"259\" data-link=\"http:\/\/www.creabarkod.com\/?attachment_id=259\" class=\"wp-image-259\" srcset=\"http:\/\/www.creabarkod.com\/wp-content\/uploads\/2019\/06\/Palmx-ZJ-8330-Masa\u00fcst\u00fc-Fi\u015f_Pos-Yaz\u0131c\u0131-3.jpg 500w, http:\/\/www.creabarkod.com\/wp-content\/uploads\/2019\/06\/Palmx-ZJ-8330-Masa\u00fcst\u00fc-Fi\u015f_Pos-Yaz\u0131c\u0131-3-150x150.jpg 150w, http:\/\/www.creabarkod.com\/wp-content\/uploads\/2019\/06\/Palmx-ZJ-8330-Masa\u00fcst\u00fc-Fi\u015f_Pos-Yaz\u0131c\u0131-3-300x300.jpg 300w\" sizes=\"(max-width: 500px) 100vw, 500px\" \/><\/a><\/figure><\/li><li class=\"blocks-gallery-item\"><figure><a href=\"http:\/\/www.creabarkod.com\/wp-content\/uploads\/2019\/06\/Palmx-ZJ-8330-Masa\u00fcst\u00fc-Fi\u015f_Pos-Yaz\u0131c\u0131-4.jpg\"><img loading=\"lazy\" width=\"500\" height=\"500\" src=\"http:\/\/www.creabarkod.com\/wp-content\/uploads\/2019\/06\/Palmx-ZJ-8330-Masa\u00fcst\u00fc-Fi\u015f_Pos-Yaz\u0131c\u0131-4.jpg\" alt=\"\" data-id=\"260\" data-link=\"http:\/\/www.creabarkod.com\/?attachment_id=260\" class=\"wp-image-260\" srcset=\"http:\/\/www.creabarkod.com\/wp-content\/uploads\/2019\/06\/Palmx-ZJ-8330-Masa\u00fcst\u00fc-Fi\u015f_Pos-Yaz\u0131c\u0131-4.jpg 500w, http:\/\/www.creabarkod.com\/wp-content\/uploads\/2019\/06\/Palmx-ZJ-8330-Masa\u00fcst\u00fc-Fi\u015f_Pos-Yaz\u0131c\u0131-4-150x150.jpg 150w, http:\/\/www.creabarkod.com\/wp-content\/uploads\/2019\/06\/Palmx-ZJ-8330-Masa\u00fcst\u00fc-Fi\u015f_Pos-Yaz\u0131c\u0131-4-300x300.jpg 300w\" sizes=\"(max-width: 500px) 100vw, 500px\" \/><\/a><\/figure><\/li><li class=\"blocks-gallery-item\"><figure><a href=\"http:\/\/www.creabarkod.com\/wp-content\/uploads\/2019\/06\/Palmx-ZJ-8330-Masa\u00fcst\u00fc-Fi\u015f_Pos-Yaz\u0131c\u0131-5.jpg\"><img loading=\"lazy\" width=\"500\" height=\"500\" src=\"http:\/\/www.creabarkod.com\/wp-content\/uploads\/2019\/06\/Palmx-ZJ-8330-Masa\u00fcst\u00fc-Fi\u015f_Pos-Yaz\u0131c\u0131-5.jpg\" alt=\"\" data-id=\"262\" data-link=\"http:\/\/www.creabarkod.com\/?attachment_id=262\" class=\"wp-image-262\" srcset=\"http:\/\/www.creabarkod.com\/wp-content\/uploads\/2019\/06\/Palmx-ZJ-8330-Masa\u00fcst\u00fc-Fi\u015f_Pos-Yaz\u0131c\u0131-5.jpg 500w, http:\/\/www.creabarkod.com\/wp-content\/uploads\/2019\/06\/Palmx-ZJ-8330-Masa\u00fcst\u00fc-Fi\u015f_Pos-Yaz\u0131c\u0131-5-150x150.jpg 150w, http:\/\/www.creabarkod.com\/wp-content\/uploads\/2019\/06\/Palmx-ZJ-8330-Masa\u00fcst\u00fc-Fi\u015f_Pos-Yaz\u0131c\u0131-5-300x300.jpg 300w\" sizes=\"(max-width: 500px) 100vw, 500px\" \/><\/a><\/figure><\/li><li class=\"blocks-gallery-item\"><figure><a href=\"http:\/\/www.creabarkod.com\/wp-content\/uploads\/2019\/06\/Palmx-ZJ-8330-Masa\u00fcst\u00fc-Fi\u015f_Pos-Yaz\u0131c\u0131-6.jpg\"><img loading=\"lazy\" width=\"500\" height=\"500\" src=\"http:\/\/www.creabarkod.com\/wp-content\/uploads\/2019\/06\/Palmx-ZJ-8330-Masa\u00fcst\u00fc-Fi\u015f_Pos-Yaz\u0131c\u0131-6.jpg\" alt=\"\" data-id=\"263\" data-link=\"http:\/\/www.creabarkod.com\/?attachment_id=263\" class=\"wp-image-263\" srcset=\"http:\/\/www.creabarkod.com\/wp-content\/uploads\/2019\/06\/Palmx-ZJ-8330-Masa\u00fcst\u00fc-Fi\u015f_Pos-Yaz\u0131c\u0131-6.jpg 500w, http:\/\/www.creabarkod.com\/wp-content\/uploads\/2019\/06\/Palmx-ZJ-8330-Masa\u00fcst\u00fc-Fi\u015f_Pos-Yaz\u0131c\u0131-6-150x150.jpg 150w, http:\/\/www.creabarkod.com\/wp-content\/uploads\/2019\/06\/Palmx-ZJ-8330-Masa\u00fcst\u00fc-Fi\u015f_Pos-Yaz\u0131c\u0131-6-300x300.jpg 300w\" sizes=\"(max-width: 500px) 100vw, 500px\" \/><\/a><\/figure><\/li><\/ul>\n\n\n\n<p>\u25cf\u00a0Direkt Termal\u00a0bask\u0131 imkan\u0131<br>\u25cf\u00a0Max. 72 mm bask\u0131 geni\u015fli\u011fi<br>\u25cf\u00a0Max.\u00a0300 mm \/saniye bask\u0131 h\u0131z\u0131<br>\u25cf\u00a0RS-232, USB\u00a0ve\u00a0Ethernet\u00a0Port\u00a0se\u00e7enekleri<br>\u25cf\u00a0<strong>ESC\/POS<\/strong>\u00a0dil deste\u011fi <\/p>\n\n\n\n<table class=\"wp-block-table\"><tbody><tr><td><strong>&nbsp;\u0130\u015flemsel<\/strong><\/td><\/tr><tr><td>&nbsp;Bask\u0131 metodu<\/td><td>Direkt&nbsp;Termal<\/td><\/tr><tr><td>&nbsp;Bask\u0131 h\u0131z\u0131<\/td><td>Max.&nbsp;300 mm\/saniye<\/td><\/tr><tr><td>&nbsp;Toplam Nokta Say\u0131s\u0131<\/td><td>512 Nokta\/Sat\u0131r<\/td><\/tr><tr><td>&nbsp;Bask\u0131 geni\u015fli\u011fi<\/td><td>Max. 72 mm<\/td><\/tr><tr><td>&nbsp;Ara Birimler<\/td><td>Seri Port, USB ve Ethernet<\/td><\/tr><tr><td>&nbsp;Veri alma belle\u011fi<\/td><td>256 KB<\/td><\/tr><tr><td>&nbsp;Otomatik kesici<\/td><td>Var (Tam veya Par\u00e7al\u0131 Kesme)<\/td><\/tr><tr><td>&nbsp;Termal Kafa \u00f6mr\u00fc<\/td><td>Max. 100 km (Y\u00fcksek kaliteli termal ka\u011f\u0131t: OJI, Aclas P160R termal ka\u011f\u0131d\u0131 ile)<\/td><\/tr><tr><td><strong>&nbsp;Fiziksel<\/strong><\/td><\/tr><tr><td>&nbsp;Geni\u015flik<\/td><td>186&nbsp;mm<\/td><\/tr><tr><td>&nbsp;Y\u00fckseklik<\/td><td>145 mm<\/td><\/tr><tr><td>&nbsp;Uzunluk<\/td><td>136&nbsp;mm<\/td><\/tr><tr><td>&nbsp;A\u011f\u0131rl\u0131k<\/td><td>1,6 Kg.<\/td><\/tr><tr><td>&nbsp;Kasa<\/td><td>ABS Plastik<\/td><\/tr><tr><td>&nbsp;Renk<\/td><td>Siyah<\/td><\/tr><tr><td><strong>&nbsp;Elektriksel<\/strong><\/td><\/tr><tr><td>&nbsp;G\u00fc\u00e7 giri\u015f \u015fekli<\/td><td>Harici elektrik adapt\u00f6r\u00fc<\/td><\/tr><tr><td>&nbsp;G\u00fc\u00e7 kayna\u011f\u0131 (\u00c7\u0131k\u0131\u015f)<\/td><td>24VDC, 2.5A<\/td><\/tr><tr><td>&nbsp;Yazarkasa \u00c7ekmecesi A\u00e7ma<\/td><td>12VDC,&nbsp;1A<\/td><\/tr><tr><td><strong>&nbsp;\u00c7evresel<\/strong><\/td><\/tr><tr><td>&nbsp;\u00c7al\u0131\u015fma ortam\u0131 s\u0131cakl\u0131\u011f\u0131<\/td><td>0 \u00b0C ~ 45&nbsp;\u00b0C<\/td><\/tr><tr><td>&nbsp;\u00c7al\u0131\u015fma Nem oran\u0131<\/td><td>%10&nbsp;~ %80<\/td><\/tr><tr><td><strong>&nbsp;Ka\u011f\u0131t<\/strong><\/td><\/tr><tr><td>&nbsp;Tip<\/td><td>Termal Ka\u011f\u0131t<\/td><\/tr><tr><td>&nbsp;Geni\u015flik<\/td><td>Max. 79,5&nbsp;\u00b10,5&nbsp;mm<\/td><\/tr><tr><td>&nbsp;Rulo&nbsp;d\u0131\u015f \u00e7ap\u0131<\/td><td>83&nbsp;mm (En fazla)<\/td><\/tr><tr><td>&nbsp;Ka\u011f\u0131t Kal\u0131nl\u0131\u011f\u0131<\/td><td>0,06 ~ 0,08 mm<\/td><\/tr><tr><td><strong>&nbsp;Yaz\u0131l\u0131msal<\/strong><\/td><\/tr><tr><td>&nbsp;Desteklenen i\u015fletim sistemleri (Driver)<\/td><td>Win&nbsp;9X, Win&nbsp;2000,&nbsp;Win 2003,&nbsp;Win XP, Win Vista, Win&nbsp;7,&nbsp;Win 8, Win 10, Linux, Android ve IOS<\/td><\/tr><tr><td>&nbsp;Yaz\u0131m dilleri<\/td><td>ESC\/POS (Epson&nbsp;ve Samsung&nbsp;uyumlu)<\/td><\/tr><tr><td>Desteklenen barkod tipleri<\/td><td>UPC-A,&nbsp;UPC-E,&nbsp;JAN13\/EAN13,&nbsp;JAN8\/EAN8,&nbsp;Codabar,&nbsp;Itf,&nbsp;Code 39, Code 93&nbsp;ve&nbsp;Code 128<\/td><\/tr><tr><td><strong>&nbsp;Yaz\u0131 Tipleri<\/strong><\/td><\/tr><tr><td>&nbsp;Karekter Seti<\/td><td>ANK<\/td><\/tr><tr><td>&nbsp;Karekter Boyutu<\/td><td>Font A:&nbsp;12&nbsp;x&nbsp;24&nbsp;Nokta (Geni\u015flik: 1,5 mm&nbsp;x Y\u00fckseklik: 3 mm)<\/td><\/tr><tr><td>Font&nbsp;B:&nbsp;9 x 17&nbsp;Nokta (Geni\u015flik: 1,1 mm&nbsp;x Y\u00fckseklik: 2,1 mm)<\/td><\/tr><tr><td>Simplified\/Traditional:&nbsp;24&nbsp;X&nbsp;24&nbsp;Nokta (Geni\u015flik:&nbsp;3&nbsp;mm x Y\u00fckseklik:&nbsp;3&nbsp;mm<\/td><\/tr><\/tbody><\/table>\n","protected":false},"excerpt":{"rendered":"<p>\u25cf\u00a0Direkt Termal\u00a0bask\u0131 imkan\u0131\u25cf\u00a0Max. 72 mm bask\u0131 geni\u015fli\u011fi\u25cf\u00a0Max.\u00a0300 mm \/saniye bask\u0131 h\u0131z\u0131\u25cf\u00a0RS-232, USB\u00a0ve\u00a0Ethernet\u00a0Port\u00a0se\u00e7enekleri\u25cf\u00a0ESC\/POS\u00a0dil deste\u011fi &nbsp;\u0130\u015flemsel &nbsp;Bask\u0131 metodu Direkt&nbsp;Termal &nbsp;Bask\u0131 h\u0131z\u0131 Max.&nbsp;300 mm\/saniye &nbsp;Toplam Nokta Say\u0131s\u0131 512 Nokta\/Sat\u0131r &nbsp;Bask\u0131 geni\u015fli\u011fi Max. 72 mm &nbsp;Ara Birimler Seri Port, USB ve Ethernet &nbsp;Veri alma belle\u011fi 256 KB &nbsp;Otomatik kesici Var (Tam veya Par\u00e7al\u0131 Kesme) &nbsp;Termal Kafa \u00f6mr\u00fc Max. 100 [&hellip;]<\/p>\n","protected":false},"author":1,"featured_media":0,"parent":151,"menu_order":0,"comment_status":"closed","ping_status":"closed","template":"","meta":[],"yoast_head":"<!-- This site is optimized with the Yoast SEO plugin v15.7 - https:\/\/yoast.com\/wordpress\/plugins\/seo\/ -->\n<title>Palmx ZJ-8330 Masa\u00fcst\u00fc Fi\u015f\/Pos Yaz\u0131c\u0131 - Crea Barkod<\/title>\n<meta name=\"robots\" content=\"index, follow, max-snippet:-1, max-image-preview:large, max-video-preview:-1\" \/>\n<link rel=\"canonical\" href=\"http:\/\/www.creabarkod.com\/?page_id=253\" \/>\n<meta property=\"og:locale\" content=\"tr_TR\" \/>\n<meta property=\"og:type\" content=\"article\" \/>\n<meta property=\"og:title\" content=\"Palmx ZJ-8330 Masa\u00fcst\u00fc Fi\u015f\/Pos Yaz\u0131c\u0131 - Crea Barkod\" \/>\n<meta property=\"og:description\" content=\"\u25cf\u00a0Direkt Termal\u00a0bask\u0131 imkan\u0131\u25cf\u00a0Max. 72 mm bask\u0131 geni\u015fli\u011fi\u25cf\u00a0Max.\u00a0300 mm \/saniye bask\u0131 h\u0131z\u0131\u25cf\u00a0RS-232, USB\u00a0ve\u00a0Ethernet\u00a0Port\u00a0se\u00e7enekleri\u25cf\u00a0ESC\/POS\u00a0dil deste\u011fi &nbsp;\u0130\u015flemsel &nbsp;Bask\u0131 metodu Direkt&nbsp;Termal &nbsp;Bask\u0131 h\u0131z\u0131 Max.&nbsp;300 mm\/saniye &nbsp;Toplam Nokta Say\u0131s\u0131 512 Nokta\/Sat\u0131r &nbsp;Bask\u0131 geni\u015fli\u011fi Max. 72 mm &nbsp;Ara Birimler Seri Port, USB ve Ethernet &nbsp;Veri alma belle\u011fi 256 KB &nbsp;Otomatik kesici Var (Tam veya Par\u00e7al\u0131 Kesme) &nbsp;Termal Kafa \u00f6mr\u00fc Max. 100 [&hellip;]\" \/>\n<meta property=\"og:url\" content=\"http:\/\/www.creabarkod.com\/?page_id=253\" \/>\n<meta property=\"og:site_name\" content=\"Crea Barkod\" \/>\n<meta property=\"article:modified_time\" content=\"2019-06-17T11:34:13+00:00\" \/>\n<meta property=\"og:image\" content=\"http:\/\/www.creabarkod.com\/wp-content\/uploads\/2019\/06\/Palmx-ZJ-8330-Masa\u00fcst\u00fc-Fi\u015f_Pos-Yaz\u0131c\u0131-1.jpg\" \/>\n<meta name=\"twitter:card\" content=\"summary_large_image\" \/>\n<meta name=\"twitter:label1\" content=\"Tahmini okuma s\u00fcresi\">\n\t<meta name=\"twitter:data1\" content=\"2 dakika\">\n<script type=\"application\/ld+json\" class=\"yoast-schema-graph\">{\"@context\":\"https:\/\/schema.org\",\"@graph\":[{\"@type\":\"WebSite\",\"@id\":\"http:\/\/www.creabarkod.com\/#website\",\"url\":\"http:\/\/www.creabarkod.com\/\",\"name\":\"Crea Barkod\",\"description\":\"\",\"potentialAction\":[{\"@type\":\"SearchAction\",\"target\":\"http:\/\/www.creabarkod.com\/?s={search_term_string}\",\"query-input\":\"required name=search_term_string\"}],\"inLanguage\":\"tr\"},{\"@type\":\"ImageObject\",\"@id\":\"http:\/\/www.creabarkod.com\/?page_id=253#primaryimage\",\"inLanguage\":\"tr\",\"url\":\"http:\/\/www.creabarkod.com\/wp-content\/uploads\/2019\/06\/Palmx-ZJ-8330-Masa\\u00fcst\\u00fc-Fi\\u015f_Pos-Yaz\\u0131c\\u0131-1.jpg\",\"width\":500,\"height\":500},{\"@type\":\"WebPage\",\"@id\":\"http:\/\/www.creabarkod.com\/?page_id=253#webpage\",\"url\":\"http:\/\/www.creabarkod.com\/?page_id=253\",\"name\":\"Palmx ZJ-8330 Masa\\u00fcst\\u00fc Fi\\u015f\/Pos Yaz\\u0131c\\u0131 - Crea Barkod\",\"isPartOf\":{\"@id\":\"http:\/\/www.creabarkod.com\/#website\"},\"primaryImageOfPage\":{\"@id\":\"http:\/\/www.creabarkod.com\/?page_id=253#primaryimage\"},\"datePublished\":\"2019-06-17T11:34:12+00:00\",\"dateModified\":\"2019-06-17T11:34:13+00:00\",\"inLanguage\":\"tr\",\"potentialAction\":[{\"@type\":\"ReadAction\",\"target\":[\"http:\/\/www.creabarkod.com\/?page_id=253\"]}]}]}<\/script>\n<!-- \/ Yoast SEO plugin. -->","_links":{"self":[{"href":"http:\/\/www.creabarkod.com\/index.php?rest_route=\/wp\/v2\/pages\/253"}],"collection":[{"href":"http:\/\/www.creabarkod.com\/index.php?rest_route=\/wp\/v2\/pages"}],"about":[{"href":"http:\/\/www.creabarkod.com\/index.php?rest_route=\/wp\/v2\/types\/page"}],"author":[{"embeddable":true,"href":"http:\/\/www.creabarkod.com\/index.php?rest_route=\/wp\/v2\/users\/1"}],"replies":[{"embeddable":true,"href":"http:\/\/www.creabarkod.com\/index.php?rest_route=%2Fwp%2Fv2%2Fcomments&post=253"}],"version-history":[{"count":6,"href":"http:\/\/www.creabarkod.com\/index.php?rest_route=\/wp\/v2\/pages\/253\/revisions"}],"predecessor-version":[{"id":266,"href":"http:\/\/www.creabarkod.com\/index.php?rest_route=\/wp\/v2\/pages\/253\/revisions\/266"}],"up":[{"embeddable":true,"href":"http:\/\/www.creabarkod.com\/index.php?rest_route=\/wp\/v2\/pages\/151"}],"wp:attachment":[{"href":"http:\/\/www.creabarkod.com\/index.php?rest_route=%2Fwp%2Fv2%2Fmedia&parent=253"}],"curies":[{"name":"wp","href":"https:\/\/api.w.org\/{rel}","templated":true}]}}