{"id":248,"date":"2019-06-17T11:23:17","date_gmt":"2019-06-17T11:23:17","guid":{"rendered":"http:\/\/www.creabarkod.com\/?page_id=248"},"modified":"2019-06-17T11:46:03","modified_gmt":"2019-06-17T11:46:03","slug":"aclas-pp7-masaustu-fis-pos-yazici","status":"publish","type":"page","link":"http:\/\/www.creabarkod.com\/?page_id=248","title":{"rendered":"AClas PP7 Masa\u00fcst\u00fc Fi\u015f\/Pos Yaz\u0131c\u0131"},"content":{"rendered":"\n<figure class=\"wp-block-image\"><a href=\"http:\/\/www.creabarkod.com\/wp-content\/uploads\/2019\/06\/AClas-PP7-Masa\u00fcst\u00fc-Fi\u015f_Pos-Yaz\u0131c\u0131.jpg\"><img loading=\"lazy\" width=\"300\" height=\"300\" src=\"http:\/\/www.creabarkod.com\/wp-content\/uploads\/2019\/06\/AClas-PP7-Masa\u00fcst\u00fc-Fi\u015f_Pos-Yaz\u0131c\u0131-300x300.jpg\" alt=\"\" class=\"wp-image-249\" srcset=\"http:\/\/www.creabarkod.com\/wp-content\/uploads\/2019\/06\/AClas-PP7-Masa\u00fcst\u00fc-Fi\u015f_Pos-Yaz\u0131c\u0131-300x300.jpg 300w, http:\/\/www.creabarkod.com\/wp-content\/uploads\/2019\/06\/AClas-PP7-Masa\u00fcst\u00fc-Fi\u015f_Pos-Yaz\u0131c\u0131-150x150.jpg 150w, http:\/\/www.creabarkod.com\/wp-content\/uploads\/2019\/06\/AClas-PP7-Masa\u00fcst\u00fc-Fi\u015f_Pos-Yaz\u0131c\u0131.jpg 500w\" sizes=\"(max-width: 300px) 100vw, 300px\" \/><\/a><\/figure>\n\n\n\n<p>\u25cf&nbsp;Direkt Termal&nbsp;bask\u0131 imkan\u0131<br>\u25cf&nbsp;Max. 72 mm bask\u0131 geni\u015fli\u011fi<br>\u25cf&nbsp;Max. 250 mm \/saniye bask\u0131 h\u0131z\u0131<br>\u25cf&nbsp;RS-232, USB, Ethernet Ba\u011flant\u0131<br>\u25cf&nbsp;<strong>ESC\/POS<\/strong>&nbsp;dil deste\u011fi <\/p>\n\n\n\n<table class=\"wp-block-table\"><tbody><tr><td><strong>\u0130\u015flemsel<\/strong><\/td><\/tr><tr><td>&nbsp;Bask\u0131 metodu<\/td><td>Direkt termal<\/td><\/tr><tr><td>&nbsp;Bask\u0131 \u00c7\u00f6z\u00fcn\u00fcrl\u00fc\u011f\u00fc<\/td><td>203 DPI<\/td><\/tr><tr><td>&nbsp;Bask\u0131 h\u0131z\u0131<\/td><td>Max. 250 mm\/saniye<\/td><\/tr><tr><td>&nbsp;Bask\u0131 geni\u015fli\u011fi<\/td><td>Max. 72 mm<\/td><\/tr><tr><td>&nbsp;Arabirim<\/td><td>Standart: USB ve RS-232C<\/td><\/tr><tr><td>Opsiyonel: LPT, Wifi ,Ethernet, Bluetooth Haberle\u015fme<\/td><\/tr><tr><td>&nbsp;Flash Bellek<\/td><td>8 MBit<\/td><\/tr><tr><td>&nbsp;Veri alma belle\u011fi<\/td><td>32 KB<\/td><\/tr><tr><td>&nbsp;Otomatik kesici<\/td><td>Var (500.000 Kesme)<\/td><\/tr><tr><td>&nbsp;Termal Kafa \u00f6mr\u00fc<\/td><td>Max. 100 km (Y\u00fcksek kaliteli termal ka\u011f\u0131t: OJI, Aclas P160R termal ka\u011f\u0131d\u0131 ile)<\/td><\/tr><tr><td><strong>&nbsp;Fiziksel<\/strong><\/td><\/tr><tr><td>&nbsp;Geni\u015flik<\/td><td>196,5 mm<\/td><\/tr><tr><td>&nbsp;Y\u00fckseklik<\/td><td>135 mm<\/td><\/tr><tr><td>&nbsp;Uzunluk<\/td><td>145 mm<\/td><\/tr><tr><td>&nbsp;A\u011f\u0131rl\u0131k<\/td><td>&#8211;<\/td><\/tr><tr><td>&nbsp;Kasa<\/td><td>ABS Plastik<\/td><\/tr><tr><td><strong>&nbsp;Elektriksel<\/strong><\/td><\/tr><tr><td>&nbsp;G\u00fc\u00e7 giri\u015f \u015fekli<\/td><td>Harici elektrik adapt\u00f6r\u00fc<\/td><\/tr><tr><td>&nbsp;G\u00fc\u00e7 kayna\u011f\u0131 (\u00c7\u0131k\u0131\u015f)<\/td><td>24VDC, 2A<\/td><\/tr><tr><td><strong>&nbsp;\u00c7evresel<\/strong><\/td><\/tr><tr><td>&nbsp;\u00c7al\u0131\u015fma ortam\u0131 s\u0131cakl\u0131\u011f\u0131<\/td><td>0 \u00b0C ~ 40 \u00b0C<\/td><\/tr><tr><td>&nbsp;\u00c7al\u0131\u015fma Nem oran\u0131<\/td><td>%5 ~ %90<\/td><\/tr><tr><td><strong>&nbsp;Etiket<\/strong><\/td><\/tr><tr><td>&nbsp;Tip<\/td><td>Termal Ka\u011f\u0131t<\/td><\/tr><tr><td>&nbsp;Geni\u015flik<\/td><td>Max. 79,5&nbsp;\u00b10,4&nbsp;mm<\/td><\/tr><tr><td>&nbsp;Etiket d\u0131\u015f \u00e7ap\u0131<\/td><td>80 mm (En fazla)<\/td><\/tr><tr><td><strong>&nbsp;Yaz\u0131l\u0131msal<\/strong><\/td><\/tr><tr><td>&nbsp;Desteklenen i\u015fletim sistemleri (Driver)<\/td><td>Win 2000, Win XP, Win VISTA, WIN 7 ve Win 8<\/td><\/tr><tr><td>&nbsp;Yaz\u0131m dilleri<\/td><td>ESC\/POS (Epson uyumlu)<\/td><\/tr><tr><td>Desteklenen barkod tipleri<\/td><td>UPC-A, UPC-E, Code 128, EAN 128, JAN-8,JAN-13 (EAN), Interleaved 2 Of 5, Codabar<\/td><\/tr><tr><td><strong>&nbsp;Yaz\u0131 Tipleri<\/strong><\/td><\/tr><tr><td>&nbsp;Karekter Seti<\/td><td>ANK,GB2312,BIG5<\/td><\/tr><tr><td>&nbsp;Karekter Boyutu<\/td><td>Font A:12*24 letters; Font B:24*24 Chinese character<\/td><\/tr><tr><td>&nbsp;Sat\u0131rda karekter say\u0131s\u0131<\/td><td>FontA:48 FontB:24<\/td><\/tr><\/tbody><\/table>\n","protected":false},"excerpt":{"rendered":"<p>\u25cf&nbsp;Direkt Termal&nbsp;bask\u0131 imkan\u0131\u25cf&nbsp;Max. 72 mm bask\u0131 geni\u015fli\u011fi\u25cf&nbsp;Max. 250 mm \/saniye bask\u0131 h\u0131z\u0131\u25cf&nbsp;RS-232, USB, Ethernet Ba\u011flant\u0131\u25cf&nbsp;ESC\/POS&nbsp;dil deste\u011fi \u0130\u015flemsel &nbsp;Bask\u0131 metodu Direkt termal &nbsp;Bask\u0131 \u00c7\u00f6z\u00fcn\u00fcrl\u00fc\u011f\u00fc 203 DPI &nbsp;Bask\u0131 h\u0131z\u0131 Max. 250 mm\/saniye &nbsp;Bask\u0131 geni\u015fli\u011fi Max. 72 mm &nbsp;Arabirim Standart: USB ve RS-232C Opsiyonel: LPT, Wifi ,Ethernet, Bluetooth Haberle\u015fme &nbsp;Flash Bellek 8 MBit &nbsp;Veri alma belle\u011fi 32 KB [&hellip;]<\/p>\n","protected":false},"author":1,"featured_media":0,"parent":151,"menu_order":0,"comment_status":"closed","ping_status":"closed","template":"","meta":[],"yoast_head":"<!-- This site is optimized with the Yoast SEO plugin v15.7 - https:\/\/yoast.com\/wordpress\/plugins\/seo\/ -->\n<title>AClas PP7 Masa\u00fcst\u00fc Fi\u015f\/Pos Yaz\u0131c\u0131 - Crea Barkod<\/title>\n<meta name=\"robots\" content=\"index, follow, max-snippet:-1, max-image-preview:large, max-video-preview:-1\" \/>\n<link rel=\"canonical\" href=\"http:\/\/www.creabarkod.com\/?page_id=248\" \/>\n<meta property=\"og:locale\" content=\"tr_TR\" \/>\n<meta property=\"og:type\" content=\"article\" \/>\n<meta property=\"og:title\" content=\"AClas PP7 Masa\u00fcst\u00fc Fi\u015f\/Pos Yaz\u0131c\u0131 - Crea Barkod\" \/>\n<meta property=\"og:description\" content=\"\u25cf&nbsp;Direkt Termal&nbsp;bask\u0131 imkan\u0131\u25cf&nbsp;Max. 72 mm bask\u0131 geni\u015fli\u011fi\u25cf&nbsp;Max. 250 mm \/saniye bask\u0131 h\u0131z\u0131\u25cf&nbsp;RS-232, USB, Ethernet Ba\u011flant\u0131\u25cf&nbsp;ESC\/POS&nbsp;dil deste\u011fi \u0130\u015flemsel &nbsp;Bask\u0131 metodu Direkt termal &nbsp;Bask\u0131 \u00c7\u00f6z\u00fcn\u00fcrl\u00fc\u011f\u00fc 203 DPI &nbsp;Bask\u0131 h\u0131z\u0131 Max. 250 mm\/saniye &nbsp;Bask\u0131 geni\u015fli\u011fi Max. 72 mm &nbsp;Arabirim Standart: USB ve RS-232C Opsiyonel: LPT, Wifi ,Ethernet, Bluetooth Haberle\u015fme &nbsp;Flash Bellek 8 MBit &nbsp;Veri alma belle\u011fi 32 KB [&hellip;]\" \/>\n<meta property=\"og:url\" content=\"http:\/\/www.creabarkod.com\/?page_id=248\" \/>\n<meta property=\"og:site_name\" content=\"Crea Barkod\" \/>\n<meta property=\"article:modified_time\" content=\"2019-06-17T11:46:03+00:00\" \/>\n<meta property=\"og:image\" content=\"http:\/\/www.creabarkod.com\/wp-content\/uploads\/2019\/06\/AClas-PP7-Masa\u00fcst\u00fc-Fi\u015f_Pos-Yaz\u0131c\u0131-300x300.jpg\" \/>\n<meta name=\"twitter:card\" content=\"summary_large_image\" \/>\n<meta name=\"twitter:label1\" content=\"Tahmini okuma s\u00fcresi\">\n\t<meta name=\"twitter:data1\" content=\"1 dakika\">\n<script type=\"application\/ld+json\" class=\"yoast-schema-graph\">{\"@context\":\"https:\/\/schema.org\",\"@graph\":[{\"@type\":\"WebSite\",\"@id\":\"http:\/\/www.creabarkod.com\/#website\",\"url\":\"http:\/\/www.creabarkod.com\/\",\"name\":\"Crea Barkod\",\"description\":\"\",\"potentialAction\":[{\"@type\":\"SearchAction\",\"target\":\"http:\/\/www.creabarkod.com\/?s={search_term_string}\",\"query-input\":\"required name=search_term_string\"}],\"inLanguage\":\"tr\"},{\"@type\":\"ImageObject\",\"@id\":\"http:\/\/www.creabarkod.com\/?page_id=248#primaryimage\",\"inLanguage\":\"tr\",\"url\":\"http:\/\/www.creabarkod.com\/wp-content\/uploads\/2019\/06\/AClas-PP7-Masa\\u00fcst\\u00fc-Fi\\u015f_Pos-Yaz\\u0131c\\u0131.jpg\",\"width\":500,\"height\":500},{\"@type\":\"WebPage\",\"@id\":\"http:\/\/www.creabarkod.com\/?page_id=248#webpage\",\"url\":\"http:\/\/www.creabarkod.com\/?page_id=248\",\"name\":\"AClas PP7 Masa\\u00fcst\\u00fc Fi\\u015f\/Pos Yaz\\u0131c\\u0131 - Crea Barkod\",\"isPartOf\":{\"@id\":\"http:\/\/www.creabarkod.com\/#website\"},\"primaryImageOfPage\":{\"@id\":\"http:\/\/www.creabarkod.com\/?page_id=248#primaryimage\"},\"datePublished\":\"2019-06-17T11:23:17+00:00\",\"dateModified\":\"2019-06-17T11:46:03+00:00\",\"inLanguage\":\"tr\",\"potentialAction\":[{\"@type\":\"ReadAction\",\"target\":[\"http:\/\/www.creabarkod.com\/?page_id=248\"]}]}]}<\/script>\n<!-- \/ Yoast SEO plugin. -->","_links":{"self":[{"href":"http:\/\/www.creabarkod.com\/index.php?rest_route=\/wp\/v2\/pages\/248"}],"collection":[{"href":"http:\/\/www.creabarkod.com\/index.php?rest_route=\/wp\/v2\/pages"}],"about":[{"href":"http:\/\/www.creabarkod.com\/index.php?rest_route=\/wp\/v2\/types\/page"}],"author":[{"embeddable":true,"href":"http:\/\/www.creabarkod.com\/index.php?rest_route=\/wp\/v2\/users\/1"}],"replies":[{"embeddable":true,"href":"http:\/\/www.creabarkod.com\/index.php?rest_route=%2Fwp%2Fv2%2Fcomments&post=248"}],"version-history":[{"count":2,"href":"http:\/\/www.creabarkod.com\/index.php?rest_route=\/wp\/v2\/pages\/248\/revisions"}],"predecessor-version":[{"id":251,"href":"http:\/\/www.creabarkod.com\/index.php?rest_route=\/wp\/v2\/pages\/248\/revisions\/251"}],"up":[{"embeddable":true,"href":"http:\/\/www.creabarkod.com\/index.php?rest_route=\/wp\/v2\/pages\/151"}],"wp:attachment":[{"href":"http:\/\/www.creabarkod.com\/index.php?rest_route=%2Fwp%2Fv2%2Fmedia&parent=248"}],"curies":[{"name":"wp","href":"https:\/\/api.w.org\/{rel}","templated":true}]}}