{"id":136,"date":"2019-02-11T18:15:53","date_gmt":"2019-02-11T18:15:53","guid":{"rendered":"http:\/\/www.creabarkod.com\/?page_id=136"},"modified":"2019-02-22T10:25:58","modified_gmt":"2019-02-22T10:25:58","slug":"wax-resin-ribonlar","status":"publish","type":"page","link":"http:\/\/www.creabarkod.com\/?page_id=136","title":{"rendered":"Wax Resin Ribonlar"},"content":{"rendered":"\n<div class=\"wp-block-image\"><figure class=\"aligncenter\"><img loading=\"lazy\" width=\"1024\" height=\"202\" src=\"http:\/\/www.creabarkod.com\/wp-content\/uploads\/2019\/02\/Crea_Ribon_Kesim_Makinesi-1024x202.png\" alt=\"Crea_Ribon_Kesim_Makinesi\" class=\"wp-image-116\" srcset=\"http:\/\/www.creabarkod.com\/wp-content\/uploads\/2019\/02\/Crea_Ribon_Kesim_Makinesi-1024x202.png 1024w, http:\/\/www.creabarkod.com\/wp-content\/uploads\/2019\/02\/Crea_Ribon_Kesim_Makinesi-300x59.png 300w, http:\/\/www.creabarkod.com\/wp-content\/uploads\/2019\/02\/Crea_Ribon_Kesim_Makinesi-768x151.png 768w, http:\/\/www.creabarkod.com\/wp-content\/uploads\/2019\/02\/Crea_Ribon_Kesim_Makinesi.png 1050w\" sizes=\"(max-width: 1024px) 100vw, 1024px\" \/><\/figure><\/div>\n\n\n\n<div class=\"wp-block-image\"><figure class=\"alignleft\"><img loading=\"lazy\" width=\"500\" height=\"500\" src=\"http:\/\/www.creabarkod.com\/wp-content\/uploads\/2019\/02\/Crea_Wax_Resin_Ribon_.png\" alt=\"Wax Resin Ribon\" class=\"wp-image-117\" srcset=\"http:\/\/www.creabarkod.com\/wp-content\/uploads\/2019\/02\/Crea_Wax_Resin_Ribon_.png 500w, http:\/\/www.creabarkod.com\/wp-content\/uploads\/2019\/02\/Crea_Wax_Resin_Ribon_-150x150.png 150w, http:\/\/www.creabarkod.com\/wp-content\/uploads\/2019\/02\/Crea_Wax_Resin_Ribon_-300x300.png 300w\" sizes=\"(max-width: 500px) 100vw, 500px\" \/><\/figure><\/div>\n\n\n\n<h3>Wax Resin Ribon <\/h3>\n\n\n\n<p>Wax Resin Ribon (Wax Resin Ribbon), wax ribon&#8217;a g\u00f6re daha diren\u00e7li ve kaliteli bask\u0131 veren ribon t\u00fcr\u00fcd\u00fcr.&nbsp;<br>Fiyat\u0131 wax ribon&#8217;a g\u00f6re biraz daha pahal\u0131 resin ribon&#8217;a g\u00f6re daha ucuzdur.<br>Flat-Head ve Near-Edge yaz\u0131c\u0131lara uygun olarak \u00fcretilirler.<\/p>\n\n\n\n<h3>\u00dcr\u00fcn Detaylar\u0131<\/h3>\n\n\n\n<ul><li><strong>Boyut:<\/strong>&nbsp;\u0130stenilen \u00f6l\u00e7\u00fclerde<\/li><li><strong>Kalite:<\/strong>&nbsp;Standard Wax Resin, Super Wax Resin<\/li><li><strong>Uygulama Y\u00fczeyleri:<\/strong>&nbsp;Vellum, Ku\u015fe, Karton etiket, PP, PE.<\/li><li><strong>Bask\u0131 Kafas\u0131 Uyumu:<\/strong>&nbsp;Flat-Head, Near-Edge<\/li><\/ul>\n\n\n<div class=\"foogallery foogallery-container foogallery-masonry foogallery-lightbox-none fg-center fg-masonry fg-light fg-border-thick fg-round-large fg-shadow-large fg-hover-grayscale fg-hover-scale fg-hover-fade fg-ready\" id=\"foogallery-gallery-155\" data-foogallery=\"{&quot;item&quot;:{&quot;showCaptionTitle&quot;:false,&quot;showCaptionDescription&quot;:false},&quot;lazy&quot;:true,&quot;src&quot;:&quot;data-src-fg&quot;,&quot;srcset&quot;:&quot;data-srcset-fg&quot;,&quot;template&quot;:{&quot;layout&quot;:&quot;fixed&quot;,&quot;columnWidth&quot;:150,&quot;gutter&quot;:10}}\" data-fg-common-fields=\"1\" >\r\n\t<div class=\"fg-item\"><figure class=\"fg-item-inner\"><a data-caption-title=\"Crea Barkod\" data-caption-desc=\"Crea Barkod\" data-attachment-id=\"4\" class=\"fg-thumb\"><span class=\"fg-image-wrap\"><img alt=\"Crea Barkod\" title=\"Crea Barkod\" width=\"150\" height=\"77\" data-src-fg=\"http:\/\/www.creabarkod.com\/wp-content\/uploads\/cache\/2019\/02\/crea_marka_r\/965856932.png\" class=\"fg-image\" \/><\/span><\/a><figcaption class=\"fg-caption\"><div class=\"fg-caption-inner\"><\/div><\/figcaption><\/figure><div class=\"fg-loader\"><\/div><\/div><\/div>","protected":false},"excerpt":{"rendered":"<p>Wax Resin Ribon Wax Resin Ribon (Wax Resin Ribbon), wax ribon&#8217;a g\u00f6re daha diren\u00e7li ve kaliteli bask\u0131 veren ribon t\u00fcr\u00fcd\u00fcr.&nbsp;Fiyat\u0131 wax ribon&#8217;a g\u00f6re biraz daha pahal\u0131 resin ribon&#8217;a g\u00f6re daha ucuzdur.Flat-Head ve Near-Edge yaz\u0131c\u0131lara uygun olarak \u00fcretilirler. \u00dcr\u00fcn Detaylar\u0131 Boyut:&nbsp;\u0130stenilen \u00f6l\u00e7\u00fclerde Kalite:&nbsp;Standard Wax Resin, Super Wax Resin Uygulama Y\u00fczeyleri:&nbsp;Vellum, Ku\u015fe, Karton etiket, PP, PE. Bask\u0131 [&hellip;]<\/p>\n","protected":false},"author":1,"featured_media":0,"parent":9,"menu_order":0,"comment_status":"closed","ping_status":"closed","template":"","meta":[],"yoast_head":"<!-- This site is optimized with the Yoast SEO plugin v15.7 - https:\/\/yoast.com\/wordpress\/plugins\/seo\/ -->\n<title>Crea Barkod - Wax Resin Ribonlar - T\u00fcm \u00d6l\u00e7\u00fcler- Haz\u0131r Stok - Uygun Fiyat<\/title>\n<meta name=\"description\" content=\"Wax Resin Ribon - T\u00fcm \u00d6l\u00e7\u00fclerde - Haz\u0131r Stok - Uygun Fiyat - H\u0131zl\u0131 Teslimat - 110 x 300 Wax Resin - 110 x 74 Wax Resin - 110 x 91 Wax Resin - \u00d6zel \u00d6l\u00e7\u00fc\" \/>\n<meta name=\"robots\" content=\"index, follow, max-snippet:-1, max-image-preview:large, max-video-preview:-1\" \/>\n<link rel=\"canonical\" href=\"http:\/\/www.creabarkod.com\/?page_id=136\" \/>\n<meta property=\"og:locale\" content=\"tr_TR\" \/>\n<meta property=\"og:type\" content=\"article\" \/>\n<meta property=\"og:title\" content=\"Crea Barkod - Wax Resin Ribonlar - T\u00fcm \u00d6l\u00e7\u00fcler- Haz\u0131r Stok - Uygun Fiyat\" \/>\n<meta property=\"og:description\" content=\"Wax Resin Ribon - T\u00fcm \u00d6l\u00e7\u00fclerde - Haz\u0131r Stok - Uygun Fiyat - H\u0131zl\u0131 Teslimat - 110 x 300 Wax Resin - 110 x 74 Wax Resin - 110 x 91 Wax Resin - \u00d6zel \u00d6l\u00e7\u00fc\" \/>\n<meta property=\"og:url\" content=\"http:\/\/www.creabarkod.com\/?page_id=136\" \/>\n<meta property=\"og:site_name\" content=\"Crea Barkod\" \/>\n<meta property=\"article:modified_time\" content=\"2019-02-22T10:25:58+00:00\" \/>\n<meta property=\"og:image\" content=\"http:\/\/www.creabarkod.com\/wp-content\/uploads\/2019\/02\/Crea_Ribon_Kesim_Makinesi-1024x202.png\" \/>\n<meta name=\"twitter:card\" content=\"summary_large_image\" \/>\n<script type=\"application\/ld+json\" class=\"yoast-schema-graph\">{\"@context\":\"https:\/\/schema.org\",\"@graph\":[{\"@type\":\"WebSite\",\"@id\":\"http:\/\/www.creabarkod.com\/#website\",\"url\":\"http:\/\/www.creabarkod.com\/\",\"name\":\"Crea Barkod\",\"description\":\"\",\"potentialAction\":[{\"@type\":\"SearchAction\",\"target\":\"http:\/\/www.creabarkod.com\/?s={search_term_string}\",\"query-input\":\"required name=search_term_string\"}],\"inLanguage\":\"tr\"},{\"@type\":\"ImageObject\",\"@id\":\"http:\/\/www.creabarkod.com\/?page_id=136#primaryimage\",\"inLanguage\":\"tr\",\"url\":\"http:\/\/www.creabarkod.com\/wp-content\/uploads\/2019\/02\/Crea_Ribon_Kesim_Makinesi.png\",\"width\":1050,\"height\":207,\"caption\":\"Crea_Ribon_Kesim_Makinesi\"},{\"@type\":\"WebPage\",\"@id\":\"http:\/\/www.creabarkod.com\/?page_id=136#webpage\",\"url\":\"http:\/\/www.creabarkod.com\/?page_id=136\",\"name\":\"Crea Barkod - Wax Resin Ribonlar - T\\u00fcm \\u00d6l\\u00e7\\u00fcler- Haz\\u0131r Stok - Uygun Fiyat\",\"isPartOf\":{\"@id\":\"http:\/\/www.creabarkod.com\/#website\"},\"primaryImageOfPage\":{\"@id\":\"http:\/\/www.creabarkod.com\/?page_id=136#primaryimage\"},\"datePublished\":\"2019-02-11T18:15:53+00:00\",\"dateModified\":\"2019-02-22T10:25:58+00:00\",\"description\":\"Wax Resin Ribon - T\\u00fcm \\u00d6l\\u00e7\\u00fclerde - Haz\\u0131r Stok - Uygun Fiyat - H\\u0131zl\\u0131 Teslimat - 110 x 300 Wax Resin - 110 x 74 Wax Resin - 110 x 91 Wax Resin - \\u00d6zel \\u00d6l\\u00e7\\u00fc\",\"inLanguage\":\"tr\",\"potentialAction\":[{\"@type\":\"ReadAction\",\"target\":[\"http:\/\/www.creabarkod.com\/?page_id=136\"]}]}]}<\/script>\n<!-- \/ Yoast SEO plugin. -->","_links":{"self":[{"href":"http:\/\/www.creabarkod.com\/index.php?rest_route=\/wp\/v2\/pages\/136"}],"collection":[{"href":"http:\/\/www.creabarkod.com\/index.php?rest_route=\/wp\/v2\/pages"}],"about":[{"href":"http:\/\/www.creabarkod.com\/index.php?rest_route=\/wp\/v2\/types\/page"}],"author":[{"embeddable":true,"href":"http:\/\/www.creabarkod.com\/index.php?rest_route=\/wp\/v2\/users\/1"}],"replies":[{"embeddable":true,"href":"http:\/\/www.creabarkod.com\/index.php?rest_route=%2Fwp%2Fv2%2Fcomments&post=136"}],"version-history":[{"count":6,"href":"http:\/\/www.creabarkod.com\/index.php?rest_route=\/wp\/v2\/pages\/136\/revisions"}],"predecessor-version":[{"id":209,"href":"http:\/\/www.creabarkod.com\/index.php?rest_route=\/wp\/v2\/pages\/136\/revisions\/209"}],"up":[{"embeddable":true,"href":"http:\/\/www.creabarkod.com\/index.php?rest_route=\/wp\/v2\/pages\/9"}],"wp:attachment":[{"href":"http:\/\/www.creabarkod.com\/index.php?rest_route=%2Fwp%2Fv2%2Fmedia&parent=136"}],"curies":[{"name":"wp","href":"https:\/\/api.w.org\/{rel}","templated":true}]}}