{"id":128,"date":"2019-02-11T18:14:14","date_gmt":"2019-02-11T18:14:14","guid":{"rendered":"http:\/\/www.creabarkod.com\/?page_id=128"},"modified":"2019-02-22T11:34:01","modified_gmt":"2019-02-22T11:34:01","slug":"sola-sarim-ribonlar","status":"publish","type":"page","link":"http:\/\/www.creabarkod.com\/?page_id=128","title":{"rendered":"Sola Sar\u0131m Ribonlar"},"content":{"rendered":"\n<figure class=\"wp-block-image\"><img loading=\"lazy\" width=\"500\" height=\"500\" src=\"http:\/\/www.creabarkod.com\/wp-content\/uploads\/2019\/02\/ribon_sola_sarim_.png\" alt=\"Sola Sar\u0131m Ribon\" class=\"wp-image-121\" srcset=\"http:\/\/www.creabarkod.com\/wp-content\/uploads\/2019\/02\/ribon_sola_sarim_.png 500w, http:\/\/www.creabarkod.com\/wp-content\/uploads\/2019\/02\/ribon_sola_sarim_-150x150.png 150w, http:\/\/www.creabarkod.com\/wp-content\/uploads\/2019\/02\/ribon_sola_sarim_-300x300.png 300w\" sizes=\"(max-width: 500px) 100vw, 500px\" \/><\/figure>\n\n\n\n<p>Diledi\u011finiz \u00f6zellikte (Wax &#8211; Wax Resin &#8211; Resin &#8211; D110A) ribonlar sola sar\u0131m olarak \u00fcretilmektedir. <\/p>\n\n\n\n<p><strong>WhatsApp&nbsp;ile&nbsp;<a href=\"https:\/\/wa.me\/+905362919091\">S\u0130PAR\u0130\u015e&nbsp;<\/a>verin&nbsp;veya&nbsp;<a href=\"https:\/\/wa.me\/+905362919091\">B\u0130LG\u0130 <\/a>al\u0131n<\/strong><\/p>\n\n\n<div class=\"foogallery foogallery-container foogallery-masonry foogallery-lightbox-none fg-center fg-masonry fg-light fg-border-thick fg-round-large fg-shadow-large fg-hover-grayscale fg-hover-scale fg-hover-fade fg-ready\" id=\"foogallery-gallery-155\" data-foogallery=\"{&quot;item&quot;:{&quot;showCaptionTitle&quot;:false,&quot;showCaptionDescription&quot;:false},&quot;lazy&quot;:true,&quot;src&quot;:&quot;data-src-fg&quot;,&quot;srcset&quot;:&quot;data-srcset-fg&quot;,&quot;template&quot;:{&quot;layout&quot;:&quot;fixed&quot;,&quot;columnWidth&quot;:150,&quot;gutter&quot;:10}}\" data-fg-common-fields=\"1\" >\r\n\t<div class=\"fg-item\"><figure class=\"fg-item-inner\"><a data-caption-title=\"Crea Barkod\" data-caption-desc=\"Crea Barkod\" data-attachment-id=\"4\" class=\"fg-thumb\"><span class=\"fg-image-wrap\"><img alt=\"Crea Barkod\" title=\"Crea Barkod\" width=\"150\" height=\"77\" data-src-fg=\"http:\/\/www.creabarkod.com\/wp-content\/uploads\/cache\/2019\/02\/crea_marka_r\/965856932.png\" class=\"fg-image\" \/><\/span><\/a><figcaption class=\"fg-caption\"><div class=\"fg-caption-inner\"><\/div><\/figcaption><\/figure><div class=\"fg-loader\"><\/div><\/div><\/div>","protected":false},"excerpt":{"rendered":"<p>Diledi\u011finiz \u00f6zellikte (Wax &#8211; Wax Resin &#8211; Resin &#8211; D110A) ribonlar sola sar\u0131m olarak \u00fcretilmektedir. WhatsApp&nbsp;ile&nbsp;S\u0130PAR\u0130\u015e&nbsp;verin&nbsp;veya&nbsp;B\u0130LG\u0130 al\u0131n<\/p>\n","protected":false},"author":1,"featured_media":0,"parent":9,"menu_order":0,"comment_status":"closed","ping_status":"closed","template":"","meta":[],"yoast_head":"<!-- This site is optimized with the Yoast SEO plugin v15.7 - https:\/\/yoast.com\/wordpress\/plugins\/seo\/ -->\n<title>Crea Barkod - Sola Sar\u0131m Ribonlar - Uygun Fiyat - H\u0131zl\u0131 Teslimat<\/title>\n<meta name=\"description\" content=\"Diledi\u011finiz \u00f6zellikte (Wax \u2013 Wax Resin \u2013 Resin \u2013 D110A) ribonlar sola sar\u0131m olarak \u00fcretilmektedir. Teklif al\u0131n: 0212 555 11 65\" \/>\n<meta name=\"robots\" content=\"index, follow, max-snippet:-1, max-image-preview:large, max-video-preview:-1\" \/>\n<link rel=\"canonical\" href=\"http:\/\/www.creabarkod.com\/?page_id=128\" \/>\n<meta property=\"og:locale\" content=\"tr_TR\" \/>\n<meta property=\"og:type\" content=\"article\" \/>\n<meta property=\"og:title\" content=\"Crea Barkod - Sola Sar\u0131m Ribonlar - Uygun Fiyat - H\u0131zl\u0131 Teslimat\" \/>\n<meta property=\"og:description\" content=\"Diledi\u011finiz \u00f6zellikte (Wax \u2013 Wax Resin \u2013 Resin \u2013 D110A) ribonlar sola sar\u0131m olarak \u00fcretilmektedir. Teklif al\u0131n: 0212 555 11 65\" \/>\n<meta property=\"og:url\" content=\"http:\/\/www.creabarkod.com\/?page_id=128\" \/>\n<meta property=\"og:site_name\" content=\"Crea Barkod\" \/>\n<meta property=\"article:modified_time\" content=\"2019-02-22T11:34:01+00:00\" \/>\n<meta property=\"og:image\" content=\"http:\/\/www.creabarkod.com\/wp-content\/uploads\/2019\/02\/ribon_sola_sarim_.png\" \/>\n<meta name=\"twitter:card\" content=\"summary_large_image\" \/>\n<script type=\"application\/ld+json\" class=\"yoast-schema-graph\">{\"@context\":\"https:\/\/schema.org\",\"@graph\":[{\"@type\":\"WebSite\",\"@id\":\"http:\/\/www.creabarkod.com\/#website\",\"url\":\"http:\/\/www.creabarkod.com\/\",\"name\":\"Crea Barkod\",\"description\":\"\",\"potentialAction\":[{\"@type\":\"SearchAction\",\"target\":\"http:\/\/www.creabarkod.com\/?s={search_term_string}\",\"query-input\":\"required name=search_term_string\"}],\"inLanguage\":\"tr\"},{\"@type\":\"ImageObject\",\"@id\":\"http:\/\/www.creabarkod.com\/?page_id=128#primaryimage\",\"inLanguage\":\"tr\",\"url\":\"http:\/\/www.creabarkod.com\/wp-content\/uploads\/2019\/02\/ribon_sola_sarim_.png\",\"width\":500,\"height\":500,\"caption\":\"Sola Sar\\u0131m Ribon\"},{\"@type\":\"WebPage\",\"@id\":\"http:\/\/www.creabarkod.com\/?page_id=128#webpage\",\"url\":\"http:\/\/www.creabarkod.com\/?page_id=128\",\"name\":\"Crea Barkod - Sola Sar\\u0131m Ribonlar - Uygun Fiyat - H\\u0131zl\\u0131 Teslimat\",\"isPartOf\":{\"@id\":\"http:\/\/www.creabarkod.com\/#website\"},\"primaryImageOfPage\":{\"@id\":\"http:\/\/www.creabarkod.com\/?page_id=128#primaryimage\"},\"datePublished\":\"2019-02-11T18:14:14+00:00\",\"dateModified\":\"2019-02-22T11:34:01+00:00\",\"description\":\"Diledi\\u011finiz \\u00f6zellikte (Wax \\u2013 Wax Resin \\u2013 Resin \\u2013 D110A) ribonlar sola sar\\u0131m olarak \\u00fcretilmektedir. Teklif al\\u0131n: 0212 555 11 65\",\"inLanguage\":\"tr\",\"potentialAction\":[{\"@type\":\"ReadAction\",\"target\":[\"http:\/\/www.creabarkod.com\/?page_id=128\"]}]}]}<\/script>\n<!-- \/ Yoast SEO plugin. -->","_links":{"self":[{"href":"http:\/\/www.creabarkod.com\/index.php?rest_route=\/wp\/v2\/pages\/128"}],"collection":[{"href":"http:\/\/www.creabarkod.com\/index.php?rest_route=\/wp\/v2\/pages"}],"about":[{"href":"http:\/\/www.creabarkod.com\/index.php?rest_route=\/wp\/v2\/types\/page"}],"author":[{"embeddable":true,"href":"http:\/\/www.creabarkod.com\/index.php?rest_route=\/wp\/v2\/users\/1"}],"replies":[{"embeddable":true,"href":"http:\/\/www.creabarkod.com\/index.php?rest_route=%2Fwp%2Fv2%2Fcomments&post=128"}],"version-history":[{"count":5,"href":"http:\/\/www.creabarkod.com\/index.php?rest_route=\/wp\/v2\/pages\/128\/revisions"}],"predecessor-version":[{"id":232,"href":"http:\/\/www.creabarkod.com\/index.php?rest_route=\/wp\/v2\/pages\/128\/revisions\/232"}],"up":[{"embeddable":true,"href":"http:\/\/www.creabarkod.com\/index.php?rest_route=\/wp\/v2\/pages\/9"}],"wp:attachment":[{"href":"http:\/\/www.creabarkod.com\/index.php?rest_route=%2Fwp%2Fv2%2Fmedia&parent=128"}],"curies":[{"name":"wp","href":"https:\/\/api.w.org\/{rel}","templated":true}]}}