{"id":1219,"date":"2019-06-21T12:58:02","date_gmt":"2019-06-21T12:58:02","guid":{"rendered":"http:\/\/www.creabarkod.com\/?page_id=1219"},"modified":"2019-06-21T13:12:18","modified_gmt":"2019-06-21T13:12:18","slug":"sunlux-xl-3955-kablolu-karekod-okuyucu","status":"publish","type":"page","link":"http:\/\/www.creabarkod.com\/?page_id=1219","title":{"rendered":"Sunlux XL-3955 Kablolu Karekod Okuyucu"},"content":{"rendered":"\n<ul class=\"wp-block-gallery columns-5 is-cropped\"><li class=\"blocks-gallery-item\"><figure><a href=\"http:\/\/www.creabarkod.com\/wp-content\/uploads\/2019\/06\/Sunlux-XL-3955-Kablolu-Karekod-Okuyucu-1-1.jpg\"><img loading=\"lazy\" width=\"500\" height=\"500\" src=\"http:\/\/www.creabarkod.com\/wp-content\/uploads\/2019\/06\/Sunlux-XL-3955-Kablolu-Karekod-Okuyucu-1-1.jpg\" alt=\"Sunlux XL-3955 Kablolu Karekod Okuyucu\" data-id=\"1220\" data-link=\"http:\/\/www.creabarkod.com\/?attachment_id=1220\" class=\"wp-image-1220\" srcset=\"http:\/\/www.creabarkod.com\/wp-content\/uploads\/2019\/06\/Sunlux-XL-3955-Kablolu-Karekod-Okuyucu-1-1.jpg 500w, http:\/\/www.creabarkod.com\/wp-content\/uploads\/2019\/06\/Sunlux-XL-3955-Kablolu-Karekod-Okuyucu-1-1-150x150.jpg 150w, http:\/\/www.creabarkod.com\/wp-content\/uploads\/2019\/06\/Sunlux-XL-3955-Kablolu-Karekod-Okuyucu-1-1-300x300.jpg 300w\" sizes=\"(max-width: 500px) 100vw, 500px\" \/><\/a><\/figure><\/li><li class=\"blocks-gallery-item\"><figure><a href=\"http:\/\/www.creabarkod.com\/wp-content\/uploads\/2019\/06\/Sunlux-XL-3955-Kablolu-Karekod-Okuyucu-2.jpg\"><img loading=\"lazy\" width=\"500\" height=\"500\" src=\"http:\/\/www.creabarkod.com\/wp-content\/uploads\/2019\/06\/Sunlux-XL-3955-Kablolu-Karekod-Okuyucu-2.jpg\" alt=\"Sunlux XL-3955 Kablolu Karekod Okuyucu\" data-id=\"1221\" data-link=\"http:\/\/www.creabarkod.com\/?attachment_id=1221\" class=\"wp-image-1221\" srcset=\"http:\/\/www.creabarkod.com\/wp-content\/uploads\/2019\/06\/Sunlux-XL-3955-Kablolu-Karekod-Okuyucu-2.jpg 500w, http:\/\/www.creabarkod.com\/wp-content\/uploads\/2019\/06\/Sunlux-XL-3955-Kablolu-Karekod-Okuyucu-2-150x150.jpg 150w, http:\/\/www.creabarkod.com\/wp-content\/uploads\/2019\/06\/Sunlux-XL-3955-Kablolu-Karekod-Okuyucu-2-300x300.jpg 300w\" sizes=\"(max-width: 500px) 100vw, 500px\" \/><\/a><\/figure><\/li><li class=\"blocks-gallery-item\"><figure><a href=\"http:\/\/www.creabarkod.com\/wp-content\/uploads\/2019\/06\/Sunlux-XL-3955-Kablolu-Karekod-Okuyucu-3.jpg\"><img loading=\"lazy\" width=\"500\" height=\"500\" src=\"http:\/\/www.creabarkod.com\/wp-content\/uploads\/2019\/06\/Sunlux-XL-3955-Kablolu-Karekod-Okuyucu-3.jpg\" alt=\"Sunlux XL-3955 Kablolu Karekod Okuyucu\" data-id=\"1222\" data-link=\"http:\/\/www.creabarkod.com\/?attachment_id=1222\" class=\"wp-image-1222\" srcset=\"http:\/\/www.creabarkod.com\/wp-content\/uploads\/2019\/06\/Sunlux-XL-3955-Kablolu-Karekod-Okuyucu-3.jpg 500w, http:\/\/www.creabarkod.com\/wp-content\/uploads\/2019\/06\/Sunlux-XL-3955-Kablolu-Karekod-Okuyucu-3-150x150.jpg 150w, http:\/\/www.creabarkod.com\/wp-content\/uploads\/2019\/06\/Sunlux-XL-3955-Kablolu-Karekod-Okuyucu-3-300x300.jpg 300w\" sizes=\"(max-width: 500px) 100vw, 500px\" \/><\/a><\/figure><\/li><li class=\"blocks-gallery-item\"><figure><a href=\"http:\/\/www.creabarkod.com\/wp-content\/uploads\/2019\/06\/Sunlux-XL-3955-Kablolu-Karekod-Okuyucu-4.jpg\"><img loading=\"lazy\" width=\"500\" height=\"500\" src=\"http:\/\/www.creabarkod.com\/wp-content\/uploads\/2019\/06\/Sunlux-XL-3955-Kablolu-Karekod-Okuyucu-4.jpg\" alt=\"Sunlux XL-3955 Kablolu Karekod Okuyucu\" data-id=\"1223\" data-link=\"http:\/\/www.creabarkod.com\/?attachment_id=1223\" class=\"wp-image-1223\" srcset=\"http:\/\/www.creabarkod.com\/wp-content\/uploads\/2019\/06\/Sunlux-XL-3955-Kablolu-Karekod-Okuyucu-4.jpg 500w, http:\/\/www.creabarkod.com\/wp-content\/uploads\/2019\/06\/Sunlux-XL-3955-Kablolu-Karekod-Okuyucu-4-150x150.jpg 150w, http:\/\/www.creabarkod.com\/wp-content\/uploads\/2019\/06\/Sunlux-XL-3955-Kablolu-Karekod-Okuyucu-4-300x300.jpg 300w\" sizes=\"(max-width: 500px) 100vw, 500px\" \/><\/a><\/figure><\/li><li class=\"blocks-gallery-item\"><figure><a href=\"http:\/\/www.creabarkod.com\/wp-content\/uploads\/2019\/06\/Sunlux-XL-3955-Kablolu-Karekod-Okuyucu-5.jpg\"><img loading=\"lazy\" width=\"500\" height=\"500\" src=\"http:\/\/www.creabarkod.com\/wp-content\/uploads\/2019\/06\/Sunlux-XL-3955-Kablolu-Karekod-Okuyucu-5.jpg\" alt=\"Sunlux XL-3955 Kablolu Karekod Okuyucu\" data-id=\"1224\" data-link=\"http:\/\/www.creabarkod.com\/?attachment_id=1224\" class=\"wp-image-1224\" srcset=\"http:\/\/www.creabarkod.com\/wp-content\/uploads\/2019\/06\/Sunlux-XL-3955-Kablolu-Karekod-Okuyucu-5.jpg 500w, http:\/\/www.creabarkod.com\/wp-content\/uploads\/2019\/06\/Sunlux-XL-3955-Kablolu-Karekod-Okuyucu-5-150x150.jpg 150w, http:\/\/www.creabarkod.com\/wp-content\/uploads\/2019\/06\/Sunlux-XL-3955-Kablolu-Karekod-Okuyucu-5-300x300.jpg 300w\" sizes=\"(max-width: 500px) 100vw, 500px\" \/><\/a><\/figure><\/li><\/ul>\n\n\n\n<p>\u25cf Kablolu Karekod Barkod Okuyucu<br>\u25cf Ergonomik, H\u0131zl\u0131 ve \u015e\u0131k tasar\u0131m<br>\u25cf 640 X 480 Piksel CMOS Sens\u00f6r<br>\u25cf 1D:(3 mil) ve 2D (6,8 Mil) \u00e7\u00f6z\u00fcn\u00fcrl\u00fck<br>\u25cf 1D Barkodlarda 50 ~ 300 mm okuma mesafesi<br>\u25cf Inverse Barkodlar\u0131 da Okuyabilme<br>\u25cf USB Ba\u011flant\u0131 <\/p>\n\n\n\n<table class=\"wp-block-table\"><tbody><tr><td><strong>&nbsp;Performans<\/strong><\/td><\/tr><tr><td>&nbsp;Image Sensor<\/td><td>&nbsp;CMOS<\/td><\/tr><tr><td>&nbsp;\u00c7\u00f6z\u00fcn\u00fcrl\u00fck<\/td><td>&nbsp;640 X 480 Piksel<\/td><\/tr><tr><td>&nbsp;I\u015f\u0131k Kayna\u011f\u0131<\/td><td>&nbsp;625 nm \u00b1 (10 nm) K\u0131rm\u0131z\u0131 LED<\/td><\/tr><tr><td>&nbsp;Minumum Bar Geni\u015fli\u011fi<\/td><td>&nbsp;1D: Min: 5 Mil (EAN-13)<\/td><\/tr><tr><td>&nbsp;2D: Min:6.8 Mil (QrCode)<\/td><\/tr><tr><td>&nbsp;Tarama Mesafesi<\/td><td>&nbsp;50 &#8211; 300 mm (UPC-A, 13 mil)<\/td><\/tr><tr><td>&nbsp;25 &#8211; 280 mm (QR Code, 20mil)<\/td><\/tr><tr><td>&nbsp;D\u00f6n\u00fc\u015f Hassasiyeti<\/td><td>&nbsp;Roll: 360\u00b0 Pitch ve 0\u00b0 E\u011fim<\/td><\/tr><tr><td>&nbsp;Skew: \u00b150\u00b0 Roll ve 0\u00b0 Pitch<\/td><\/tr><tr><td>&nbsp;Pitch: \u00b150\u00b0 Roll ve 0\u00b0 E\u011fim<\/td><\/tr><tr><td>&nbsp;Yazd\u0131rma Kar\u015f\u0131tl\u0131\u011f\u0131<\/td><td>&nbsp;Min: %30<\/td><\/tr><tr><td>&nbsp;G\u00f6stergeler<\/td><td>&nbsp;Ses ve LED<\/td><\/tr><tr><td>&nbsp;Tarama Mdou<\/td><td>&nbsp;Manual<\/td><\/tr><tr><td>&nbsp;Desteklenen Arabirimleri<\/td><td>&nbsp;USB-HID, USB COM, USB POS, USB Datapipe veya RS232<\/td><\/tr><tr><td><strong>&nbsp;Fiziksel<\/strong><\/td><td>&nbsp;<\/td><\/tr><tr><td>&nbsp;Y\u00fckseklik<\/td><td>&nbsp;98 mm<\/td><\/tr><tr><td>&nbsp;Uzunluk<\/td><td>&nbsp;170 mm<\/td><\/tr><tr><td>&nbsp;Geni\u015flik<\/td><td>&nbsp;68 mm<\/td><\/tr><tr><td>&nbsp;A\u011f\u0131rl\u0131k<\/td><td>&nbsp;228 gr<\/td><\/tr><tr><td>&nbsp;Kasa malzemesi<\/td><td>&nbsp;ABS Plastik<\/td><\/tr><tr><td>&nbsp;Kablo<\/td><td>&nbsp;Standart 2 metre d\u00fcz kablo<\/td><\/tr><tr><td><strong>&nbsp;Elektriksel<\/strong><\/td><td>&nbsp;<\/td><\/tr><tr><td>&nbsp;Giri\u015f Voltaj\u0131<\/td><td>DC 3.3 \u00b1 0.3V<\/td><\/tr><tr><td>&nbsp;Ak\u0131m De\u011ferleri<\/td><td>\u00c7al\u0131\u015fma Modunda: 133 mA<\/td><\/tr><tr><td>Bekleme Modunda: 99 mA<\/td><\/tr><tr><td>Uyku Modunda: 33 mA<\/td><\/tr><tr><td>&nbsp;G\u00fc\u00e7 T\u00fcketimi<\/td><td>2 W<\/td><\/tr><tr><td><strong>&nbsp;\u00c7evresel<\/strong><\/td><td>&nbsp;<\/td><\/tr><tr><td>&nbsp;\u00c7al\u0131\u015fma S\u0131cakl\u0131\u011f\u0131<\/td><td>&nbsp;-5\u00b0C ~ 45\u00b0C<\/td><\/tr><tr><td>&nbsp;Muhafaza S\u0131cakl\u0131\u011f\u0131<\/td><td>&nbsp;-40 \u00b0C ~ 60 \u00b0C<\/td><\/tr><tr><td>&nbsp;Nem<\/td><td>&nbsp;%5 ~ %95 (Yo\u011funla\u015fmas\u0131z)<\/td><\/tr><tr><td>&nbsp;I\u015f\u0131k Seviyesi<\/td><td>&nbsp;Max 10.000 Lux<\/td><\/tr><tr><td>&nbsp;Sertifikalar<\/td><td>&nbsp;CE (EMC), Class B ve RoHS<\/td><\/tr><tr><td>&nbsp;IP Standart\u0131<\/td><td>&nbsp;IP54<\/td><\/tr><tr><td><strong>&nbsp;Desteklenen&nbsp;<\/strong><strong>Barkod Tipleri<\/strong><\/td><td>&nbsp;<\/td><\/tr><tr><td>&nbsp;Barkod Tipleri<\/td><td><strong>&nbsp;1D:<\/strong>&nbsp;Code128, EAN-13, EAN-8, Code39, UPC-A, UPC-E, Codabar, Interleaved 2 of 5, ISBN\/ISSN,&nbsp; Code 93, UCC\/EAN-128, GS1 Databar<\/td><\/tr><tr><td><strong>&nbsp;2D:<\/strong>&nbsp;PDF417, QR Code(Model 1\/2\uff0cmiroco), DataMatrix (ECC200, ECC000,050, 080, 100,140)<\/td><\/tr><\/tbody><\/table>\n","protected":false},"excerpt":{"rendered":"<p>\u25cf Kablolu Karekod Barkod Okuyucu\u25cf Ergonomik, H\u0131zl\u0131 ve \u015e\u0131k tasar\u0131m\u25cf 640 X 480 Piksel CMOS Sens\u00f6r\u25cf 1D:(3 mil) ve 2D (6,8 Mil) \u00e7\u00f6z\u00fcn\u00fcrl\u00fck\u25cf 1D Barkodlarda 50 ~ 300 mm okuma mesafesi\u25cf Inverse Barkodlar\u0131 da Okuyabilme\u25cf USB Ba\u011flant\u0131 &nbsp;Performans &nbsp;Image Sensor &nbsp;CMOS &nbsp;\u00c7\u00f6z\u00fcn\u00fcrl\u00fck &nbsp;640 X 480 Piksel &nbsp;I\u015f\u0131k Kayna\u011f\u0131 &nbsp;625 nm \u00b1 (10 nm) K\u0131rm\u0131z\u0131 LED [&hellip;]<\/p>\n","protected":false},"author":1,"featured_media":0,"parent":756,"menu_order":0,"comment_status":"closed","ping_status":"closed","template":"","meta":[],"yoast_head":"<!-- This site is optimized with the Yoast SEO plugin v15.7 - https:\/\/yoast.com\/wordpress\/plugins\/seo\/ -->\n<title>Sunlux XL-3955 Kablolu Karekod Okuyucu - Crea Barkod<\/title>\n<meta name=\"robots\" content=\"index, follow, max-snippet:-1, max-image-preview:large, max-video-preview:-1\" \/>\n<link rel=\"canonical\" href=\"http:\/\/www.creabarkod.com\/?page_id=1219\" \/>\n<meta property=\"og:locale\" content=\"tr_TR\" \/>\n<meta property=\"og:type\" content=\"article\" \/>\n<meta property=\"og:title\" content=\"Sunlux XL-3955 Kablolu Karekod Okuyucu - Crea Barkod\" \/>\n<meta property=\"og:description\" content=\"\u25cf Kablolu Karekod Barkod Okuyucu\u25cf Ergonomik, H\u0131zl\u0131 ve \u015e\u0131k tasar\u0131m\u25cf 640 X 480 Piksel CMOS Sens\u00f6r\u25cf 1D:(3 mil) ve 2D (6,8 Mil) \u00e7\u00f6z\u00fcn\u00fcrl\u00fck\u25cf 1D Barkodlarda 50 ~ 300 mm okuma mesafesi\u25cf Inverse Barkodlar\u0131 da Okuyabilme\u25cf USB Ba\u011flant\u0131 &nbsp;Performans &nbsp;Image Sensor &nbsp;CMOS &nbsp;\u00c7\u00f6z\u00fcn\u00fcrl\u00fck &nbsp;640 X 480 Piksel &nbsp;I\u015f\u0131k Kayna\u011f\u0131 &nbsp;625 nm \u00b1 (10 nm) K\u0131rm\u0131z\u0131 LED [&hellip;]\" \/>\n<meta property=\"og:url\" content=\"http:\/\/www.creabarkod.com\/?page_id=1219\" \/>\n<meta property=\"og:site_name\" content=\"Crea Barkod\" \/>\n<meta property=\"article:modified_time\" content=\"2019-06-21T13:12:18+00:00\" \/>\n<meta property=\"og:image\" content=\"http:\/\/www.creabarkod.com\/wp-content\/uploads\/2019\/06\/Sunlux-XL-3955-Kablolu-Karekod-Okuyucu-1-1.jpg\" \/>\n<meta name=\"twitter:card\" content=\"summary_large_image\" \/>\n<meta name=\"twitter:label1\" content=\"Tahmini okuma s\u00fcresi\">\n\t<meta name=\"twitter:data1\" content=\"1 dakika\">\n<script type=\"application\/ld+json\" class=\"yoast-schema-graph\">{\"@context\":\"https:\/\/schema.org\",\"@graph\":[{\"@type\":\"WebSite\",\"@id\":\"http:\/\/www.creabarkod.com\/#website\",\"url\":\"http:\/\/www.creabarkod.com\/\",\"name\":\"Crea Barkod\",\"description\":\"\",\"potentialAction\":[{\"@type\":\"SearchAction\",\"target\":\"http:\/\/www.creabarkod.com\/?s={search_term_string}\",\"query-input\":\"required name=search_term_string\"}],\"inLanguage\":\"tr\"},{\"@type\":\"ImageObject\",\"@id\":\"http:\/\/www.creabarkod.com\/?page_id=1219#primaryimage\",\"inLanguage\":\"tr\",\"url\":\"http:\/\/www.creabarkod.com\/wp-content\/uploads\/2019\/06\/Sunlux-XL-3955-Kablolu-Karekod-Okuyucu-1-1.jpg\",\"width\":500,\"height\":500,\"caption\":\"Sunlux XL-3955 Kablolu Karekod Okuyucu\"},{\"@type\":\"WebPage\",\"@id\":\"http:\/\/www.creabarkod.com\/?page_id=1219#webpage\",\"url\":\"http:\/\/www.creabarkod.com\/?page_id=1219\",\"name\":\"Sunlux XL-3955 Kablolu Karekod Okuyucu - Crea Barkod\",\"isPartOf\":{\"@id\":\"http:\/\/www.creabarkod.com\/#website\"},\"primaryImageOfPage\":{\"@id\":\"http:\/\/www.creabarkod.com\/?page_id=1219#primaryimage\"},\"datePublished\":\"2019-06-21T12:58:02+00:00\",\"dateModified\":\"2019-06-21T13:12:18+00:00\",\"inLanguage\":\"tr\",\"potentialAction\":[{\"@type\":\"ReadAction\",\"target\":[\"http:\/\/www.creabarkod.com\/?page_id=1219\"]}]}]}<\/script>\n<!-- \/ Yoast SEO plugin. -->","_links":{"self":[{"href":"http:\/\/www.creabarkod.com\/index.php?rest_route=\/wp\/v2\/pages\/1219"}],"collection":[{"href":"http:\/\/www.creabarkod.com\/index.php?rest_route=\/wp\/v2\/pages"}],"about":[{"href":"http:\/\/www.creabarkod.com\/index.php?rest_route=\/wp\/v2\/types\/page"}],"author":[{"embeddable":true,"href":"http:\/\/www.creabarkod.com\/index.php?rest_route=\/wp\/v2\/users\/1"}],"replies":[{"embeddable":true,"href":"http:\/\/www.creabarkod.com\/index.php?rest_route=%2Fwp%2Fv2%2Fcomments&post=1219"}],"version-history":[{"count":1,"href":"http:\/\/www.creabarkod.com\/index.php?rest_route=\/wp\/v2\/pages\/1219\/revisions"}],"predecessor-version":[{"id":1225,"href":"http:\/\/www.creabarkod.com\/index.php?rest_route=\/wp\/v2\/pages\/1219\/revisions\/1225"}],"up":[{"embeddable":true,"href":"http:\/\/www.creabarkod.com\/index.php?rest_route=\/wp\/v2\/pages\/756"}],"wp:attachment":[{"href":"http:\/\/www.creabarkod.com\/index.php?rest_route=%2Fwp%2Fv2%2Fmedia&parent=1219"}],"curies":[{"name":"wp","href":"https:\/\/api.w.org\/{rel}","templated":true}]}}