{"id":1198,"date":"2019-06-21T12:46:54","date_gmt":"2019-06-21T12:46:54","guid":{"rendered":"http:\/\/www.creabarkod.com\/?page_id=1198"},"modified":"2019-06-21T13:12:18","modified_gmt":"2019-06-21T13:12:18","slug":"newland-hr3280-marlin2-kablolu-karekod-okuyucu","status":"publish","type":"page","link":"http:\/\/www.creabarkod.com\/?page_id=1198","title":{"rendered":"Newland HR3280 Marlin2 Kablolu Karekod Okuyucu"},"content":{"rendered":"\n<ul class=\"wp-block-gallery columns-3 is-cropped\"><li class=\"blocks-gallery-item\"><figure><a href=\"http:\/\/www.creabarkod.com\/wp-content\/uploads\/2019\/06\/Newland-HR3280-Marlin2-Kablolu-Karekod-Okuyucu-1-1.jpg\"><img loading=\"lazy\" width=\"500\" height=\"500\" src=\"http:\/\/www.creabarkod.com\/wp-content\/uploads\/2019\/06\/Newland-HR3280-Marlin2-Kablolu-Karekod-Okuyucu-1-1.jpg\" alt=\"Newland HR3280 Marlin2 Kablolu Karekod Okuyucu\" data-id=\"1199\" data-link=\"http:\/\/www.creabarkod.com\/?attachment_id=1199\" class=\"wp-image-1199\" srcset=\"http:\/\/www.creabarkod.com\/wp-content\/uploads\/2019\/06\/Newland-HR3280-Marlin2-Kablolu-Karekod-Okuyucu-1-1.jpg 500w, http:\/\/www.creabarkod.com\/wp-content\/uploads\/2019\/06\/Newland-HR3280-Marlin2-Kablolu-Karekod-Okuyucu-1-1-150x150.jpg 150w, http:\/\/www.creabarkod.com\/wp-content\/uploads\/2019\/06\/Newland-HR3280-Marlin2-Kablolu-Karekod-Okuyucu-1-1-300x300.jpg 300w\" sizes=\"(max-width: 500px) 100vw, 500px\" \/><\/a><\/figure><\/li><li class=\"blocks-gallery-item\"><figure><a href=\"http:\/\/www.creabarkod.com\/wp-content\/uploads\/2019\/06\/Newland-HR3280-Marlin2-Kablolu-Karekod-Okuyucu-2.jpg\"><img loading=\"lazy\" width=\"500\" height=\"500\" src=\"http:\/\/www.creabarkod.com\/wp-content\/uploads\/2019\/06\/Newland-HR3280-Marlin2-Kablolu-Karekod-Okuyucu-2.jpg\" alt=\"Newland HR3280 Marlin2 Kablolu Karekod Okuyucu\" data-id=\"1200\" data-link=\"http:\/\/www.creabarkod.com\/?attachment_id=1200\" class=\"wp-image-1200\" srcset=\"http:\/\/www.creabarkod.com\/wp-content\/uploads\/2019\/06\/Newland-HR3280-Marlin2-Kablolu-Karekod-Okuyucu-2.jpg 500w, http:\/\/www.creabarkod.com\/wp-content\/uploads\/2019\/06\/Newland-HR3280-Marlin2-Kablolu-Karekod-Okuyucu-2-150x150.jpg 150w, http:\/\/www.creabarkod.com\/wp-content\/uploads\/2019\/06\/Newland-HR3280-Marlin2-Kablolu-Karekod-Okuyucu-2-300x300.jpg 300w\" sizes=\"(max-width: 500px) 100vw, 500px\" \/><\/a><\/figure><\/li><li class=\"blocks-gallery-item\"><figure><a href=\"http:\/\/www.creabarkod.com\/wp-content\/uploads\/2019\/06\/Newland-HR3280-Marlin2-Kablolu-Karekod-Okuyucu-3.jpg\"><img loading=\"lazy\" width=\"500\" height=\"500\" src=\"http:\/\/www.creabarkod.com\/wp-content\/uploads\/2019\/06\/Newland-HR3280-Marlin2-Kablolu-Karekod-Okuyucu-3.jpg\" alt=\"Newland HR3280 Marlin2 Kablolu Karekod Okuyucu\" data-id=\"1201\" data-link=\"http:\/\/www.creabarkod.com\/?attachment_id=1201\" class=\"wp-image-1201\" srcset=\"http:\/\/www.creabarkod.com\/wp-content\/uploads\/2019\/06\/Newland-HR3280-Marlin2-Kablolu-Karekod-Okuyucu-3.jpg 500w, http:\/\/www.creabarkod.com\/wp-content\/uploads\/2019\/06\/Newland-HR3280-Marlin2-Kablolu-Karekod-Okuyucu-3-150x150.jpg 150w, http:\/\/www.creabarkod.com\/wp-content\/uploads\/2019\/06\/Newland-HR3280-Marlin2-Kablolu-Karekod-Okuyucu-3-300x300.jpg 300w\" sizes=\"(max-width: 500px) 100vw, 500px\" \/><\/a><\/figure><\/li><\/ul>\n\n\n\n<p>\u25cf 2D Karekod Okuyucu<br>\u25cf 1280 x 800 Piksel Imager Sensor<br>\u25cf 1D Barkodlarda 3 mil \u00e7\u00f6z\u00fcn\u00fcrl\u00fck<br>\u25cf 20 ~ 510 mm okuma mesafesi<br>\u25cf 1,5 Metreden d\u00fc\u015fmeye dayan\u0131kl\u0131<br>\u25cf IP42 Koruma Standart\u0131<br>\u25cf Seri Port ve USB Ba\u011flant\u0131 Se\u00e7enekleri <\/p>\n\n\n\n<table class=\"wp-block-table\"><tbody><tr><td><strong>&nbsp;Performans<\/strong><\/td><\/tr><tr><td>&nbsp;Image Sensor<\/td><td>1280 x 800 Piksel CMOS<\/td><\/tr><tr><td>&nbsp;I\u015f\u0131k Kayna\u011f\u0131<\/td><td>Ayd\u0131nlatma: K\u0131rm\u0131z\u0131 \/ Beyaz LED<\/td><\/tr><tr><td>Hedefleme: Ye\u015fil LED<\/td><\/tr><tr><td>&nbsp;Tarama A\u00e7\u0131lar\u0131<\/td><td>Pitch: \u00b155\u00b0; Roll: \u00b1360\u00b0; Skew: \u00b155\u00b0<\/td><\/tr><tr><td>&nbsp;Minumum Bar Geni\u015fli\u011fi<\/td><td>0,076 mm (3 mil)<\/td><\/tr><tr><td>&nbsp;Uyar\u0131c\u0131lar<\/td><td>LED ve Bip sesi<\/td><\/tr><tr><td>&nbsp;Yazd\u0131rma kar\u015f\u0131tl\u0131\u011f\u0131<\/td><td>\u2265%25<\/td><\/tr><tr><td>&nbsp;Desteklenen Arabirimleri<\/td><td>RS-232C ve USB<\/td><\/tr><tr><td><strong>&nbsp;Fiziksel<\/strong><\/td><\/tr><tr><td>&nbsp;Uzunluk<\/td><td>113,5 mm<\/td><\/tr><tr><td>&nbsp;Geni\u015flik<\/td><td>73,3 mm<\/td><\/tr><tr><td>&nbsp;Y\u00fckseklik<\/td><td>159 mm<\/td><\/tr><tr><td>&nbsp;A\u011f\u0131rl\u0131k<\/td><td>162 Gram<\/td><\/tr><tr><td><strong>&nbsp;Elektriksel<\/strong><\/td><\/tr><tr><td>&nbsp;G\u00fc\u00e7 T\u00fcketimi<\/td><td>Max. 916,6mW<\/td><\/tr><tr><td>&nbsp;G\u00fc\u00e7 (Opsiyonel)<\/td><td>Giri\u015f Voltaj\u0131: AC100~240V, 50~60Hz<\/td><\/tr><tr><td>\u00c7\u0131k\u0131\u015f: 5VDC, 1,5A<\/td><\/tr><tr><td>&nbsp;Ak\u0131m De\u011ferleri<\/td><td>\u00c7al\u0131\u015fma Modunda: 238,2 mA (Maks:260,5 mA)<\/td><\/tr><tr><td>Bekleme Modunda: 71,3 mA<\/td><\/tr><tr><td><strong>&nbsp;\u00c7evresel<\/strong><\/td><\/tr><tr><td>&nbsp;\u00c7al\u0131\u015fma S\u0131cakl\u0131\u011f\u0131<\/td><td>-20 \u00b0C ~ 60 \u00b0C<\/td><\/tr><tr><td>&nbsp;Muhafaza S\u0131cakl\u0131\u011f\u0131<\/td><td>-40 \u00b0C ~ 70 \u00b0C<\/td><\/tr><tr><td>&nbsp;Nem<\/td><td>%5 ~ %95 (Yo\u011fu\u015fmas\u0131z)<\/td><\/tr><tr><td>&nbsp;ESD<\/td><td>\u00b18 KV (contact discharge); \u00b115 KV (air discharge)<\/td><\/tr><tr><td>&nbsp;Darbe Dayan\u0131kl\u0131l\u0131\u011f\u0131<\/td><td>Maksimum 1,5 Metre<\/td><\/tr><tr><td>&nbsp;IP Standart\u0131<\/td><td>IP42<\/td><\/tr><tr><td><strong>&nbsp;Sertifikalar<\/strong><\/td><\/tr><tr><td>&nbsp;Sertifikalar<\/td><td>FCC Part15 Class B, CE EMC Class B<\/td><\/tr><tr><td><strong>&nbsp;Desteklenen Barkod Tipleri<\/strong><\/td><\/tr><tr><td>&nbsp;Barkod Tipleri<\/td><td>1D<\/td><td>EAN-13, EAN-8, UPC-A, UPC-E, ISSN, ISBN, Codabar, Code 128, Code93, ITF-6, ITF-14, Interleaved 2 of 5,Industrial 2 of 5, Standard 2 of 5, Matrix 2 of 5, GS1 Databar, Code 39, Code 11, MSI-Plessey, Plessey vb.<\/td><\/tr><tr><td>Postal<\/td><td>USPS Postnet, Royal Mail, KIX Post, Australian Postal, vb.<\/td><\/tr><tr><td>2D<\/td><td>PDF417, QR Code, Data Matrix,Aztec, Maxicode vb.<\/td><\/tr><tr><td><strong>&nbsp;Tarama Mesafeleri<\/strong><\/td><\/tr><tr><td>&nbsp;EAN-13 (13 Mil)<\/td><td>45 mm ~ 510 mm<\/td><\/tr><tr><td>&nbsp;Code 39 (5 Mil)<\/td><td>75 mm ~ 220 mm<\/td><\/tr><tr><td>&nbsp;PDF417 (6,67 Mil)<\/td><td>70 mm ~ 215 mm<\/td><\/tr><tr><td>&nbsp;Datamatrix (10 Mil)<\/td><td>50 mm ~ 220 mm<\/td><\/tr><tr><td>&nbsp;QrCode (15 Mil)<\/td><td>20 mm ~ 330 mm<\/td><\/tr><\/tbody><\/table>\n","protected":false},"excerpt":{"rendered":"<p>\u25cf 2D Karekod Okuyucu\u25cf 1280 x 800 Piksel Imager Sensor\u25cf 1D Barkodlarda 3 mil \u00e7\u00f6z\u00fcn\u00fcrl\u00fck\u25cf 20 ~ 510 mm okuma mesafesi\u25cf 1,5 Metreden d\u00fc\u015fmeye dayan\u0131kl\u0131\u25cf IP42 Koruma Standart\u0131\u25cf Seri Port ve USB Ba\u011flant\u0131 Se\u00e7enekleri &nbsp;Performans &nbsp;Image Sensor 1280 x 800 Piksel CMOS &nbsp;I\u015f\u0131k Kayna\u011f\u0131 Ayd\u0131nlatma: K\u0131rm\u0131z\u0131 \/ Beyaz LED Hedefleme: Ye\u015fil LED &nbsp;Tarama A\u00e7\u0131lar\u0131 Pitch: [&hellip;]<\/p>\n","protected":false},"author":1,"featured_media":0,"parent":756,"menu_order":0,"comment_status":"closed","ping_status":"closed","template":"","meta":[],"yoast_head":"<!-- This site is optimized with the Yoast SEO plugin v15.7 - https:\/\/yoast.com\/wordpress\/plugins\/seo\/ -->\n<title>Newland HR3280 Marlin2 Kablolu Karekod Okuyucu - Crea Barkod<\/title>\n<meta name=\"robots\" content=\"index, follow, max-snippet:-1, max-image-preview:large, max-video-preview:-1\" \/>\n<link rel=\"canonical\" href=\"http:\/\/www.creabarkod.com\/?page_id=1198\" \/>\n<meta property=\"og:locale\" content=\"tr_TR\" \/>\n<meta property=\"og:type\" content=\"article\" \/>\n<meta property=\"og:title\" content=\"Newland HR3280 Marlin2 Kablolu Karekod Okuyucu - Crea Barkod\" \/>\n<meta property=\"og:description\" content=\"\u25cf 2D Karekod Okuyucu\u25cf 1280 x 800 Piksel Imager Sensor\u25cf 1D Barkodlarda 3 mil \u00e7\u00f6z\u00fcn\u00fcrl\u00fck\u25cf 20 ~ 510 mm okuma mesafesi\u25cf 1,5 Metreden d\u00fc\u015fmeye dayan\u0131kl\u0131\u25cf IP42 Koruma Standart\u0131\u25cf Seri Port ve USB Ba\u011flant\u0131 Se\u00e7enekleri &nbsp;Performans &nbsp;Image Sensor 1280 x 800 Piksel CMOS &nbsp;I\u015f\u0131k Kayna\u011f\u0131 Ayd\u0131nlatma: K\u0131rm\u0131z\u0131 \/ Beyaz LED Hedefleme: Ye\u015fil LED &nbsp;Tarama A\u00e7\u0131lar\u0131 Pitch: [&hellip;]\" \/>\n<meta property=\"og:url\" content=\"http:\/\/www.creabarkod.com\/?page_id=1198\" \/>\n<meta property=\"og:site_name\" content=\"Crea Barkod\" \/>\n<meta property=\"article:modified_time\" content=\"2019-06-21T13:12:18+00:00\" \/>\n<meta property=\"og:image\" content=\"http:\/\/www.creabarkod.com\/wp-content\/uploads\/2019\/06\/Newland-HR3280-Marlin2-Kablolu-Karekod-Okuyucu-1-1.jpg\" \/>\n<meta name=\"twitter:card\" content=\"summary_large_image\" \/>\n<meta name=\"twitter:label1\" content=\"Tahmini okuma s\u00fcresi\">\n\t<meta name=\"twitter:data1\" content=\"1 dakika\">\n<script type=\"application\/ld+json\" class=\"yoast-schema-graph\">{\"@context\":\"https:\/\/schema.org\",\"@graph\":[{\"@type\":\"WebSite\",\"@id\":\"http:\/\/www.creabarkod.com\/#website\",\"url\":\"http:\/\/www.creabarkod.com\/\",\"name\":\"Crea Barkod\",\"description\":\"\",\"potentialAction\":[{\"@type\":\"SearchAction\",\"target\":\"http:\/\/www.creabarkod.com\/?s={search_term_string}\",\"query-input\":\"required name=search_term_string\"}],\"inLanguage\":\"tr\"},{\"@type\":\"ImageObject\",\"@id\":\"http:\/\/www.creabarkod.com\/?page_id=1198#primaryimage\",\"inLanguage\":\"tr\",\"url\":\"http:\/\/www.creabarkod.com\/wp-content\/uploads\/2019\/06\/Newland-HR3280-Marlin2-Kablolu-Karekod-Okuyucu-1-1.jpg\",\"width\":500,\"height\":500,\"caption\":\"Newland HR3280 Marlin2 Kablolu Karekod Okuyucu\"},{\"@type\":\"WebPage\",\"@id\":\"http:\/\/www.creabarkod.com\/?page_id=1198#webpage\",\"url\":\"http:\/\/www.creabarkod.com\/?page_id=1198\",\"name\":\"Newland HR3280 Marlin2 Kablolu Karekod Okuyucu - Crea Barkod\",\"isPartOf\":{\"@id\":\"http:\/\/www.creabarkod.com\/#website\"},\"primaryImageOfPage\":{\"@id\":\"http:\/\/www.creabarkod.com\/?page_id=1198#primaryimage\"},\"datePublished\":\"2019-06-21T12:46:54+00:00\",\"dateModified\":\"2019-06-21T13:12:18+00:00\",\"inLanguage\":\"tr\",\"potentialAction\":[{\"@type\":\"ReadAction\",\"target\":[\"http:\/\/www.creabarkod.com\/?page_id=1198\"]}]}]}<\/script>\n<!-- \/ Yoast SEO plugin. -->","_links":{"self":[{"href":"http:\/\/www.creabarkod.com\/index.php?rest_route=\/wp\/v2\/pages\/1198"}],"collection":[{"href":"http:\/\/www.creabarkod.com\/index.php?rest_route=\/wp\/v2\/pages"}],"about":[{"href":"http:\/\/www.creabarkod.com\/index.php?rest_route=\/wp\/v2\/types\/page"}],"author":[{"embeddable":true,"href":"http:\/\/www.creabarkod.com\/index.php?rest_route=\/wp\/v2\/users\/1"}],"replies":[{"embeddable":true,"href":"http:\/\/www.creabarkod.com\/index.php?rest_route=%2Fwp%2Fv2%2Fcomments&post=1198"}],"version-history":[{"count":1,"href":"http:\/\/www.creabarkod.com\/index.php?rest_route=\/wp\/v2\/pages\/1198\/revisions"}],"predecessor-version":[{"id":1202,"href":"http:\/\/www.creabarkod.com\/index.php?rest_route=\/wp\/v2\/pages\/1198\/revisions\/1202"}],"up":[{"embeddable":true,"href":"http:\/\/www.creabarkod.com\/index.php?rest_route=\/wp\/v2\/pages\/756"}],"wp:attachment":[{"href":"http:\/\/www.creabarkod.com\/index.php?rest_route=%2Fwp%2Fv2%2Fmedia&parent=1198"}],"curies":[{"name":"wp","href":"https:\/\/api.w.org\/{rel}","templated":true}]}}