{"id":1193,"date":"2019-06-21T12:44:33","date_gmt":"2019-06-21T12:44:33","guid":{"rendered":"http:\/\/www.creabarkod.com\/?page_id=1193"},"modified":"2019-06-21T13:12:18","modified_gmt":"2019-06-21T13:12:18","slug":"newland-hr2260-dorada-kablolu-karekod-okuyucu","status":"publish","type":"page","link":"http:\/\/www.creabarkod.com\/?page_id=1193","title":{"rendered":"Newland HR2260 Dorada Kablolu Karekod Okuyucu"},"content":{"rendered":"\n<ul class=\"wp-block-gallery columns-3 is-cropped\"><li class=\"blocks-gallery-item\"><figure><a href=\"http:\/\/www.creabarkod.com\/wp-content\/uploads\/2019\/06\/Newland-HR2260-Dorada-Kablolu-Karekod-Okuyucu-1-1.jpg\"><img loading=\"lazy\" width=\"500\" height=\"500\" src=\"http:\/\/www.creabarkod.com\/wp-content\/uploads\/2019\/06\/Newland-HR2260-Dorada-Kablolu-Karekod-Okuyucu-1-1.jpg\" alt=\"Newland HR2260 Dorada Kablolu Karekod Okuyucu\" data-id=\"1195\" data-link=\"http:\/\/www.creabarkod.com\/?attachment_id=1195\" class=\"wp-image-1195\" srcset=\"http:\/\/www.creabarkod.com\/wp-content\/uploads\/2019\/06\/Newland-HR2260-Dorada-Kablolu-Karekod-Okuyucu-1-1.jpg 500w, http:\/\/www.creabarkod.com\/wp-content\/uploads\/2019\/06\/Newland-HR2260-Dorada-Kablolu-Karekod-Okuyucu-1-1-150x150.jpg 150w, http:\/\/www.creabarkod.com\/wp-content\/uploads\/2019\/06\/Newland-HR2260-Dorada-Kablolu-Karekod-Okuyucu-1-1-300x300.jpg 300w\" sizes=\"(max-width: 500px) 100vw, 500px\" \/><\/a><\/figure><\/li><li class=\"blocks-gallery-item\"><figure><a href=\"http:\/\/www.creabarkod.com\/wp-content\/uploads\/2019\/06\/Newland-HR2260-Dorada-Kablolu-Karekod-Okuyucu-2.jpg\"><img loading=\"lazy\" width=\"500\" height=\"500\" src=\"http:\/\/www.creabarkod.com\/wp-content\/uploads\/2019\/06\/Newland-HR2260-Dorada-Kablolu-Karekod-Okuyucu-2.jpg\" alt=\"Newland HR2260 Dorada Kablolu Karekod Okuyucu\" data-id=\"1196\" data-link=\"http:\/\/www.creabarkod.com\/?attachment_id=1196\" class=\"wp-image-1196\" srcset=\"http:\/\/www.creabarkod.com\/wp-content\/uploads\/2019\/06\/Newland-HR2260-Dorada-Kablolu-Karekod-Okuyucu-2.jpg 500w, http:\/\/www.creabarkod.com\/wp-content\/uploads\/2019\/06\/Newland-HR2260-Dorada-Kablolu-Karekod-Okuyucu-2-150x150.jpg 150w, http:\/\/www.creabarkod.com\/wp-content\/uploads\/2019\/06\/Newland-HR2260-Dorada-Kablolu-Karekod-Okuyucu-2-300x300.jpg 300w\" sizes=\"(max-width: 500px) 100vw, 500px\" \/><\/a><\/figure><\/li><li class=\"blocks-gallery-item\"><figure><a href=\"http:\/\/www.creabarkod.com\/wp-content\/uploads\/2019\/06\/Newland-HR2260-Dorada-Kablolu-Karekod-Okuyucu-3.jpg\"><img loading=\"lazy\" width=\"500\" height=\"500\" src=\"http:\/\/www.creabarkod.com\/wp-content\/uploads\/2019\/06\/Newland-HR2260-Dorada-Kablolu-Karekod-Okuyucu-3.jpg\" alt=\"Newland HR2260 Dorada Kablolu Karekod Okuyucu\" data-id=\"1194\" data-link=\"http:\/\/www.creabarkod.com\/?attachment_id=1194\" class=\"wp-image-1194\" srcset=\"http:\/\/www.creabarkod.com\/wp-content\/uploads\/2019\/06\/Newland-HR2260-Dorada-Kablolu-Karekod-Okuyucu-3.jpg 500w, http:\/\/www.creabarkod.com\/wp-content\/uploads\/2019\/06\/Newland-HR2260-Dorada-Kablolu-Karekod-Okuyucu-3-150x150.jpg 150w, http:\/\/www.creabarkod.com\/wp-content\/uploads\/2019\/06\/Newland-HR2260-Dorada-Kablolu-Karekod-Okuyucu-3-300x300.jpg 300w\" sizes=\"(max-width: 500px) 100vw, 500px\" \/><\/a><\/figure><\/li><\/ul>\n\n\n\n<p>\u25cf 2D Karekod Okuyucu<br>\u25cf 640 x 480 Piksel Imager Sensor<br>\u25cf 1D Barkodlarda 3 mil \u00e7\u00f6z\u00fcn\u00fcrl\u00fck<br>\u25cf 15 ~ 360 mm okuma mesafesi<br>\u25cf 1,2 Metreden d\u00fc\u015fmeye dayan\u0131kl\u0131<br>\u25cf IP42 Koruma Standart\u0131<br>\u25cf Seri Port ve USB Ba\u011flant\u0131 Se\u00e7enekleri<br>\u25cf Siyah ve Beyaz Renk Se\u00e7enekleri <\/p>\n\n\n\n<table class=\"wp-block-table\"><tbody><tr><td><strong>&nbsp;Performans<\/strong><\/td><\/tr><tr><td>&nbsp;Image Sensor<\/td><td>640 x 480 Piksel CMOS<\/td><\/tr><tr><td>&nbsp;Tarama A\u00e7\u0131lar\u0131<\/td><td>Pitch: \u00b160\u00b0; Roll: \u00b1360\u00b0; Skew: \u00b155\u00b0<\/td><\/tr><tr><td>&nbsp;Minumum Bar Geni\u015fli\u011fi<\/td><td>0,076 mm (3 mil)<\/td><\/tr><tr><td>&nbsp;Uyar\u0131c\u0131lar<\/td><td>LED ve Bip sesi<\/td><\/tr><tr><td>&nbsp;Yazd\u0131rma kar\u015f\u0131tl\u0131\u011f\u0131<\/td><td>\u2265%30<\/td><\/tr><tr><td>&nbsp;Desteklenen Arabirimleri<\/td><td>RS-232C ve USB<\/td><\/tr><tr><td><strong>&nbsp;Fiziksel<\/strong><\/td><td>&nbsp;<\/td><\/tr><tr><td>&nbsp;Uzunluk<\/td><td>145 mm<\/td><\/tr><tr><td>&nbsp;Geni\u015flik<\/td><td>101 mm<\/td><\/tr><tr><td>&nbsp;Y\u00fckseklik<\/td><td>68 mm<\/td><\/tr><tr><td>&nbsp;A\u011f\u0131rl\u0131k<\/td><td>165 Gram<\/td><\/tr><tr><td>&nbsp;Renk<\/td><td>Siyah veya Beyaz<\/td><\/tr><tr><td><strong>&nbsp;Elektriksel<\/strong><\/td><td>&nbsp;<\/td><\/tr><tr><td>&nbsp;G\u00fc\u00e7 (Opsiyonel)<\/td><td>Giri\u015f Voltaj\u0131: AC100~240V, 50~60Hz<\/td><\/tr><tr><td>\u00c7\u0131k\u0131\u015f: 5VDC, 1,5A<\/td><\/tr><tr><td>&nbsp;Ak\u0131m De\u011ferleri<\/td><td>Bekleme Modunda: 10 mA<\/td><\/tr><tr><td>\u00c7al\u0131\u015fma Modunda: 240 mA (Max:270 mA)<\/td><\/tr><tr><td><strong>&nbsp;\u00c7evresel<\/strong><\/td><td>&nbsp;<\/td><\/tr><tr><td>&nbsp;\u00c7al\u0131\u015fma S\u0131cakl\u0131\u011f\u0131<\/td><td>-20 \u00b0C ~ 55 \u00b0C<\/td><\/tr><tr><td>&nbsp;Muhafaza S\u0131cakl\u0131\u011f\u0131<\/td><td>-40 \u00b0C ~ 70 \u00b0C<\/td><\/tr><tr><td>&nbsp;Nem<\/td><td>%5 ~ %95 (Yo\u011fu\u015fmas\u0131z)<\/td><\/tr><tr><td>&nbsp;ESD<\/td><td>\u00b18 KV (contact discharge); \u00b115 KV (air discharge)<\/td><\/tr><tr><td>&nbsp;Darbe Dayan\u0131kl\u0131l\u0131\u011f\u0131<\/td><td>Maksimum 1,2 Metre<\/td><\/tr><tr><td>&nbsp;IP Standart\u0131<\/td><td>IP42<\/td><\/tr><tr><td><strong>&nbsp;Sertifikalar<\/strong><\/td><td>&nbsp;<\/td><\/tr><tr><td>&nbsp;Sertifikalar<\/td><td>FCC Part15 Class B, CE EMC Class B<\/td><\/tr><tr><td><strong>&nbsp;Desteklenen Barkod Tipleri<\/strong><\/td><td>&nbsp;<\/td><\/tr><tr><td>&nbsp;Barkod Tipleri<\/td><td>1D<\/td><td>Code128, UCC\/EAN-128, AIM-128, EAN-8, EAN-13, ISBN\/ISSN, UPC-E, UPC-A, Interleaved 2 of 5, ITF-6, ITF-4, Matrix 2 of 5, Industrial 25, Standard 25, Code 39, Codabar, Code 93, Code 11, Plessey, MSI-Plessey,GS1-DataBarTM(RSS), (RSS-14, RSS-Limited, RSS-Expand)<\/td><\/tr><tr><td>2D<\/td><td>PDF417, QR code (QR1\/2, Micro), Data Matrix (ECC200, ECC000, 050, 080, 100, 140)<\/td><\/tr><tr><td><strong>&nbsp;Tarama Mesafeleri<\/strong><\/td><td>&nbsp;<\/td><\/tr><tr><td>&nbsp;EAN-13 (13 Mil)<\/td><td>35 mm ~ 360 mm<\/td><\/tr><tr><td>&nbsp;Code 39 (5 Mil)<\/td><td>20 mm ~ 160 mm<\/td><\/tr><tr><td>&nbsp;PDF417 (6,67 Mil)<\/td><td>20 mm ~ 110 mm<\/td><\/tr><tr><td>&nbsp;Datamatrix (10 Mil)<\/td><td>15 mm ~ 100 mm<\/td><\/tr><tr><td>&nbsp;QrCode (15 Mil)<\/td><td>15 mm ~ 150 mm<\/td><\/tr><\/tbody><\/table>\n","protected":false},"excerpt":{"rendered":"<p>\u25cf 2D Karekod Okuyucu\u25cf 640 x 480 Piksel Imager Sensor\u25cf 1D Barkodlarda 3 mil \u00e7\u00f6z\u00fcn\u00fcrl\u00fck\u25cf 15 ~ 360 mm okuma mesafesi\u25cf 1,2 Metreden d\u00fc\u015fmeye dayan\u0131kl\u0131\u25cf IP42 Koruma Standart\u0131\u25cf Seri Port ve USB Ba\u011flant\u0131 Se\u00e7enekleri\u25cf Siyah ve Beyaz Renk Se\u00e7enekleri &nbsp;Performans &nbsp;Image Sensor 640 x 480 Piksel CMOS &nbsp;Tarama A\u00e7\u0131lar\u0131 Pitch: \u00b160\u00b0; Roll: \u00b1360\u00b0; Skew: \u00b155\u00b0 [&hellip;]<\/p>\n","protected":false},"author":1,"featured_media":0,"parent":756,"menu_order":0,"comment_status":"closed","ping_status":"closed","template":"","meta":[],"yoast_head":"<!-- This site is optimized with the Yoast SEO plugin v15.7 - https:\/\/yoast.com\/wordpress\/plugins\/seo\/ -->\n<title>Newland HR2260 Dorada Kablolu Karekod Okuyucu - Crea Barkod<\/title>\n<meta name=\"robots\" content=\"index, follow, max-snippet:-1, max-image-preview:large, max-video-preview:-1\" \/>\n<link rel=\"canonical\" href=\"http:\/\/www.creabarkod.com\/?page_id=1193\" \/>\n<meta property=\"og:locale\" content=\"tr_TR\" \/>\n<meta property=\"og:type\" content=\"article\" \/>\n<meta property=\"og:title\" content=\"Newland HR2260 Dorada Kablolu Karekod Okuyucu - Crea Barkod\" \/>\n<meta property=\"og:description\" content=\"\u25cf 2D Karekod Okuyucu\u25cf 640 x 480 Piksel Imager Sensor\u25cf 1D Barkodlarda 3 mil \u00e7\u00f6z\u00fcn\u00fcrl\u00fck\u25cf 15 ~ 360 mm okuma mesafesi\u25cf 1,2 Metreden d\u00fc\u015fmeye dayan\u0131kl\u0131\u25cf IP42 Koruma Standart\u0131\u25cf Seri Port ve USB Ba\u011flant\u0131 Se\u00e7enekleri\u25cf Siyah ve Beyaz Renk Se\u00e7enekleri &nbsp;Performans &nbsp;Image Sensor 640 x 480 Piksel CMOS &nbsp;Tarama A\u00e7\u0131lar\u0131 Pitch: \u00b160\u00b0; Roll: \u00b1360\u00b0; Skew: \u00b155\u00b0 [&hellip;]\" \/>\n<meta property=\"og:url\" content=\"http:\/\/www.creabarkod.com\/?page_id=1193\" \/>\n<meta property=\"og:site_name\" content=\"Crea Barkod\" \/>\n<meta property=\"article:modified_time\" content=\"2019-06-21T13:12:18+00:00\" \/>\n<meta property=\"og:image\" content=\"http:\/\/www.creabarkod.com\/wp-content\/uploads\/2019\/06\/Newland-HR2260-Dorada-Kablolu-Karekod-Okuyucu-1-1.jpg\" \/>\n<meta name=\"twitter:card\" content=\"summary_large_image\" \/>\n<meta name=\"twitter:label1\" content=\"Tahmini okuma s\u00fcresi\">\n\t<meta name=\"twitter:data1\" content=\"1 dakika\">\n<script type=\"application\/ld+json\" class=\"yoast-schema-graph\">{\"@context\":\"https:\/\/schema.org\",\"@graph\":[{\"@type\":\"WebSite\",\"@id\":\"http:\/\/www.creabarkod.com\/#website\",\"url\":\"http:\/\/www.creabarkod.com\/\",\"name\":\"Crea Barkod\",\"description\":\"\",\"potentialAction\":[{\"@type\":\"SearchAction\",\"target\":\"http:\/\/www.creabarkod.com\/?s={search_term_string}\",\"query-input\":\"required name=search_term_string\"}],\"inLanguage\":\"tr\"},{\"@type\":\"ImageObject\",\"@id\":\"http:\/\/www.creabarkod.com\/?page_id=1193#primaryimage\",\"inLanguage\":\"tr\",\"url\":\"http:\/\/www.creabarkod.com\/wp-content\/uploads\/2019\/06\/Newland-HR2260-Dorada-Kablolu-Karekod-Okuyucu-1-1.jpg\",\"width\":500,\"height\":500,\"caption\":\"Newland HR2260 Dorada Kablolu Karekod Okuyucu\"},{\"@type\":\"WebPage\",\"@id\":\"http:\/\/www.creabarkod.com\/?page_id=1193#webpage\",\"url\":\"http:\/\/www.creabarkod.com\/?page_id=1193\",\"name\":\"Newland HR2260 Dorada Kablolu Karekod Okuyucu - Crea Barkod\",\"isPartOf\":{\"@id\":\"http:\/\/www.creabarkod.com\/#website\"},\"primaryImageOfPage\":{\"@id\":\"http:\/\/www.creabarkod.com\/?page_id=1193#primaryimage\"},\"datePublished\":\"2019-06-21T12:44:33+00:00\",\"dateModified\":\"2019-06-21T13:12:18+00:00\",\"inLanguage\":\"tr\",\"potentialAction\":[{\"@type\":\"ReadAction\",\"target\":[\"http:\/\/www.creabarkod.com\/?page_id=1193\"]}]}]}<\/script>\n<!-- \/ Yoast SEO plugin. -->","_links":{"self":[{"href":"http:\/\/www.creabarkod.com\/index.php?rest_route=\/wp\/v2\/pages\/1193"}],"collection":[{"href":"http:\/\/www.creabarkod.com\/index.php?rest_route=\/wp\/v2\/pages"}],"about":[{"href":"http:\/\/www.creabarkod.com\/index.php?rest_route=\/wp\/v2\/types\/page"}],"author":[{"embeddable":true,"href":"http:\/\/www.creabarkod.com\/index.php?rest_route=\/wp\/v2\/users\/1"}],"replies":[{"embeddable":true,"href":"http:\/\/www.creabarkod.com\/index.php?rest_route=%2Fwp%2Fv2%2Fcomments&post=1193"}],"version-history":[{"count":1,"href":"http:\/\/www.creabarkod.com\/index.php?rest_route=\/wp\/v2\/pages\/1193\/revisions"}],"predecessor-version":[{"id":1197,"href":"http:\/\/www.creabarkod.com\/index.php?rest_route=\/wp\/v2\/pages\/1193\/revisions\/1197"}],"up":[{"embeddable":true,"href":"http:\/\/www.creabarkod.com\/index.php?rest_route=\/wp\/v2\/pages\/756"}],"wp:attachment":[{"href":"http:\/\/www.creabarkod.com\/index.php?rest_route=%2Fwp%2Fv2%2Fmedia&parent=1193"}],"curies":[{"name":"wp","href":"https:\/\/api.w.org\/{rel}","templated":true}]}}