{"id":1181,"date":"2019-06-21T12:34:29","date_gmt":"2019-06-21T12:34:29","guid":{"rendered":"http:\/\/www.creabarkod.com\/?page_id=1181"},"modified":"2019-06-21T13:12:18","modified_gmt":"2019-06-21T13:12:18","slug":"newland-fr2170-neon-masaustu-karekod-okuyucu","status":"publish","type":"page","link":"http:\/\/www.creabarkod.com\/?page_id=1181","title":{"rendered":"Newland FR2170 Neon Masa\u00fcst\u00fc Karekod Okuyucu"},"content":{"rendered":"\n<figure class=\"wp-block-image is-resized\"><a href=\"http:\/\/www.creabarkod.com\/wp-content\/uploads\/2019\/06\/Newland-FR2170-Neon-Masa\u00fcst\u00fc-Karekod-Okuyucu-1.jpg\"><img loading=\"lazy\" src=\"http:\/\/www.creabarkod.com\/wp-content\/uploads\/2019\/06\/Newland-FR2170-Neon-Masa\u00fcst\u00fc-Karekod-Okuyucu-1.jpg\" alt=\"Newland FR2170 Neon Masa\u00fcst\u00fc Karekod Okuyucu\" class=\"wp-image-1182\" width=\"250\" height=\"250\" srcset=\"http:\/\/www.creabarkod.com\/wp-content\/uploads\/2019\/06\/Newland-FR2170-Neon-Masa\u00fcst\u00fc-Karekod-Okuyucu-1.jpg 500w, http:\/\/www.creabarkod.com\/wp-content\/uploads\/2019\/06\/Newland-FR2170-Neon-Masa\u00fcst\u00fc-Karekod-Okuyucu-1-150x150.jpg 150w, http:\/\/www.creabarkod.com\/wp-content\/uploads\/2019\/06\/Newland-FR2170-Neon-Masa\u00fcst\u00fc-Karekod-Okuyucu-1-300x300.jpg 300w\" sizes=\"(max-width: 250px) 100vw, 250px\" \/><\/a><\/figure>\n\n\n\n<p>\u25cf 2D Karekod Okuyucu<br>\u25cf 640 x 480 Piksel CMOS Sensor<br>\u25cf 5 mil \u00e7\u00f6z\u00fcn\u00fcrl\u00fck<br>\u25cf LCD Ekrandan Okuyabilme<br>\u25cf Seri Port ve USB Ba\u011flant\u0131 Se\u00e7enekleri <\/p>\n\n\n\n<table class=\"wp-block-table\"><tbody><tr><td><strong>&nbsp;Performans<\/strong><\/td><\/tr><tr><td>&nbsp;Image Sensor<\/td><td>640 x 480 Piksel CMOS<\/td><\/tr><tr><td>&nbsp;I\u015f\u0131k Kayna\u011f\u0131<\/td><td>Beyaz LED<\/td><\/tr><tr><td>&nbsp;Minumum Bar Geni\u015fli\u011fi<\/td><td>0,127 mm (5 mil)<\/td><\/tr><tr><td>&nbsp;Tarama A\u00e7\u0131s\u0131<\/td><td>Pitch: \u00b130\u00b0, Roll: 360\u00b0, Skew: \u00b130\u00b0<\/td><\/tr><tr><td>&nbsp;Tarama Alan\u0131<\/td><td>Yatay: 73\u00b0, Dikey: 56\u00b0<\/td><\/tr><tr><td>&nbsp;Tarama Modu<\/td><td>Alg\u0131lama Modu veya S\u00fcrekli Tarama Modu<\/td><\/tr><tr><td>&nbsp;Uyar\u0131c\u0131lar<\/td><td>LED ve Bip sesi<\/td><\/tr><tr><td>&nbsp;Yazd\u0131rma kar\u015f\u0131tl\u0131\u011f\u0131<\/td><td>\u2265%25<\/td><\/tr><tr><td>&nbsp;Desteklenen Arabirimleri<\/td><td>RS-232C ve USB<\/td><\/tr><tr><td><strong>&nbsp;Fiziksel<\/strong><\/td><td>&nbsp;<\/td><\/tr><tr><td>&nbsp;Geni\u015flik<\/td><td>70,5 mm<\/td><\/tr><tr><td>&nbsp;Y\u00fckseklik<\/td><td>120,7 mm<\/td><\/tr><tr><td>&nbsp;Derinlik<\/td><td>60,2 mm<\/td><\/tr><tr><td>&nbsp;A\u011f\u0131rl\u0131k<\/td><td>242 Gram<\/td><\/tr><tr><td><strong>&nbsp;Elektriksel<\/strong><\/td><td>&nbsp;<\/td><\/tr><tr><td>&nbsp;\u00c7al\u0131\u015fma Voltaj\u0131<\/td><td>5VDC (\u00b1 %5)<\/td><\/tr><tr><td>&nbsp;Ak\u0131m De\u011ferleri<\/td><td>Standart: 127,3 mA<\/td><\/tr><tr><td>Max: 280,7 mA<\/td><\/tr><tr><td><strong>&nbsp;\u00c7evresel<\/strong><\/td><td>&nbsp;<\/td><\/tr><tr><td>&nbsp;\u00c7al\u0131\u015fma S\u0131cakl\u0131\u011f\u0131<\/td><td>-20 \u00b0C ~ 60 \u00b0C<\/td><\/tr><tr><td>&nbsp;Muhafaza S\u0131cakl\u0131\u011f\u0131<\/td><td>-40 \u00b0C ~ 70 \u00b0C<\/td><\/tr><tr><td>&nbsp;Nem<\/td><td>%5 ~ %95 (Yo\u011fu\u015fmas\u0131z)<\/td><\/tr><tr><td>&nbsp;ESD<\/td><td>\u00b112 KV (air discharge); \u00b16 KV (direct discharge)<\/td><\/tr><tr><td>&nbsp;Darbe Dayan\u0131kl\u0131l\u0131\u011f\u0131<\/td><td>Maksimum 1,2 Metre<\/td><\/tr><tr><td>&nbsp;IP Standart\u0131<\/td><td>IP50<\/td><\/tr><tr><td><strong>&nbsp;Sertifikalar<\/strong><\/td><td>&nbsp;<\/td><\/tr><tr><td>&nbsp;Sertifikalar<\/td><td>FCC Part15 Class B, CE EMC Class B, RoHS, IEC\/EN 62471<\/td><\/tr><tr><td><strong>&nbsp;Desteklenen Barkod Tipleri<\/strong><\/td><td>&nbsp;<\/td><\/tr><tr><td>&nbsp;Barkod Tipleri<\/td><td>1D<\/td><td>EAN-13, EAN-8, UPC-A, UPC-E, ISSN, ISBN, Codabar, Code 128, Code 93, ITF-6, ITF-14, Interleaved 2 of 5, Industrial 2 of 5, Standard 2 of 5, Matrix 2 of 5, GS1 Databar, Code 39, Code 11, MSI-Plessey, Plessey vb.<\/td><\/tr><tr><td>2D<\/td><td>PDF417, Data Matrix, QR Code, Chinese Sensible Code<\/td><\/tr><\/tbody><\/table>\n","protected":false},"excerpt":{"rendered":"<p>\u25cf 2D Karekod Okuyucu\u25cf 640 x 480 Piksel CMOS Sensor\u25cf 5 mil \u00e7\u00f6z\u00fcn\u00fcrl\u00fck\u25cf LCD Ekrandan Okuyabilme\u25cf Seri Port ve USB Ba\u011flant\u0131 Se\u00e7enekleri &nbsp;Performans &nbsp;Image Sensor 640 x 480 Piksel CMOS &nbsp;I\u015f\u0131k Kayna\u011f\u0131 Beyaz LED &nbsp;Minumum Bar Geni\u015fli\u011fi 0,127 mm (5 mil) &nbsp;Tarama A\u00e7\u0131s\u0131 Pitch: \u00b130\u00b0, Roll: 360\u00b0, Skew: \u00b130\u00b0 &nbsp;Tarama Alan\u0131 Yatay: 73\u00b0, Dikey: 56\u00b0 [&hellip;]<\/p>\n","protected":false},"author":1,"featured_media":0,"parent":756,"menu_order":0,"comment_status":"closed","ping_status":"closed","template":"","meta":[],"yoast_head":"<!-- This site is optimized with the Yoast SEO plugin v15.7 - https:\/\/yoast.com\/wordpress\/plugins\/seo\/ -->\n<title>Newland FR2170 Neon Masa\u00fcst\u00fc Karekod Okuyucu - Crea Barkod<\/title>\n<meta name=\"robots\" content=\"index, follow, max-snippet:-1, max-image-preview:large, max-video-preview:-1\" \/>\n<link rel=\"canonical\" href=\"http:\/\/www.creabarkod.com\/?page_id=1181\" \/>\n<meta property=\"og:locale\" content=\"tr_TR\" \/>\n<meta property=\"og:type\" content=\"article\" \/>\n<meta property=\"og:title\" content=\"Newland FR2170 Neon Masa\u00fcst\u00fc Karekod Okuyucu - Crea Barkod\" \/>\n<meta property=\"og:description\" content=\"\u25cf 2D Karekod Okuyucu\u25cf 640 x 480 Piksel CMOS Sensor\u25cf 5 mil \u00e7\u00f6z\u00fcn\u00fcrl\u00fck\u25cf LCD Ekrandan Okuyabilme\u25cf Seri Port ve USB Ba\u011flant\u0131 Se\u00e7enekleri &nbsp;Performans &nbsp;Image Sensor 640 x 480 Piksel CMOS &nbsp;I\u015f\u0131k Kayna\u011f\u0131 Beyaz LED &nbsp;Minumum Bar Geni\u015fli\u011fi 0,127 mm (5 mil) &nbsp;Tarama A\u00e7\u0131s\u0131 Pitch: \u00b130\u00b0, Roll: 360\u00b0, Skew: \u00b130\u00b0 &nbsp;Tarama Alan\u0131 Yatay: 73\u00b0, Dikey: 56\u00b0 [&hellip;]\" \/>\n<meta property=\"og:url\" content=\"http:\/\/www.creabarkod.com\/?page_id=1181\" \/>\n<meta property=\"og:site_name\" content=\"Crea Barkod\" \/>\n<meta property=\"article:modified_time\" content=\"2019-06-21T13:12:18+00:00\" \/>\n<meta property=\"og:image\" content=\"http:\/\/www.creabarkod.com\/wp-content\/uploads\/2019\/06\/Newland-FR2170-Neon-Masa\u00fcst\u00fc-Karekod-Okuyucu-1.jpg\" \/>\n<meta name=\"twitter:card\" content=\"summary_large_image\" \/>\n<meta name=\"twitter:label1\" content=\"Tahmini okuma s\u00fcresi\">\n\t<meta name=\"twitter:data1\" content=\"1 dakika\">\n<script type=\"application\/ld+json\" class=\"yoast-schema-graph\">{\"@context\":\"https:\/\/schema.org\",\"@graph\":[{\"@type\":\"WebSite\",\"@id\":\"http:\/\/www.creabarkod.com\/#website\",\"url\":\"http:\/\/www.creabarkod.com\/\",\"name\":\"Crea Barkod\",\"description\":\"\",\"potentialAction\":[{\"@type\":\"SearchAction\",\"target\":\"http:\/\/www.creabarkod.com\/?s={search_term_string}\",\"query-input\":\"required name=search_term_string\"}],\"inLanguage\":\"tr\"},{\"@type\":\"ImageObject\",\"@id\":\"http:\/\/www.creabarkod.com\/?page_id=1181#primaryimage\",\"inLanguage\":\"tr\",\"url\":\"http:\/\/www.creabarkod.com\/wp-content\/uploads\/2019\/06\/Newland-FR2170-Neon-Masa\\u00fcst\\u00fc-Karekod-Okuyucu-1.jpg\",\"width\":500,\"height\":500,\"caption\":\"Newland FR2170 Neon Masa\\u00fcst\\u00fc Karekod Okuyucu\"},{\"@type\":\"WebPage\",\"@id\":\"http:\/\/www.creabarkod.com\/?page_id=1181#webpage\",\"url\":\"http:\/\/www.creabarkod.com\/?page_id=1181\",\"name\":\"Newland FR2170 Neon Masa\\u00fcst\\u00fc Karekod Okuyucu - Crea Barkod\",\"isPartOf\":{\"@id\":\"http:\/\/www.creabarkod.com\/#website\"},\"primaryImageOfPage\":{\"@id\":\"http:\/\/www.creabarkod.com\/?page_id=1181#primaryimage\"},\"datePublished\":\"2019-06-21T12:34:29+00:00\",\"dateModified\":\"2019-06-21T13:12:18+00:00\",\"inLanguage\":\"tr\",\"potentialAction\":[{\"@type\":\"ReadAction\",\"target\":[\"http:\/\/www.creabarkod.com\/?page_id=1181\"]}]}]}<\/script>\n<!-- \/ Yoast SEO plugin. -->","_links":{"self":[{"href":"http:\/\/www.creabarkod.com\/index.php?rest_route=\/wp\/v2\/pages\/1181"}],"collection":[{"href":"http:\/\/www.creabarkod.com\/index.php?rest_route=\/wp\/v2\/pages"}],"about":[{"href":"http:\/\/www.creabarkod.com\/index.php?rest_route=\/wp\/v2\/types\/page"}],"author":[{"embeddable":true,"href":"http:\/\/www.creabarkod.com\/index.php?rest_route=\/wp\/v2\/users\/1"}],"replies":[{"embeddable":true,"href":"http:\/\/www.creabarkod.com\/index.php?rest_route=%2Fwp%2Fv2%2Fcomments&post=1181"}],"version-history":[{"count":1,"href":"http:\/\/www.creabarkod.com\/index.php?rest_route=\/wp\/v2\/pages\/1181\/revisions"}],"predecessor-version":[{"id":1183,"href":"http:\/\/www.creabarkod.com\/index.php?rest_route=\/wp\/v2\/pages\/1181\/revisions\/1183"}],"up":[{"embeddable":true,"href":"http:\/\/www.creabarkod.com\/index.php?rest_route=\/wp\/v2\/pages\/756"}],"wp:attachment":[{"href":"http:\/\/www.creabarkod.com\/index.php?rest_route=%2Fwp%2Fv2%2Fmedia&parent=1181"}],"curies":[{"name":"wp","href":"https:\/\/api.w.org\/{rel}","templated":true}]}}