{"id":1174,"date":"2019-06-21T12:30:41","date_gmt":"2019-06-21T12:30:41","guid":{"rendered":"http:\/\/www.creabarkod.com\/?page_id=1174"},"modified":"2019-06-21T13:12:18","modified_gmt":"2019-06-21T13:12:18","slug":"newland-fm3080-hind-kiosk-karekod-okuyucu","status":"publish","type":"page","link":"http:\/\/www.creabarkod.com\/?page_id=1174","title":{"rendered":"Newland FM3080 Hind Kiosk Karekod Okuyucu"},"content":{"rendered":"\n<ul class=\"wp-block-gallery columns-2 is-cropped\"><li class=\"blocks-gallery-item\"><figure><a href=\"http:\/\/www.creabarkod.com\/wp-content\/uploads\/2019\/06\/Newland-FM3080-Hind-Kiosk-Karekod-Okuyucu-1.jpg\"><img loading=\"lazy\" width=\"500\" height=\"500\" src=\"http:\/\/www.creabarkod.com\/wp-content\/uploads\/2019\/06\/Newland-FM3080-Hind-Kiosk-Karekod-Okuyucu-1.jpg\" alt=\"Newland FM3080 Hind Kiosk Karekod Okuyucu\" data-id=\"1175\" data-link=\"http:\/\/www.creabarkod.com\/?attachment_id=1175\" class=\"wp-image-1175\" srcset=\"http:\/\/www.creabarkod.com\/wp-content\/uploads\/2019\/06\/Newland-FM3080-Hind-Kiosk-Karekod-Okuyucu-1.jpg 500w, http:\/\/www.creabarkod.com\/wp-content\/uploads\/2019\/06\/Newland-FM3080-Hind-Kiosk-Karekod-Okuyucu-1-150x150.jpg 150w, http:\/\/www.creabarkod.com\/wp-content\/uploads\/2019\/06\/Newland-FM3080-Hind-Kiosk-Karekod-Okuyucu-1-300x300.jpg 300w\" sizes=\"(max-width: 500px) 100vw, 500px\" \/><\/a><\/figure><\/li><li class=\"blocks-gallery-item\"><figure><a href=\"http:\/\/www.creabarkod.com\/wp-content\/uploads\/2019\/06\/Newland-FM3080-Hind-Kiosk-Karekod-Okuyucu-2-1.jpg\"><img loading=\"lazy\" width=\"500\" height=\"500\" src=\"http:\/\/www.creabarkod.com\/wp-content\/uploads\/2019\/06\/Newland-FM3080-Hind-Kiosk-Karekod-Okuyucu-2-1.jpg\" alt=\"Newland FM3080 Hind Kiosk Karekod Okuyucu\" data-id=\"1176\" data-link=\"http:\/\/www.creabarkod.com\/?attachment_id=1176\" class=\"wp-image-1176\" srcset=\"http:\/\/www.creabarkod.com\/wp-content\/uploads\/2019\/06\/Newland-FM3080-Hind-Kiosk-Karekod-Okuyucu-2-1.jpg 500w, http:\/\/www.creabarkod.com\/wp-content\/uploads\/2019\/06\/Newland-FM3080-Hind-Kiosk-Karekod-Okuyucu-2-1-150x150.jpg 150w, http:\/\/www.creabarkod.com\/wp-content\/uploads\/2019\/06\/Newland-FM3080-Hind-Kiosk-Karekod-Okuyucu-2-1-300x300.jpg 300w\" sizes=\"(max-width: 500px) 100vw, 500px\" \/><\/a><\/figure><\/li><\/ul>\n\n\n\n<p>\u25cf 2D Karekod Okuyucu<br>\u25cf 800 x 800 Piksel CMOS Sensor<br>\u25cf LCD Ekrandan Okuyabilme<br>\u25cf Kolay Monte \/ Demonte edebilme<br>\u25cf 4 Farkl\u0131 \u0130\u00e7 Renk Se\u00e7ene\u011fi<br>\u25cf Seri Port ve USB Ba\u011flant\u0131 Se\u00e7enekleri <\/p>\n\n\n\n<table class=\"wp-block-table\"><tbody><tr><td><strong>&nbsp;Performans<\/strong><\/td><\/tr><tr><td>&nbsp;Image Sensor<\/td><td>800 x 800 Piksel CMOS<\/td><\/tr><tr><td>&nbsp;I\u015f\u0131k Kayna\u011f\u0131<\/td><td>Beyaz LED<\/td><\/tr><tr><td>&nbsp;Minumum Bar Geni\u015fli\u011fi<\/td><td>&#8211;<\/td><\/tr><tr><td>&nbsp;Tarama Modu<\/td><td>Alg\u0131lama Modu ve S\u00fcrekli Okuma Modu<\/td><\/tr><tr><td>&nbsp;Uyar\u0131c\u0131lar<\/td><td>Bip sesi<\/td><\/tr><tr><td>&nbsp;Yazd\u0131rma kar\u015f\u0131tl\u0131\u011f\u0131<\/td><td>\u2265%25<\/td><\/tr><tr><td>&nbsp;Tarama A\u00e7\u0131s\u0131<\/td><td>Roll: 360\u00b0, Pitch: \u00b140\u00b0, Skew: \u00b140\u00b0<\/td><\/tr><tr><td>&nbsp;Tarama Penceresi Boyutu<\/td><td>50 mm x 50 mm<\/td><\/tr><tr><td>&nbsp;G\u00f6r\u00fcn\u00fcm Alan\u0131<\/td><td>Yatay: 74\u00b0, Dikey: 74\u00b0<\/td><\/tr><tr><td>&nbsp;Desteklenen Arabirimleri<\/td><td>RS-232C ve USB<\/td><\/tr><tr><td><strong>&nbsp;Fiziksel<\/strong><\/td><\/tr><tr><td>&nbsp;Derinlik<\/td><td>67,7 mm<\/td><\/tr><tr><td>&nbsp;Geni\u015flik<\/td><td>78,7 mm<\/td><\/tr><tr><td>&nbsp;Y\u00fckseklik<\/td><td>47,5 mm<\/td><\/tr><tr><td>&nbsp;A\u011f\u0131rl\u0131k<\/td><td>132 Gram<\/td><\/tr><tr><td><strong>&nbsp;Elektriksel<\/strong><\/td><\/tr><tr><td>&nbsp;Giri\u015f Voltaj\u0131<\/td><td>5VDC (\u00b15%)<\/td><\/tr><tr><td>&nbsp;\u00c7al\u0131\u015fma Ak\u0131m\u0131<\/td><td>185 mA (Max. 193 mA) @5VDC<\/td><\/tr><tr><td>&nbsp;G\u00fc\u00e7 T\u00fcketimi<\/td><td>Max. 869 mW<\/td><\/tr><tr><td><strong>&nbsp;\u00c7evresel<\/strong><\/td><\/tr><tr><td>&nbsp;\u00c7al\u0131\u015fma S\u0131cakl\u0131\u011f\u0131<\/td><td>-20 \u00b0C ~ 60 \u00b0C<\/td><\/tr><tr><td>&nbsp;Muhafaza S\u0131cakl\u0131\u011f\u0131<\/td><td>-40 \u00b0C ~ 70 \u00b0C<\/td><\/tr><tr><td>&nbsp;Nem<\/td><td>%5 ~ %95 (Yo\u011fu\u015fmas\u0131z)<\/td><\/tr><tr><td>&nbsp;IP Standart\u0131<\/td><td>IP65<\/td><\/tr><tr><td>&nbsp;ESD<\/td><td>\u00b115 KV (air discharge), \u00b18 KV (direct discharge)<\/td><\/tr><tr><td><strong>&nbsp;Sertifikalar<\/strong><\/td><\/tr><tr><td>&nbsp;Sertifikalar<\/td><td>FCC Part15 Class B, CE EMC Class B<\/td><\/tr><tr><td><strong>&nbsp;Desteklenen Barkod Tipleri<\/strong><\/td><\/tr><tr><td>&nbsp;Barkod Tipleri<\/td><td>1D<\/td><td>EAN-8, EAN-13, UPC-A, UPC-E, ISSN, ISBN, Codabar, Standard 2 of 5, Code 128, Code93, ITF-6, ITF-14, GS1 Databar, MSI-Plessey, Code 39, Interleaved 2 of 5, Industrial 2 of 5, Matrix 2 of 5, Code 11, Plessey vb.<\/td><\/tr><tr><td>2D<\/td><td>PDF417, Data Matrix, QR Code, Micro QR Code, Aztec vb.<\/td><\/tr><\/tbody><\/table>\n","protected":false},"excerpt":{"rendered":"<p>\u25cf 2D Karekod Okuyucu\u25cf 800 x 800 Piksel CMOS Sensor\u25cf LCD Ekrandan Okuyabilme\u25cf Kolay Monte \/ Demonte edebilme\u25cf 4 Farkl\u0131 \u0130\u00e7 Renk Se\u00e7ene\u011fi\u25cf Seri Port ve USB Ba\u011flant\u0131 Se\u00e7enekleri &nbsp;Performans &nbsp;Image Sensor 800 x 800 Piksel CMOS &nbsp;I\u015f\u0131k Kayna\u011f\u0131 Beyaz LED &nbsp;Minumum Bar Geni\u015fli\u011fi &#8211; &nbsp;Tarama Modu Alg\u0131lama Modu ve S\u00fcrekli Okuma Modu &nbsp;Uyar\u0131c\u0131lar Bip [&hellip;]<\/p>\n","protected":false},"author":1,"featured_media":0,"parent":756,"menu_order":0,"comment_status":"closed","ping_status":"closed","template":"","meta":[],"yoast_head":"<!-- This site is optimized with the Yoast SEO plugin v15.7 - https:\/\/yoast.com\/wordpress\/plugins\/seo\/ -->\n<title>Newland FM3080 Hind Kiosk Karekod Okuyucu - Crea Barkod<\/title>\n<meta name=\"robots\" content=\"index, follow, max-snippet:-1, max-image-preview:large, max-video-preview:-1\" \/>\n<link rel=\"canonical\" href=\"http:\/\/www.creabarkod.com\/?page_id=1174\" \/>\n<meta property=\"og:locale\" content=\"tr_TR\" \/>\n<meta property=\"og:type\" content=\"article\" \/>\n<meta property=\"og:title\" content=\"Newland FM3080 Hind Kiosk Karekod Okuyucu - Crea Barkod\" \/>\n<meta property=\"og:description\" content=\"\u25cf 2D Karekod Okuyucu\u25cf 800 x 800 Piksel CMOS Sensor\u25cf LCD Ekrandan Okuyabilme\u25cf Kolay Monte \/ Demonte edebilme\u25cf 4 Farkl\u0131 \u0130\u00e7 Renk Se\u00e7ene\u011fi\u25cf Seri Port ve USB Ba\u011flant\u0131 Se\u00e7enekleri &nbsp;Performans &nbsp;Image Sensor 800 x 800 Piksel CMOS &nbsp;I\u015f\u0131k Kayna\u011f\u0131 Beyaz LED &nbsp;Minumum Bar Geni\u015fli\u011fi &#8211; &nbsp;Tarama Modu Alg\u0131lama Modu ve S\u00fcrekli Okuma Modu &nbsp;Uyar\u0131c\u0131lar Bip [&hellip;]\" \/>\n<meta property=\"og:url\" content=\"http:\/\/www.creabarkod.com\/?page_id=1174\" \/>\n<meta property=\"og:site_name\" content=\"Crea Barkod\" \/>\n<meta property=\"article:modified_time\" content=\"2019-06-21T13:12:18+00:00\" \/>\n<meta property=\"og:image\" content=\"http:\/\/www.creabarkod.com\/wp-content\/uploads\/2019\/06\/Newland-FM3080-Hind-Kiosk-Karekod-Okuyucu-1.jpg\" \/>\n<meta name=\"twitter:card\" content=\"summary_large_image\" \/>\n<meta name=\"twitter:label1\" content=\"Tahmini okuma s\u00fcresi\">\n\t<meta name=\"twitter:data1\" content=\"1 dakika\">\n<script type=\"application\/ld+json\" class=\"yoast-schema-graph\">{\"@context\":\"https:\/\/schema.org\",\"@graph\":[{\"@type\":\"WebSite\",\"@id\":\"http:\/\/www.creabarkod.com\/#website\",\"url\":\"http:\/\/www.creabarkod.com\/\",\"name\":\"Crea Barkod\",\"description\":\"\",\"potentialAction\":[{\"@type\":\"SearchAction\",\"target\":\"http:\/\/www.creabarkod.com\/?s={search_term_string}\",\"query-input\":\"required name=search_term_string\"}],\"inLanguage\":\"tr\"},{\"@type\":\"ImageObject\",\"@id\":\"http:\/\/www.creabarkod.com\/?page_id=1174#primaryimage\",\"inLanguage\":\"tr\",\"url\":\"http:\/\/www.creabarkod.com\/wp-content\/uploads\/2019\/06\/Newland-FM3080-Hind-Kiosk-Karekod-Okuyucu-1.jpg\",\"width\":500,\"height\":500,\"caption\":\"Newland FM3080 Hind Kiosk Karekod Okuyucu\"},{\"@type\":\"WebPage\",\"@id\":\"http:\/\/www.creabarkod.com\/?page_id=1174#webpage\",\"url\":\"http:\/\/www.creabarkod.com\/?page_id=1174\",\"name\":\"Newland FM3080 Hind Kiosk Karekod Okuyucu - Crea Barkod\",\"isPartOf\":{\"@id\":\"http:\/\/www.creabarkod.com\/#website\"},\"primaryImageOfPage\":{\"@id\":\"http:\/\/www.creabarkod.com\/?page_id=1174#primaryimage\"},\"datePublished\":\"2019-06-21T12:30:41+00:00\",\"dateModified\":\"2019-06-21T13:12:18+00:00\",\"inLanguage\":\"tr\",\"potentialAction\":[{\"@type\":\"ReadAction\",\"target\":[\"http:\/\/www.creabarkod.com\/?page_id=1174\"]}]}]}<\/script>\n<!-- \/ Yoast SEO plugin. -->","_links":{"self":[{"href":"http:\/\/www.creabarkod.com\/index.php?rest_route=\/wp\/v2\/pages\/1174"}],"collection":[{"href":"http:\/\/www.creabarkod.com\/index.php?rest_route=\/wp\/v2\/pages"}],"about":[{"href":"http:\/\/www.creabarkod.com\/index.php?rest_route=\/wp\/v2\/types\/page"}],"author":[{"embeddable":true,"href":"http:\/\/www.creabarkod.com\/index.php?rest_route=\/wp\/v2\/users\/1"}],"replies":[{"embeddable":true,"href":"http:\/\/www.creabarkod.com\/index.php?rest_route=%2Fwp%2Fv2%2Fcomments&post=1174"}],"version-history":[{"count":1,"href":"http:\/\/www.creabarkod.com\/index.php?rest_route=\/wp\/v2\/pages\/1174\/revisions"}],"predecessor-version":[{"id":1177,"href":"http:\/\/www.creabarkod.com\/index.php?rest_route=\/wp\/v2\/pages\/1174\/revisions\/1177"}],"up":[{"embeddable":true,"href":"http:\/\/www.creabarkod.com\/index.php?rest_route=\/wp\/v2\/pages\/756"}],"wp:attachment":[{"href":"http:\/\/www.creabarkod.com\/index.php?rest_route=%2Fwp%2Fv2%2Fmedia&parent=1174"}],"curies":[{"name":"wp","href":"https:\/\/api.w.org\/{rel}","templated":true}]}}