{"id":1171,"date":"2019-06-21T12:28:50","date_gmt":"2019-06-21T12:28:50","guid":{"rendered":"http:\/\/www.creabarkod.com\/?page_id=1171"},"modified":"2019-06-21T13:12:18","modified_gmt":"2019-06-21T13:12:18","slug":"newland-fm3056-kiosk-karekod-okuyucu","status":"publish","type":"page","link":"http:\/\/www.creabarkod.com\/?page_id=1171","title":{"rendered":"Newland FM3056 Kiosk Karekod Okuyucu"},"content":{"rendered":"\n<figure class=\"wp-block-image is-resized\"><a href=\"http:\/\/www.creabarkod.com\/wp-content\/uploads\/2019\/06\/Newland-FM3056-Kiosk-Karekod-Okuyucu-1.jpg\"><img loading=\"lazy\" src=\"http:\/\/www.creabarkod.com\/wp-content\/uploads\/2019\/06\/Newland-FM3056-Kiosk-Karekod-Okuyucu-1.jpg\" alt=\"Newland FM3056 Kiosk Karekod Okuyucu\" class=\"wp-image-1172\" width=\"250\" height=\"250\" srcset=\"http:\/\/www.creabarkod.com\/wp-content\/uploads\/2019\/06\/Newland-FM3056-Kiosk-Karekod-Okuyucu-1.jpg 500w, http:\/\/www.creabarkod.com\/wp-content\/uploads\/2019\/06\/Newland-FM3056-Kiosk-Karekod-Okuyucu-1-150x150.jpg 150w, http:\/\/www.creabarkod.com\/wp-content\/uploads\/2019\/06\/Newland-FM3056-Kiosk-Karekod-Okuyucu-1-300x300.jpg 300w\" sizes=\"(max-width: 250px) 100vw, 250px\" \/><\/a><\/figure>\n\n\n\n<p>\u25cf 2D Karekod Okuyucu<br>\u25cf 752 x 480 Piksel CMOS Sensor<br>\u25cf 5 mil \u00e7\u00f6z\u00fcn\u00fcrl\u00fck<br>\u25cf LCD Ekrandan Okuyabilme<br>\u25cf Kolay Monte \/ Demonte edebilme<br>\u25cf Seri Port ve USB Ba\u011flant\u0131 Se\u00e7enekleri <\/p>\n\n\n\n<table class=\"wp-block-table\"><tbody><tr><td><strong>&nbsp;Performans<\/strong><\/td><\/tr><tr><td>&nbsp;\u0130\u015flemci<\/td><td>IOTS 0370 CHIP<\/td><\/tr><tr><td>&nbsp;Image Sensor<\/td><td>752 x 480 Piksel CMOS<\/td><\/tr><tr><td>&nbsp;I\u015f\u0131k Kayna\u011f\u0131<\/td><td>Beyaz LED<\/td><\/tr><tr><td>&nbsp;Minumum Bar Geni\u015fli\u011fi<\/td><td>0,127 mm (5 mil)<\/td><\/tr><tr><td>&nbsp;Tarama Modu<\/td><td>Alg\u0131lama Modu ve S\u00fcrekli Okuma Modu<\/td><\/tr><tr><td>&nbsp;Uyar\u0131c\u0131lar<\/td><td>Bip sesi<\/td><\/tr><tr><td>&nbsp;Yazd\u0131rma kar\u015f\u0131tl\u0131\u011f\u0131<\/td><td>\u2265%25<\/td><\/tr><tr><td>&nbsp;Tarama Penceresi Boyutu<\/td><td>31,5 mm x 46,5 mm<\/td><\/tr><tr><td>&nbsp;G\u00f6r\u00fcn\u00fcm Alan\u0131<\/td><td>Yatay: 75\u00b0, Dikey: 50\u00b0<\/td><\/tr><tr><td>&nbsp;Desteklenen Arabirimleri<\/td><td>RS-232C ve USB<\/td><\/tr><tr><td><strong>&nbsp;Fiziksel<\/strong><\/td><\/tr><tr><td>&nbsp;Derinlik<\/td><td>67,7 mm<\/td><\/tr><tr><td>&nbsp;Geni\u015flik<\/td><td>78,7 mm<\/td><\/tr><tr><td>&nbsp;Y\u00fckseklik<\/td><td>53 mm<\/td><\/tr><tr><td>&nbsp;A\u011f\u0131rl\u0131k<\/td><td>173 Gram<\/td><\/tr><tr><td><strong>&nbsp;Elektriksel<\/strong><\/td><\/tr><tr><td>&nbsp;G\u00fc\u00e7 (Opsiyonel)<\/td><td>Giri\u015f Voltaj\u0131: AC100~240V, 50~60Hz<\/td><\/tr><tr><td>\u00c7\u0131k\u0131\u015f: 5VDC (\u00b15%)<\/td><\/tr><tr><td>&nbsp;\u00c7al\u0131\u015fma Ak\u0131m\u0131<\/td><td>Kullan\u0131mda: 108 mA (Max. 114 mA) @5VDC<\/td><\/tr><tr><td>&nbsp;G\u00fc\u00e7 T\u00fcketimi<\/td><td>Max. 534 mW<\/td><\/tr><tr><td><strong>&nbsp;\u00c7evresel<\/strong><\/td><\/tr><tr><td>&nbsp;\u00c7al\u0131\u015fma S\u0131cakl\u0131\u011f\u0131<\/td><td>-20 \u00b0C ~ 60 \u00b0C<\/td><\/tr><tr><td>&nbsp;Muhafaza S\u0131cakl\u0131\u011f\u0131<\/td><td>-40 \u00b0C ~ 70 \u00b0C<\/td><\/tr><tr><td>&nbsp;Nem<\/td><td>%5 ~ %95 (Yo\u011fu\u015fmas\u0131z)<\/td><\/tr><tr><td>&nbsp;ESD<\/td><td>\u00b18 KV (air discharge), \u00b14 KV (direct discharge)<\/td><\/tr><tr><td><strong>&nbsp;Sertifikalar<\/strong><\/td><\/tr><tr><td>&nbsp;Sertifikalar<\/td><td>FCC Part15 Class B, CE EMC Class B<\/td><\/tr><tr><td><strong>&nbsp;Desteklenen Barkod Tipleri<\/strong><\/td><\/tr><tr><td>&nbsp;Barkod Tipleri<\/td><td>1D<\/td><td>EAN-13, EAN-8, UPC-A, UPC-E, ISSN, ISBN, Codabar, Code 128 (FNC1, FNC2, FNC3), Code 93, ITF-6, ITF-14, Interleaved 2 of 5, Industrial 2 of 5, Standard 2 of 5, Matrix 2 of 5, GS1 Databar (RSS-Expand, RSS-Limited, RSS-14), Code 39, Code 11, MSI-Plessey, Plessey<\/td><\/tr><tr><td>2D<\/td><td>PDF417, QR Code, Data Matrix<\/td><\/tr><\/tbody><\/table>\n","protected":false},"excerpt":{"rendered":"<p>\u25cf 2D Karekod Okuyucu\u25cf 752 x 480 Piksel CMOS Sensor\u25cf 5 mil \u00e7\u00f6z\u00fcn\u00fcrl\u00fck\u25cf LCD Ekrandan Okuyabilme\u25cf Kolay Monte \/ Demonte edebilme\u25cf Seri Port ve USB Ba\u011flant\u0131 Se\u00e7enekleri &nbsp;Performans &nbsp;\u0130\u015flemci IOTS 0370 CHIP &nbsp;Image Sensor 752 x 480 Piksel CMOS &nbsp;I\u015f\u0131k Kayna\u011f\u0131 Beyaz LED &nbsp;Minumum Bar Geni\u015fli\u011fi 0,127 mm (5 mil) &nbsp;Tarama Modu Alg\u0131lama Modu ve [&hellip;]<\/p>\n","protected":false},"author":1,"featured_media":0,"parent":756,"menu_order":0,"comment_status":"closed","ping_status":"closed","template":"","meta":[],"yoast_head":"<!-- This site is optimized with the Yoast SEO plugin v15.7 - https:\/\/yoast.com\/wordpress\/plugins\/seo\/ -->\n<title>Newland FM3056 Kiosk Karekod Okuyucu - Crea Barkod<\/title>\n<meta name=\"robots\" content=\"index, follow, max-snippet:-1, max-image-preview:large, max-video-preview:-1\" \/>\n<link rel=\"canonical\" href=\"http:\/\/www.creabarkod.com\/?page_id=1171\" \/>\n<meta property=\"og:locale\" content=\"tr_TR\" \/>\n<meta property=\"og:type\" content=\"article\" \/>\n<meta property=\"og:title\" content=\"Newland FM3056 Kiosk Karekod Okuyucu - Crea Barkod\" \/>\n<meta property=\"og:description\" content=\"\u25cf 2D Karekod Okuyucu\u25cf 752 x 480 Piksel CMOS Sensor\u25cf 5 mil \u00e7\u00f6z\u00fcn\u00fcrl\u00fck\u25cf LCD Ekrandan Okuyabilme\u25cf Kolay Monte \/ Demonte edebilme\u25cf Seri Port ve USB Ba\u011flant\u0131 Se\u00e7enekleri &nbsp;Performans &nbsp;\u0130\u015flemci IOTS 0370 CHIP &nbsp;Image Sensor 752 x 480 Piksel CMOS &nbsp;I\u015f\u0131k Kayna\u011f\u0131 Beyaz LED &nbsp;Minumum Bar Geni\u015fli\u011fi 0,127 mm (5 mil) &nbsp;Tarama Modu Alg\u0131lama Modu ve [&hellip;]\" \/>\n<meta property=\"og:url\" content=\"http:\/\/www.creabarkod.com\/?page_id=1171\" \/>\n<meta property=\"og:site_name\" content=\"Crea Barkod\" \/>\n<meta property=\"article:modified_time\" content=\"2019-06-21T13:12:18+00:00\" \/>\n<meta property=\"og:image\" content=\"http:\/\/www.creabarkod.com\/wp-content\/uploads\/2019\/06\/Newland-FM3056-Kiosk-Karekod-Okuyucu-1.jpg\" \/>\n<meta name=\"twitter:card\" content=\"summary_large_image\" \/>\n<meta name=\"twitter:label1\" content=\"Tahmini okuma s\u00fcresi\">\n\t<meta name=\"twitter:data1\" content=\"1 dakika\">\n<script type=\"application\/ld+json\" class=\"yoast-schema-graph\">{\"@context\":\"https:\/\/schema.org\",\"@graph\":[{\"@type\":\"WebSite\",\"@id\":\"http:\/\/www.creabarkod.com\/#website\",\"url\":\"http:\/\/www.creabarkod.com\/\",\"name\":\"Crea Barkod\",\"description\":\"\",\"potentialAction\":[{\"@type\":\"SearchAction\",\"target\":\"http:\/\/www.creabarkod.com\/?s={search_term_string}\",\"query-input\":\"required name=search_term_string\"}],\"inLanguage\":\"tr\"},{\"@type\":\"ImageObject\",\"@id\":\"http:\/\/www.creabarkod.com\/?page_id=1171#primaryimage\",\"inLanguage\":\"tr\",\"url\":\"http:\/\/www.creabarkod.com\/wp-content\/uploads\/2019\/06\/Newland-FM3056-Kiosk-Karekod-Okuyucu-1.jpg\",\"width\":500,\"height\":500,\"caption\":\"Newland FM3056 Kiosk Karekod Okuyucu\"},{\"@type\":\"WebPage\",\"@id\":\"http:\/\/www.creabarkod.com\/?page_id=1171#webpage\",\"url\":\"http:\/\/www.creabarkod.com\/?page_id=1171\",\"name\":\"Newland FM3056 Kiosk Karekod Okuyucu - Crea Barkod\",\"isPartOf\":{\"@id\":\"http:\/\/www.creabarkod.com\/#website\"},\"primaryImageOfPage\":{\"@id\":\"http:\/\/www.creabarkod.com\/?page_id=1171#primaryimage\"},\"datePublished\":\"2019-06-21T12:28:50+00:00\",\"dateModified\":\"2019-06-21T13:12:18+00:00\",\"inLanguage\":\"tr\",\"potentialAction\":[{\"@type\":\"ReadAction\",\"target\":[\"http:\/\/www.creabarkod.com\/?page_id=1171\"]}]}]}<\/script>\n<!-- \/ Yoast SEO plugin. -->","_links":{"self":[{"href":"http:\/\/www.creabarkod.com\/index.php?rest_route=\/wp\/v2\/pages\/1171"}],"collection":[{"href":"http:\/\/www.creabarkod.com\/index.php?rest_route=\/wp\/v2\/pages"}],"about":[{"href":"http:\/\/www.creabarkod.com\/index.php?rest_route=\/wp\/v2\/types\/page"}],"author":[{"embeddable":true,"href":"http:\/\/www.creabarkod.com\/index.php?rest_route=\/wp\/v2\/users\/1"}],"replies":[{"embeddable":true,"href":"http:\/\/www.creabarkod.com\/index.php?rest_route=%2Fwp%2Fv2%2Fcomments&post=1171"}],"version-history":[{"count":1,"href":"http:\/\/www.creabarkod.com\/index.php?rest_route=\/wp\/v2\/pages\/1171\/revisions"}],"predecessor-version":[{"id":1173,"href":"http:\/\/www.creabarkod.com\/index.php?rest_route=\/wp\/v2\/pages\/1171\/revisions\/1173"}],"up":[{"embeddable":true,"href":"http:\/\/www.creabarkod.com\/index.php?rest_route=\/wp\/v2\/pages\/756"}],"wp:attachment":[{"href":"http:\/\/www.creabarkod.com\/index.php?rest_route=%2Fwp%2Fv2%2Fmedia&parent=1171"}],"curies":[{"name":"wp","href":"https:\/\/api.w.org\/{rel}","templated":true}]}}