{"id":1154,"date":"2019-06-21T12:16:47","date_gmt":"2019-06-21T12:16:47","guid":{"rendered":"http:\/\/www.creabarkod.com\/?page_id=1154"},"modified":"2019-06-21T13:12:18","modified_gmt":"2019-06-21T13:12:18","slug":"datalogic-quickscan-qd2400-karekod-okuyucu","status":"publish","type":"page","link":"http:\/\/www.creabarkod.com\/?page_id=1154","title":{"rendered":"Datalogic QuickScan QD2400 Karekod Okuyucu"},"content":{"rendered":"\n<ul class=\"wp-block-gallery columns-3 is-cropped\"><li class=\"blocks-gallery-item\"><figure><a href=\"http:\/\/www.creabarkod.com\/wp-content\/uploads\/2019\/06\/Datalogic-QuickScan-QD2400-Karekod-Okuyucu-1-1.jpg\"><img loading=\"lazy\" width=\"500\" height=\"500\" src=\"http:\/\/www.creabarkod.com\/wp-content\/uploads\/2019\/06\/Datalogic-QuickScan-QD2400-Karekod-Okuyucu-1-1.jpg\" alt=\"Datalogic QuickScan QD2400 Karekod Okuyucu\" data-id=\"1155\" data-link=\"http:\/\/www.creabarkod.com\/?attachment_id=1155\" class=\"wp-image-1155\" srcset=\"http:\/\/www.creabarkod.com\/wp-content\/uploads\/2019\/06\/Datalogic-QuickScan-QD2400-Karekod-Okuyucu-1-1.jpg 500w, http:\/\/www.creabarkod.com\/wp-content\/uploads\/2019\/06\/Datalogic-QuickScan-QD2400-Karekod-Okuyucu-1-1-150x150.jpg 150w, http:\/\/www.creabarkod.com\/wp-content\/uploads\/2019\/06\/Datalogic-QuickScan-QD2400-Karekod-Okuyucu-1-1-300x300.jpg 300w\" sizes=\"(max-width: 500px) 100vw, 500px\" \/><\/a><\/figure><\/li><li class=\"blocks-gallery-item\"><figure><a href=\"http:\/\/www.creabarkod.com\/wp-content\/uploads\/2019\/06\/Datalogic-QuickScan-QD2400-Karekod-Okuyucu-2.jpg\"><img loading=\"lazy\" width=\"500\" height=\"500\" src=\"http:\/\/www.creabarkod.com\/wp-content\/uploads\/2019\/06\/Datalogic-QuickScan-QD2400-Karekod-Okuyucu-2.jpg\" alt=\"Datalogic QuickScan QD2400 Karekod Okuyucu\" data-id=\"1156\" data-link=\"http:\/\/www.creabarkod.com\/?attachment_id=1156\" class=\"wp-image-1156\" srcset=\"http:\/\/www.creabarkod.com\/wp-content\/uploads\/2019\/06\/Datalogic-QuickScan-QD2400-Karekod-Okuyucu-2.jpg 500w, http:\/\/www.creabarkod.com\/wp-content\/uploads\/2019\/06\/Datalogic-QuickScan-QD2400-Karekod-Okuyucu-2-150x150.jpg 150w, http:\/\/www.creabarkod.com\/wp-content\/uploads\/2019\/06\/Datalogic-QuickScan-QD2400-Karekod-Okuyucu-2-300x300.jpg 300w\" sizes=\"(max-width: 500px) 100vw, 500px\" \/><\/a><\/figure><\/li><li class=\"blocks-gallery-item\"><figure><a href=\"http:\/\/www.creabarkod.com\/wp-content\/uploads\/2019\/06\/Datalogic-QuickScan-QD2400-Karekod-Okuyucu-3.jpg\"><img loading=\"lazy\" width=\"500\" height=\"500\" src=\"http:\/\/www.creabarkod.com\/wp-content\/uploads\/2019\/06\/Datalogic-QuickScan-QD2400-Karekod-Okuyucu-3.jpg\" alt=\"Datalogic QuickScan QD2400 Karekod Okuyucu\" data-id=\"1157\" data-link=\"http:\/\/www.creabarkod.com\/?attachment_id=1157\" class=\"wp-image-1157\" srcset=\"http:\/\/www.creabarkod.com\/wp-content\/uploads\/2019\/06\/Datalogic-QuickScan-QD2400-Karekod-Okuyucu-3.jpg 500w, http:\/\/www.creabarkod.com\/wp-content\/uploads\/2019\/06\/Datalogic-QuickScan-QD2400-Karekod-Okuyucu-3-150x150.jpg 150w, http:\/\/www.creabarkod.com\/wp-content\/uploads\/2019\/06\/Datalogic-QuickScan-QD2400-Karekod-Okuyucu-3-300x300.jpg 300w\" sizes=\"(max-width: 500px) 100vw, 500px\" \/><\/a><\/figure><\/li><\/ul>\n\n\n\n<p>\u25cf 1D, 2D, Postal ve Stacked kodlar\u0131 okuyabilme<br>\u25cf Wide VGA (752 x 480 Piksel) Tarama<br>\u25cf 1D Barkodlarda 0,1 mm (4 mil) \u00e7\u00f6z\u00fcn\u00fcrl\u00fck<br>\u25cf 86000 Lux \u0131\u015f\u0131k ortam\u0131nda dahi sorunsuz okuyabilme<br>\u25cf Barkod okumay\u0131 do\u011frulamak i\u00e7in Green Spot \u0131\u015f\u0131\u011f\u0131<br>\u25cf IP42 Standartlar\u0131nda<br>\u25cf 1,5 metreden d\u00fc\u015fmeye dayan\u0131kl\u0131<br>\u25cf USB Ba\u011flant\u0131 <\/p>\n\n\n\n<table class=\"wp-block-table\"><tbody><tr><td><strong>&nbsp;Okuma Performans\u0131<\/strong><\/td><\/tr><tr><td>&nbsp;Image Sensor<\/td><td>Wide VGA (752 x 480 Piksel)<\/td><\/tr><tr><td>&nbsp;I\u015f\u0131k Kayna\u011f\u0131<\/td><td>Odaklama: 2 Mavi LED<\/td><\/tr><tr><td>Ayd\u0131nlatma: 610-650 nm K\u0131rm\u0131z\u0131 Led<\/td><\/tr><tr><td>&nbsp;Hareket Tolerans\u0131<\/td><td>25 IPS<\/td><\/tr><tr><td>&nbsp;Yazd\u0131rma Kar\u015f\u0131tl\u0131\u011f\u0131<\/td><td>%25<\/td><\/tr><tr><td>&nbsp;Tarama A\u00e7\u0131s\u0131<\/td><td>Pitch:&nbsp;\u00b1&nbsp;65\u00b0; Roll (Tilt):&nbsp;\u00b1&nbsp;360\u00b0; Skew (Yaw):&nbsp;\u00b1&nbsp;60\u00b0<\/td><\/tr><tr><td>&nbsp;G\u00f6stergeler (LED)<\/td><td>Ayarlanabilir Ses Tonu, Datalogic \u2018Green Spot\u2019 Good Read Feedback; Good Read LED<\/td><\/tr><tr><td>&nbsp;\u00c7\u00f6z\u00fcn\u00fcrl\u00fck<\/td><td>0.102 mm \/ 4 mil (1D\/Linear)<\/td><\/tr><tr><td><strong>&nbsp;Arabirimler<\/strong><\/td><td><\/td><\/tr><tr><td>&nbsp;Desteklenen Arabirimler<\/td><td>Klavye, USB, RS-232C, OEM (IBM) USB<\/td><\/tr><tr><td><strong>&nbsp;Fiziksel<\/strong><\/td><td><\/td><\/tr><tr><td>&nbsp;Y\u00fckseklik<\/td><td>163 mm<\/td><\/tr><tr><td>&nbsp;Derinlik<\/td><td>91 mm<\/td><\/tr><tr><td>&nbsp;Geni\u015flik<\/td><td>41 mm<\/td><\/tr><tr><td>&nbsp;A\u011f\u0131rl\u0131k<\/td><td>145 gr<\/td><\/tr><tr><td>&nbsp;Renk<\/td><td>Siyah<\/td><\/tr><tr><td><strong>&nbsp;Elektriksel<\/strong><\/td><td><\/td><\/tr><tr><td>&nbsp;Giri\u015f Voltaj\u0131<\/td><td>4.5 &#8211; 14 VDC (\u00b1%10)<\/td><\/tr><tr><td>&nbsp;\u00c7al\u0131\u015fma Ak\u0131m\u0131<\/td><td>&lt;140 mA @5VDC<\/td><\/tr><tr><td>&nbsp;Beklemede<\/td><td>&lt;50 mA @5VDC<\/td><\/tr><tr><td><strong>&nbsp;\u00c7evresel<\/strong><\/td><td><\/td><\/tr><tr><td>&nbsp;I\u015f\u0131k Seviyesi<\/td><td>86.000 Lux (mAX.)<\/td><\/tr><tr><td>&nbsp;\u00c7al\u0131\u015fma S\u0131cakl\u0131\u011f\u0131<\/td><td>0\u00b0C ~ 50\u00b0C<\/td><\/tr><tr><td>&nbsp;Muhafaza S\u0131cakl\u0131\u011f\u0131<\/td><td>-40 \u00b0C ~ 70 \u00b0C<\/td><\/tr><tr><td>&nbsp;Nem<\/td><td>%0 ~ %95 (Yo\u011funla\u015fmas\u0131z)<\/td><\/tr><tr><td>&nbsp;D\u00fc\u015fme dayan\u0131kl\u0131l\u0131\u011f\u0131<\/td><td>1,5 metre<\/td><\/tr><tr><td>&nbsp;IP Standard\u0131<\/td><td>IP42<\/td><\/tr><tr><td>&nbsp;ESD Korumas\u0131 (Air Discharge)<\/td><td>16 kV<\/td><\/tr><tr><td><strong>&nbsp;\u00c7\u00f6z\u00fcmleme Yetene\u011fi<\/strong><\/td><td><\/td><\/tr><tr><td>&nbsp;1D&nbsp;\/ Linear Kodlar<\/td><td>GS1\/Databar Dahil Standart 1D Linear Kodlar<\/td><\/tr><tr><td>&nbsp;2D Kodlar<\/td><td>Aztec Code,Aztec Mesas, DataMatrix, MaxiCode, QR Code, Micro QR Code, China Han Xin Code&nbsp;<\/td><\/tr><tr><td>&nbsp;Postal Kodlar<\/td><td>Australian Post; British Post; Canadian Post; China Post; Japanese Post; KIX Post; Korea Post; Planet Code; Postnet; Royal Mail Code (RM4SCC)<\/td><\/tr><tr><td>&nbsp;Stacked Kodlar<\/td><td>EAN\/JAN Composites; GS1 DataBar Composites; GS1 DataBar Expanded Stacked; GS1 DataBar Stacked; GS1 DataBar Stacked Omnidirectional; MacroPDF; MicroPDF417; PDF417; UPC A\/E Composites<\/td><\/tr><tr><td><strong>&nbsp;Okuma Aral\u0131klar\u0131<\/strong><\/td><td><\/td><\/tr><tr><td>&nbsp;Tarama mesafeleri<\/td><td>Code 39: 5 mils, 0,5&nbsp; cm ~&nbsp; 15 cm<\/td><\/tr><tr><td>EAN\/UPC-A: 13 mils, 0,5&nbsp; cm ~&nbsp; 35 cm<\/td><\/tr><tr><td>PDF417: 6,6 mils, 1&nbsp; cm ~&nbsp; 13 cm<\/td><\/tr><tr><td>DataMatrix: 10 mils, 1&nbsp; cm ~&nbsp; 13 cm<\/td><\/tr><tr><td><strong>&nbsp;G\u00fcvenlik ve D\u00fczenleyiciler<\/strong><\/td><td><\/td><\/tr><tr><td>&nbsp;Kurum onaylar\u0131 (Sertifikalar)<\/td><td>&#8211;<\/td><\/tr><tr><td>&nbsp;\u00c7evreye Uyum<\/td><td>\u00c7in ve Avrupa RoHS uyumlu<\/td><\/tr><\/tbody><\/table>\n","protected":false},"excerpt":{"rendered":"<p>\u25cf 1D, 2D, Postal ve Stacked kodlar\u0131 okuyabilme\u25cf Wide VGA (752 x 480 Piksel) Tarama\u25cf 1D Barkodlarda 0,1 mm (4 mil) \u00e7\u00f6z\u00fcn\u00fcrl\u00fck\u25cf 86000 Lux \u0131\u015f\u0131k ortam\u0131nda dahi sorunsuz okuyabilme\u25cf Barkod okumay\u0131 do\u011frulamak i\u00e7in Green Spot \u0131\u015f\u0131\u011f\u0131\u25cf IP42 Standartlar\u0131nda\u25cf 1,5 metreden d\u00fc\u015fmeye dayan\u0131kl\u0131\u25cf USB Ba\u011flant\u0131 &nbsp;Okuma Performans\u0131 &nbsp;Image Sensor Wide VGA (752 x 480 Piksel) &nbsp;I\u015f\u0131k [&hellip;]<\/p>\n","protected":false},"author":1,"featured_media":0,"parent":756,"menu_order":0,"comment_status":"closed","ping_status":"closed","template":"","meta":[],"yoast_head":"<!-- This site is optimized with the Yoast SEO plugin v15.7 - https:\/\/yoast.com\/wordpress\/plugins\/seo\/ -->\n<title>Datalogic QuickScan QD2400 Karekod Okuyucu - Crea Barkod<\/title>\n<meta name=\"robots\" content=\"index, follow, max-snippet:-1, max-image-preview:large, max-video-preview:-1\" \/>\n<link rel=\"canonical\" href=\"http:\/\/www.creabarkod.com\/?page_id=1154\" \/>\n<meta property=\"og:locale\" content=\"tr_TR\" \/>\n<meta property=\"og:type\" content=\"article\" \/>\n<meta property=\"og:title\" content=\"Datalogic QuickScan QD2400 Karekod Okuyucu - Crea Barkod\" \/>\n<meta property=\"og:description\" content=\"\u25cf 1D, 2D, Postal ve Stacked kodlar\u0131 okuyabilme\u25cf Wide VGA (752 x 480 Piksel) Tarama\u25cf 1D Barkodlarda 0,1 mm (4 mil) \u00e7\u00f6z\u00fcn\u00fcrl\u00fck\u25cf 86000 Lux \u0131\u015f\u0131k ortam\u0131nda dahi sorunsuz okuyabilme\u25cf Barkod okumay\u0131 do\u011frulamak i\u00e7in Green Spot \u0131\u015f\u0131\u011f\u0131\u25cf IP42 Standartlar\u0131nda\u25cf 1,5 metreden d\u00fc\u015fmeye dayan\u0131kl\u0131\u25cf USB Ba\u011flant\u0131 &nbsp;Okuma Performans\u0131 &nbsp;Image Sensor Wide VGA (752 x 480 Piksel) &nbsp;I\u015f\u0131k [&hellip;]\" \/>\n<meta property=\"og:url\" content=\"http:\/\/www.creabarkod.com\/?page_id=1154\" \/>\n<meta property=\"og:site_name\" content=\"Crea Barkod\" \/>\n<meta property=\"article:modified_time\" content=\"2019-06-21T13:12:18+00:00\" \/>\n<meta property=\"og:image\" content=\"http:\/\/www.creabarkod.com\/wp-content\/uploads\/2019\/06\/Datalogic-QuickScan-QD2400-Karekod-Okuyucu-1-1.jpg\" \/>\n<meta name=\"twitter:card\" content=\"summary_large_image\" \/>\n<meta name=\"twitter:label1\" content=\"Tahmini okuma s\u00fcresi\">\n\t<meta name=\"twitter:data1\" content=\"2 dakika\">\n<script type=\"application\/ld+json\" class=\"yoast-schema-graph\">{\"@context\":\"https:\/\/schema.org\",\"@graph\":[{\"@type\":\"WebSite\",\"@id\":\"http:\/\/www.creabarkod.com\/#website\",\"url\":\"http:\/\/www.creabarkod.com\/\",\"name\":\"Crea Barkod\",\"description\":\"\",\"potentialAction\":[{\"@type\":\"SearchAction\",\"target\":\"http:\/\/www.creabarkod.com\/?s={search_term_string}\",\"query-input\":\"required name=search_term_string\"}],\"inLanguage\":\"tr\"},{\"@type\":\"ImageObject\",\"@id\":\"http:\/\/www.creabarkod.com\/?page_id=1154#primaryimage\",\"inLanguage\":\"tr\",\"url\":\"http:\/\/www.creabarkod.com\/wp-content\/uploads\/2019\/06\/Datalogic-QuickScan-QD2400-Karekod-Okuyucu-1-1.jpg\",\"width\":500,\"height\":500,\"caption\":\"Datalogic QuickScan QD2400 Karekod Okuyucu\"},{\"@type\":\"WebPage\",\"@id\":\"http:\/\/www.creabarkod.com\/?page_id=1154#webpage\",\"url\":\"http:\/\/www.creabarkod.com\/?page_id=1154\",\"name\":\"Datalogic QuickScan QD2400 Karekod Okuyucu - Crea Barkod\",\"isPartOf\":{\"@id\":\"http:\/\/www.creabarkod.com\/#website\"},\"primaryImageOfPage\":{\"@id\":\"http:\/\/www.creabarkod.com\/?page_id=1154#primaryimage\"},\"datePublished\":\"2019-06-21T12:16:47+00:00\",\"dateModified\":\"2019-06-21T13:12:18+00:00\",\"inLanguage\":\"tr\",\"potentialAction\":[{\"@type\":\"ReadAction\",\"target\":[\"http:\/\/www.creabarkod.com\/?page_id=1154\"]}]}]}<\/script>\n<!-- \/ Yoast SEO plugin. -->","_links":{"self":[{"href":"http:\/\/www.creabarkod.com\/index.php?rest_route=\/wp\/v2\/pages\/1154"}],"collection":[{"href":"http:\/\/www.creabarkod.com\/index.php?rest_route=\/wp\/v2\/pages"}],"about":[{"href":"http:\/\/www.creabarkod.com\/index.php?rest_route=\/wp\/v2\/types\/page"}],"author":[{"embeddable":true,"href":"http:\/\/www.creabarkod.com\/index.php?rest_route=\/wp\/v2\/users\/1"}],"replies":[{"embeddable":true,"href":"http:\/\/www.creabarkod.com\/index.php?rest_route=%2Fwp%2Fv2%2Fcomments&post=1154"}],"version-history":[{"count":1,"href":"http:\/\/www.creabarkod.com\/index.php?rest_route=\/wp\/v2\/pages\/1154\/revisions"}],"predecessor-version":[{"id":1158,"href":"http:\/\/www.creabarkod.com\/index.php?rest_route=\/wp\/v2\/pages\/1154\/revisions\/1158"}],"up":[{"embeddable":true,"href":"http:\/\/www.creabarkod.com\/index.php?rest_route=\/wp\/v2\/pages\/756"}],"wp:attachment":[{"href":"http:\/\/www.creabarkod.com\/index.php?rest_route=%2Fwp%2Fv2%2Fmedia&parent=1154"}],"curies":[{"name":"wp","href":"https:\/\/api.w.org\/{rel}","templated":true}]}}