{"id":1151,"date":"2019-06-21T12:14:36","date_gmt":"2019-06-21T12:14:36","guid":{"rendered":"http:\/\/www.creabarkod.com\/?page_id=1151"},"modified":"2019-06-21T13:12:18","modified_gmt":"2019-06-21T13:12:18","slug":"datalogic-magellan-3200vsi-masaustu-karekod-okuyucu","status":"publish","type":"page","link":"http:\/\/www.creabarkod.com\/?page_id=1151","title":{"rendered":"Datalogic Magellan 3200VSi Masa\u00fcst\u00fc Karekod Okuyucu"},"content":{"rendered":"\n<figure class=\"wp-block-image is-resized\"><a href=\"http:\/\/www.creabarkod.com\/wp-content\/uploads\/2019\/06\/Datalogic-Magellan-3200VSi-Masa\u00fcst\u00fc-Karekod-Okuyucu-1.jpg\"><img loading=\"lazy\" src=\"http:\/\/www.creabarkod.com\/wp-content\/uploads\/2019\/06\/Datalogic-Magellan-3200VSi-Masa\u00fcst\u00fc-Karekod-Okuyucu-1.jpg\" alt=\"Datalogic Magellan 3200VSi Masa\u00fcst\u00fc Karekod Okuyucu\" class=\"wp-image-1152\" width=\"250\" height=\"250\" srcset=\"http:\/\/www.creabarkod.com\/wp-content\/uploads\/2019\/06\/Datalogic-Magellan-3200VSi-Masa\u00fcst\u00fc-Karekod-Okuyucu-1.jpg 500w, http:\/\/www.creabarkod.com\/wp-content\/uploads\/2019\/06\/Datalogic-Magellan-3200VSi-Masa\u00fcst\u00fc-Karekod-Okuyucu-1-150x150.jpg 150w, http:\/\/www.creabarkod.com\/wp-content\/uploads\/2019\/06\/Datalogic-Magellan-3200VSi-Masa\u00fcst\u00fc-Karekod-Okuyucu-1-300x300.jpg 300w\" sizes=\"(max-width: 250px) 100vw, 250px\" \/><\/a><\/figure>\n\n\n\n<p>\u25cf Masa\u00fcst\u00fc Imager barkod okuyucu<br>\u25cf 1280 x 1024 Piksel Imager Tarama<br>\u25cf\u00a01D\/2D barkodlarda agresif performans<br>\u25cf\u00a0Telefon ve bilgisayar ekran\u0131ndan okuyabilme<br>\u25cf\u00a0IP52 Standard\u0131nda<br>\u25cf 1,2 metreden d\u00fc\u015fmeye dayan\u0131kl\u0131<br>\u25cf MikroSD kart ile g\u00fcncelleyebilme <\/p>\n\n\n\n<table class=\"wp-block-table\"><tbody><tr><td><strong>&nbsp;\u00c7\u00f6z\u00fcmleme Yetene\u011fi<\/strong><\/td><td><\/td><\/tr><tr><td>&nbsp;1D Linear barkodlar<\/td><td>GS1\/Databar Dahil Standart 1D Linear Kodlar<\/td><\/tr><tr><td>&nbsp;2D barkodlar<\/td><td>Aztec Code; Data Matrix (Sadece ECC200); MaxiCode; QR Code<\/td><\/tr><tr><td>&nbsp;Stacked Kodlar<\/td><td>GS1 DataBar Composites, GS1 DataBar Expanded Stacked; GS1 DataBar Stacked; GS1, DataBar Stacked Omnidirectional; MicroPDF417; PDF417<\/td><\/tr><tr><td><strong>&nbsp;Elektriksel<\/strong><\/td><td><\/td><\/tr><tr><td>&nbsp;Giri\u015f Voltaj\u0131<\/td><td>90-264VAC, 47-63 Hz<\/td><\/tr><tr><td>&nbsp;\u00c7al\u0131\u015fma Ak\u0131m\u0131<\/td><td>8.75 Watts (Max), 2.8 Watts (Nominal)<\/td><\/tr><tr><td>&nbsp;Beklemede<\/td><td>2.0 Watts<\/td><\/tr><tr><td><strong>&nbsp;\u00c7evresel<\/strong><\/td><td><\/td><\/tr><tr><td>&nbsp;I\u015f\u0131k Seviyesi<\/td><td>0-86.100 Lux<\/td><\/tr><tr><td>&nbsp;\u00c7al\u0131\u015fma S\u0131cakl\u0131\u011f\u0131<\/td><td>0\u00b0C ~ 40\u00b0C<\/td><\/tr><tr><td>&nbsp;Muhafaza S\u0131cakl\u0131\u011f\u0131<\/td><td>-40 \u00b0C ~ 70 \u00b0C<\/td><\/tr><tr><td>&nbsp;Nem<\/td><td>%5 ~ %95 (Yo\u011funla\u015fmas\u0131z)<\/td><\/tr><tr><td>&nbsp;ESD Korumas\u0131 (Air Discharge)<\/td><td>25 kV<\/td><\/tr><tr><td><strong>&nbsp;Ara Birimler<\/strong><\/td><td><\/td><\/tr><tr><td>&nbsp;Arabirimler<\/td><td>IBM 46xx; Keyboard Wedge; OEM (IBM) USB; RS-232; USB<\/td><\/tr><tr><td>&nbsp;Auxiliary Ports<\/td><td>Powered RS-232<\/td><\/tr><tr><td><strong>&nbsp;Opsiyonel<\/strong><\/td><td><\/td><\/tr><tr><td>&nbsp;EAS \u00d6zelli\u011fi<\/td><td>G\u00fcvenlik etiket iptal etme \u00f6zelli\u011fi, CheckPoint System, Entegre EAS (Counterpoint IV, V, VI and VII models, Sensormatic: Good Read Acknowledgement)<\/td><\/tr><tr><td>&nbsp;Value Addes \u00d6zelli\u011fi<\/td><td>Diagnostic Reporting; Productivity Index Reporting\u2122 (PIR)<\/td><\/tr><tr><td><strong>&nbsp;Fiziksel<\/strong><\/td><td><\/td><\/tr><tr><td>&nbsp;Y\u00fckseklik<\/td><td>142 mm<\/td><\/tr><tr><td>&nbsp;Geni\u015flik<\/td><td>152 mm<\/td><\/tr><tr><td>&nbsp;Derinlik<\/td><td>82 mm<\/td><\/tr><tr><td>&nbsp;A\u011f\u0131rl\u0131k<\/td><td>600 gr<\/td><\/tr><tr><td><strong>&nbsp;Okuma Performans\u0131<\/strong><\/td><\/tr><tr><td>&nbsp;Grafik format\u0131<\/td><td>BMP, JPEG<\/td><\/tr><tr><td>&nbsp;Imager Sensor<\/td><td>1280 x 1024<\/td><\/tr><tr><td>&nbsp;I\u015f\u0131k Kayna\u011f\u0131<\/td><td>Ayd\u0131nlatma: Multiple Diffused 625 nm LED<\/td><\/tr><tr><td>&nbsp;Yazd\u0131rma Koyulu\u011fu (Max.)<\/td><td>%25<\/td><\/tr><tr><td>&nbsp;Tarama H\u0131z\u0131<\/td><td>Saniyede 39 Milyon Piksel<\/td><\/tr><tr><td>&nbsp;Okuma A\u00e7\u0131s\u0131<\/td><td>Pitch: +\/- 65\u00b0; Roll (Tilt): 0 &#8211; 360\u00b0; Skew (Yaw): +\/- 75\u00b0<\/td><\/tr><tr><td>&nbsp;Okuma G\u00f6stergesi<\/td><td>Ayarlanabilir bip sesi ve tonu, Do\u011fru okundu LED i, Do\u011fru iletme<\/td><\/tr><tr><td>&nbsp;\u00c7\u00f6z\u00fcn\u00fcrl\u00fck (Max.)<\/td><td>0,127 mm (5 Mil)<\/td><\/tr><tr><td><strong>&nbsp;Okuma Aral\u0131klar\u0131<\/strong><\/td><td><\/td><\/tr><tr><td>&nbsp;Tarama mesafeleri (1D)<\/td><td>5 mils: 1.3 to 6.4 cm<br>7.5 mils: 1.3 to 11.4 cm<br>10 mils: 0 to 15.2 cm<br>13 mils: 0 to 20.3 cm<br>20 mils: 0 to 22.9 cm<\/td><\/tr><tr><td><strong>&nbsp;G\u00fcvenlik ve D\u00fczenleyiciler<\/strong><\/td><td><\/td><\/tr><tr><td>&nbsp;Kurum onaylar\u0131 (Sertifikalar)<\/td><td>Kullan\u0131m ama\u00e7l\u0131 G\u00fcvenlik ve d\u00fczenleyicilerine uygundur. Bu cihaza ait sertifikalar, kullan\u0131m k\u0131lavuzunda listelenmi\u015ftir.<\/td><\/tr><tr><td>&nbsp;\u00c7evreye Uyum<\/td><td>\u00c7in ve Avrupa RoHS uyumlu<\/td><\/tr><tr><td>&nbsp;LED S\u0131n\u0131fland\u0131r\u0131lmas\u0131<\/td><td>EN 60825-1 Class 1 LED; IEC 60825-1 Class 1 LED Product<\/td><\/tr><tr><td><strong>&nbsp;Ara\u00e7lar<\/strong><\/td><td><\/td><\/tr><tr><td>&nbsp;Magellan OSP<\/td><td>Magellan On-Screen Programming (OSP) configuration software is available for download at no charge.<\/td><\/tr><tr><td>&nbsp;OPS\/JAVAPOS<\/td><td>JavaPOS Utilities are available for download at no charge.&nbsp; OPOS Utilities are available for download at no charge.<\/td><\/tr><tr><td>&nbsp;Remote Host Download<\/td><td>Lowers service costs and improves operations.<\/td><\/tr><\/tbody><\/table>\n","protected":false},"excerpt":{"rendered":"<p>\u25cf Masa\u00fcst\u00fc Imager barkod okuyucu\u25cf 1280 x 1024 Piksel Imager Tarama\u25cf\u00a01D\/2D barkodlarda agresif performans\u25cf\u00a0Telefon ve bilgisayar ekran\u0131ndan okuyabilme\u25cf\u00a0IP52 Standard\u0131nda\u25cf 1,2 metreden d\u00fc\u015fmeye dayan\u0131kl\u0131\u25cf MikroSD kart ile g\u00fcncelleyebilme &nbsp;\u00c7\u00f6z\u00fcmleme Yetene\u011fi &nbsp;1D Linear barkodlar GS1\/Databar Dahil Standart 1D Linear Kodlar &nbsp;2D barkodlar Aztec Code; Data Matrix (Sadece ECC200); MaxiCode; QR Code &nbsp;Stacked Kodlar GS1 DataBar Composites, GS1 [&hellip;]<\/p>\n","protected":false},"author":1,"featured_media":0,"parent":756,"menu_order":0,"comment_status":"closed","ping_status":"closed","template":"","meta":[],"yoast_head":"<!-- This site is optimized with the Yoast SEO plugin v15.7 - https:\/\/yoast.com\/wordpress\/plugins\/seo\/ -->\n<title>Datalogic Magellan 3200VSi Masa\u00fcst\u00fc Karekod Okuyucu - Crea Barkod<\/title>\n<meta name=\"robots\" content=\"index, follow, max-snippet:-1, max-image-preview:large, max-video-preview:-1\" \/>\n<link rel=\"canonical\" href=\"http:\/\/www.creabarkod.com\/?page_id=1151\" \/>\n<meta property=\"og:locale\" content=\"tr_TR\" \/>\n<meta property=\"og:type\" content=\"article\" \/>\n<meta property=\"og:title\" content=\"Datalogic Magellan 3200VSi Masa\u00fcst\u00fc Karekod Okuyucu - Crea Barkod\" \/>\n<meta property=\"og:description\" content=\"\u25cf Masa\u00fcst\u00fc Imager barkod okuyucu\u25cf 1280 x 1024 Piksel Imager Tarama\u25cf\u00a01D\/2D barkodlarda agresif performans\u25cf\u00a0Telefon ve bilgisayar ekran\u0131ndan okuyabilme\u25cf\u00a0IP52 Standard\u0131nda\u25cf 1,2 metreden d\u00fc\u015fmeye dayan\u0131kl\u0131\u25cf MikroSD kart ile g\u00fcncelleyebilme &nbsp;\u00c7\u00f6z\u00fcmleme Yetene\u011fi &nbsp;1D Linear barkodlar GS1\/Databar Dahil Standart 1D Linear Kodlar &nbsp;2D barkodlar Aztec Code; Data Matrix (Sadece ECC200); MaxiCode; QR Code &nbsp;Stacked Kodlar GS1 DataBar Composites, GS1 [&hellip;]\" \/>\n<meta property=\"og:url\" content=\"http:\/\/www.creabarkod.com\/?page_id=1151\" \/>\n<meta property=\"og:site_name\" content=\"Crea Barkod\" \/>\n<meta property=\"article:modified_time\" content=\"2019-06-21T13:12:18+00:00\" \/>\n<meta property=\"og:image\" content=\"http:\/\/www.creabarkod.com\/wp-content\/uploads\/2019\/06\/Datalogic-Magellan-3200VSi-Masa\u00fcst\u00fc-Karekod-Okuyucu-1.jpg\" \/>\n<meta name=\"twitter:card\" content=\"summary_large_image\" \/>\n<meta name=\"twitter:label1\" content=\"Tahmini okuma s\u00fcresi\">\n\t<meta name=\"twitter:data1\" content=\"2 dakika\">\n<script type=\"application\/ld+json\" class=\"yoast-schema-graph\">{\"@context\":\"https:\/\/schema.org\",\"@graph\":[{\"@type\":\"WebSite\",\"@id\":\"http:\/\/www.creabarkod.com\/#website\",\"url\":\"http:\/\/www.creabarkod.com\/\",\"name\":\"Crea Barkod\",\"description\":\"\",\"potentialAction\":[{\"@type\":\"SearchAction\",\"target\":\"http:\/\/www.creabarkod.com\/?s={search_term_string}\",\"query-input\":\"required name=search_term_string\"}],\"inLanguage\":\"tr\"},{\"@type\":\"ImageObject\",\"@id\":\"http:\/\/www.creabarkod.com\/?page_id=1151#primaryimage\",\"inLanguage\":\"tr\",\"url\":\"http:\/\/www.creabarkod.com\/wp-content\/uploads\/2019\/06\/Datalogic-Magellan-3200VSi-Masa\\u00fcst\\u00fc-Karekod-Okuyucu-1.jpg\",\"width\":500,\"height\":500,\"caption\":\"Datalogic Magellan 3200VSi Masa\\u00fcst\\u00fc Karekod Okuyucu\"},{\"@type\":\"WebPage\",\"@id\":\"http:\/\/www.creabarkod.com\/?page_id=1151#webpage\",\"url\":\"http:\/\/www.creabarkod.com\/?page_id=1151\",\"name\":\"Datalogic Magellan 3200VSi Masa\\u00fcst\\u00fc Karekod Okuyucu - Crea Barkod\",\"isPartOf\":{\"@id\":\"http:\/\/www.creabarkod.com\/#website\"},\"primaryImageOfPage\":{\"@id\":\"http:\/\/www.creabarkod.com\/?page_id=1151#primaryimage\"},\"datePublished\":\"2019-06-21T12:14:36+00:00\",\"dateModified\":\"2019-06-21T13:12:18+00:00\",\"inLanguage\":\"tr\",\"potentialAction\":[{\"@type\":\"ReadAction\",\"target\":[\"http:\/\/www.creabarkod.com\/?page_id=1151\"]}]}]}<\/script>\n<!-- \/ Yoast SEO plugin. -->","_links":{"self":[{"href":"http:\/\/www.creabarkod.com\/index.php?rest_route=\/wp\/v2\/pages\/1151"}],"collection":[{"href":"http:\/\/www.creabarkod.com\/index.php?rest_route=\/wp\/v2\/pages"}],"about":[{"href":"http:\/\/www.creabarkod.com\/index.php?rest_route=\/wp\/v2\/types\/page"}],"author":[{"embeddable":true,"href":"http:\/\/www.creabarkod.com\/index.php?rest_route=\/wp\/v2\/users\/1"}],"replies":[{"embeddable":true,"href":"http:\/\/www.creabarkod.com\/index.php?rest_route=%2Fwp%2Fv2%2Fcomments&post=1151"}],"version-history":[{"count":1,"href":"http:\/\/www.creabarkod.com\/index.php?rest_route=\/wp\/v2\/pages\/1151\/revisions"}],"predecessor-version":[{"id":1153,"href":"http:\/\/www.creabarkod.com\/index.php?rest_route=\/wp\/v2\/pages\/1151\/revisions\/1153"}],"up":[{"embeddable":true,"href":"http:\/\/www.creabarkod.com\/index.php?rest_route=\/wp\/v2\/pages\/756"}],"wp:attachment":[{"href":"http:\/\/www.creabarkod.com\/index.php?rest_route=%2Fwp%2Fv2%2Fmedia&parent=1151"}],"curies":[{"name":"wp","href":"https:\/\/api.w.org\/{rel}","templated":true}]}}