{"id":1132,"date":"2019-06-21T12:06:54","date_gmt":"2019-06-21T12:06:54","guid":{"rendered":"http:\/\/www.creabarkod.com\/?page_id=1132"},"modified":"2019-06-21T13:12:18","modified_gmt":"2019-06-21T13:12:18","slug":"datalogic-gryphon-gd4500-kablolu-karekod-okuyucu","status":"publish","type":"page","link":"http:\/\/www.creabarkod.com\/?page_id=1132","title":{"rendered":"Datalogic Gryphon GD4500 Kablolu Karekod Okuyucu"},"content":{"rendered":"\n<ul class=\"wp-block-gallery columns-6 is-cropped\"><li class=\"blocks-gallery-item\"><figure><a href=\"http:\/\/www.creabarkod.com\/wp-content\/uploads\/2019\/06\/Datalogic-Gryphon-GD4500-Kablolu-Karekod-Okuyucu-1-1.jpg\"><img loading=\"lazy\" width=\"500\" height=\"500\" src=\"http:\/\/www.creabarkod.com\/wp-content\/uploads\/2019\/06\/Datalogic-Gryphon-GD4500-Kablolu-Karekod-Okuyucu-1-1.jpg\" alt=\"Datalogic Gryphon GD4500 Kablolu Karekod Okuyucu\" data-id=\"1133\" data-link=\"http:\/\/www.creabarkod.com\/?attachment_id=1133\" class=\"wp-image-1133\" srcset=\"http:\/\/www.creabarkod.com\/wp-content\/uploads\/2019\/06\/Datalogic-Gryphon-GD4500-Kablolu-Karekod-Okuyucu-1-1.jpg 500w, http:\/\/www.creabarkod.com\/wp-content\/uploads\/2019\/06\/Datalogic-Gryphon-GD4500-Kablolu-Karekod-Okuyucu-1-1-150x150.jpg 150w, http:\/\/www.creabarkod.com\/wp-content\/uploads\/2019\/06\/Datalogic-Gryphon-GD4500-Kablolu-Karekod-Okuyucu-1-1-300x300.jpg 300w\" sizes=\"(max-width: 500px) 100vw, 500px\" \/><\/a><\/figure><\/li><li class=\"blocks-gallery-item\"><figure><a href=\"http:\/\/www.creabarkod.com\/wp-content\/uploads\/2019\/06\/Datalogic-Gryphon-GD4500-Kablolu-Karekod-Okuyucu-2.jpg\"><img loading=\"lazy\" width=\"500\" height=\"500\" src=\"http:\/\/www.creabarkod.com\/wp-content\/uploads\/2019\/06\/Datalogic-Gryphon-GD4500-Kablolu-Karekod-Okuyucu-2.jpg\" alt=\"Datalogic Gryphon GD4500 Kablolu Karekod Okuyucu\" data-id=\"1134\" data-link=\"http:\/\/www.creabarkod.com\/?attachment_id=1134\" class=\"wp-image-1134\" srcset=\"http:\/\/www.creabarkod.com\/wp-content\/uploads\/2019\/06\/Datalogic-Gryphon-GD4500-Kablolu-Karekod-Okuyucu-2.jpg 500w, http:\/\/www.creabarkod.com\/wp-content\/uploads\/2019\/06\/Datalogic-Gryphon-GD4500-Kablolu-Karekod-Okuyucu-2-150x150.jpg 150w, http:\/\/www.creabarkod.com\/wp-content\/uploads\/2019\/06\/Datalogic-Gryphon-GD4500-Kablolu-Karekod-Okuyucu-2-300x300.jpg 300w\" sizes=\"(max-width: 500px) 100vw, 500px\" \/><\/a><\/figure><\/li><li class=\"blocks-gallery-item\"><figure><a href=\"http:\/\/www.creabarkod.com\/wp-content\/uploads\/2019\/06\/Datalogic-Gryphon-GD4500-Kablolu-Karekod-Okuyucu-3.jpg\"><img loading=\"lazy\" width=\"500\" height=\"500\" src=\"http:\/\/www.creabarkod.com\/wp-content\/uploads\/2019\/06\/Datalogic-Gryphon-GD4500-Kablolu-Karekod-Okuyucu-3.jpg\" alt=\"Datalogic Gryphon GD4500 Kablolu Karekod Okuyucu\" data-id=\"1135\" data-link=\"http:\/\/www.creabarkod.com\/?attachment_id=1135\" class=\"wp-image-1135\" srcset=\"http:\/\/www.creabarkod.com\/wp-content\/uploads\/2019\/06\/Datalogic-Gryphon-GD4500-Kablolu-Karekod-Okuyucu-3.jpg 500w, http:\/\/www.creabarkod.com\/wp-content\/uploads\/2019\/06\/Datalogic-Gryphon-GD4500-Kablolu-Karekod-Okuyucu-3-150x150.jpg 150w, http:\/\/www.creabarkod.com\/wp-content\/uploads\/2019\/06\/Datalogic-Gryphon-GD4500-Kablolu-Karekod-Okuyucu-3-300x300.jpg 300w\" sizes=\"(max-width: 500px) 100vw, 500px\" \/><\/a><\/figure><\/li><li class=\"blocks-gallery-item\"><figure><a href=\"http:\/\/www.creabarkod.com\/wp-content\/uploads\/2019\/06\/Datalogic-Gryphon-GD4500-Kablolu-Karekod-Okuyucu-4.jpg\"><img loading=\"lazy\" width=\"500\" height=\"500\" src=\"http:\/\/www.creabarkod.com\/wp-content\/uploads\/2019\/06\/Datalogic-Gryphon-GD4500-Kablolu-Karekod-Okuyucu-4.jpg\" alt=\"Datalogic Gryphon GD4500 Kablolu Karekod Okuyucu\" data-id=\"1136\" data-link=\"http:\/\/www.creabarkod.com\/?attachment_id=1136\" class=\"wp-image-1136\" srcset=\"http:\/\/www.creabarkod.com\/wp-content\/uploads\/2019\/06\/Datalogic-Gryphon-GD4500-Kablolu-Karekod-Okuyucu-4.jpg 500w, http:\/\/www.creabarkod.com\/wp-content\/uploads\/2019\/06\/Datalogic-Gryphon-GD4500-Kablolu-Karekod-Okuyucu-4-150x150.jpg 150w, http:\/\/www.creabarkod.com\/wp-content\/uploads\/2019\/06\/Datalogic-Gryphon-GD4500-Kablolu-Karekod-Okuyucu-4-300x300.jpg 300w\" sizes=\"(max-width: 500px) 100vw, 500px\" \/><\/a><\/figure><\/li><li class=\"blocks-gallery-item\"><figure><a href=\"http:\/\/www.creabarkod.com\/wp-content\/uploads\/2019\/06\/Datalogic-Gryphon-GD4500-Kablolu-Karekod-Okuyucu-5.jpg\"><img loading=\"lazy\" width=\"500\" height=\"500\" src=\"http:\/\/www.creabarkod.com\/wp-content\/uploads\/2019\/06\/Datalogic-Gryphon-GD4500-Kablolu-Karekod-Okuyucu-5.jpg\" alt=\"Datalogic Gryphon GD4500 Kablolu Karekod Okuyucu\" data-id=\"1137\" data-link=\"http:\/\/www.creabarkod.com\/?attachment_id=1137\" class=\"wp-image-1137\" srcset=\"http:\/\/www.creabarkod.com\/wp-content\/uploads\/2019\/06\/Datalogic-Gryphon-GD4500-Kablolu-Karekod-Okuyucu-5.jpg 500w, http:\/\/www.creabarkod.com\/wp-content\/uploads\/2019\/06\/Datalogic-Gryphon-GD4500-Kablolu-Karekod-Okuyucu-5-150x150.jpg 150w, http:\/\/www.creabarkod.com\/wp-content\/uploads\/2019\/06\/Datalogic-Gryphon-GD4500-Kablolu-Karekod-Okuyucu-5-300x300.jpg 300w\" sizes=\"(max-width: 500px) 100vw, 500px\" \/><\/a><\/figure><\/li><li class=\"blocks-gallery-item\"><figure><a href=\"http:\/\/www.creabarkod.com\/wp-content\/uploads\/2019\/06\/Datalogic-Gryphon-GD4500-Kablolu-Karekod-Okuyucu-6.jpg\"><img loading=\"lazy\" width=\"500\" height=\"500\" src=\"http:\/\/www.creabarkod.com\/wp-content\/uploads\/2019\/06\/Datalogic-Gryphon-GD4500-Kablolu-Karekod-Okuyucu-6.jpg\" alt=\"Datalogic Gryphon GD4500 Kablolu Karekod Okuyucu\" data-id=\"1138\" data-link=\"http:\/\/www.creabarkod.com\/?attachment_id=1138\" class=\"wp-image-1138\" srcset=\"http:\/\/www.creabarkod.com\/wp-content\/uploads\/2019\/06\/Datalogic-Gryphon-GD4500-Kablolu-Karekod-Okuyucu-6.jpg 500w, http:\/\/www.creabarkod.com\/wp-content\/uploads\/2019\/06\/Datalogic-Gryphon-GD4500-Kablolu-Karekod-Okuyucu-6-150x150.jpg 150w, http:\/\/www.creabarkod.com\/wp-content\/uploads\/2019\/06\/Datalogic-Gryphon-GD4500-Kablolu-Karekod-Okuyucu-6-300x300.jpg 300w\" sizes=\"(max-width: 500px) 100vw, 500px\" \/><\/a><\/figure><\/li><\/ul>\n\n\n\n<p>\u25cf 1D, 2D, Postal ve Stacked ve Digimarc kodlar\u0131 okuyabilme<br>\u25cf 1280 x 800 Piksel Tarama<br>\u25cf 0,1 mm (4 mil) \u00e7\u00f6z\u00fcn\u00fcrl\u00fck<br>\u25cf Telefon ve bilgisayar ekran\u0131nda dahi okuyabilme<br>\u25cf Barkod okumay\u0131 do\u011frulamak i\u00e7in Green Spot \u0131\u015f\u0131\u011f\u0131<br>\u25cf IP52 Standartlar\u0131nda<br>\u25cf 1,8 metreden d\u00fc\u015fmeye dayan\u0131kl\u0131<br>\u25cf USB Ba\u011flant\u0131 <\/p>\n\n\n\n<table class=\"wp-block-table\"><tbody><tr><td>&nbsp;Model<\/td><td>Ara Birim<\/td><\/tr><tr><td>&nbsp;GD5420<\/td><td>USB<\/td><\/tr><tr><td>&nbsp;GD5490<\/td><td>RS-232, USB, Keyboard Wedge<\/td><\/tr><\/tbody><\/table>\n\n\n\n<table class=\"wp-block-table\"><tbody><tr><td><strong>&nbsp;Okuma Performans\u0131<\/strong><\/td><\/tr><tr><td>&nbsp;Image Sensor<\/td><td>1280 x 800 Piksel (1 Megapiksel)<\/td><\/tr><tr><td>&nbsp;Image Capture<\/td><td>Grafik Bi\u00e7imleri: BMP, JPEG,TIFF, Greyscale:256,16,2<\/td><\/tr><tr><td>&nbsp;I\u015f\u0131k Kayna\u011f\u0131<\/td><td>Odaklama: 650 nm G\u00f6r\u00fclebilir Lazer Diyod (VLD)<\/td><\/tr><tr><td>&nbsp;I\u015f\u0131k Kayna\u011f\u0131<\/td><td>Ayd\u0131nlatma:Beyaz LED (Digimarc Barkodlar i\u00e7in K\u0131rm\u0131z\u0131 LED)<\/td><\/tr><tr><td>&nbsp;Hareket Tolerans\u0131<\/td><td>35 IPS<\/td><\/tr><tr><td>&nbsp;Yazd\u0131rma Kar\u015f\u0131tl\u0131\u011f\u0131<\/td><td>%15<\/td><\/tr><tr><td>&nbsp;Tarama A\u00e7\u0131s\u0131<\/td><td>Pitch: \u00b165, Roll (Tilt):360\u00b0, Skew (Yaw): \u00b165<\/td><\/tr><tr><td>&nbsp;G\u00f6stergeler (LED)<\/td><td>Bip Sesi (Ayarlanabilir), Datalogic Three Green Light (3GL\u2122), Datalogic \u2018Green Spot\u2019 Do\u011frulama I\u015f\u0131\u011f\u0131, Good Read LED; Good Transmission<\/td><\/tr><tr><td>&nbsp;\u00c7\u00f6z\u00fcn\u00fcrl\u00fck<\/td><td>1D \/ Linear<\/td><td>0,102 mm (4 mil)<\/td><\/tr><tr><td>PDF417<\/td><td>0,127 mm (5 mil)<\/td><\/tr><tr><td>Datamatrix<\/td><td>0,195 mm (7,5 mil)<\/td><\/tr><tr><td><strong>&nbsp;Fiziksel<\/strong><\/td><td><\/td><\/tr><tr><td>&nbsp;Y\u00fckseklik<\/td><td>166 mm<\/td><\/tr><tr><td>&nbsp;Derinlik<\/td><td>68 mm<\/td><\/tr><tr><td>&nbsp;Geni\u015flik<\/td><td>109 mm<\/td><\/tr><tr><td>&nbsp;A\u011f\u0131rl\u0131k<\/td><td>161 gr (Stand-Ayak Hari\u00e7)<\/td><\/tr><tr><td>&nbsp;Renk<\/td><td>Siyah<\/td><\/tr><tr><td><strong>&nbsp;Elektriksel<\/strong><\/td><td><\/td><\/tr><tr><td>&nbsp;Giri\u015f Voltaj\u0131<\/td><td>4.5 ~ 14 VDC<\/td><\/tr><tr><td>&nbsp;Ak\u0131m De\u011ferleri<\/td><td>\u00c7al\u0131\u015fma<\/td><td>&lt;300 mA @5V, &lt;200 mA @12V<\/td><\/tr><tr><td>Beklemede<\/td><td>&lt;90 mA @5V, &lt;50 mA @12V<\/td><\/tr><tr><td><strong>&nbsp;\u00c7evresel<\/strong><\/td><td><\/td><\/tr><tr><td>&nbsp;I\u015f\u0131k Seviyesi<\/td><td>100.000 Lux<\/td><\/tr><tr><td>&nbsp;\u00c7al\u0131\u015fma S\u0131cakl\u0131\u011f\u0131<\/td><td>0\u00b0C ~ 50\u00b0C<\/td><\/tr><tr><td>&nbsp;Muhafaza S\u0131cakl\u0131\u011f\u0131<\/td><td>-40 \u00b0C ~ 70 \u00b0C<\/td><\/tr><tr><td>&nbsp;Nem<\/td><td>%5 ~ %95 (Yo\u011funla\u015fmas\u0131z)<\/td><\/tr><tr><td>&nbsp;D\u00fc\u015fme dayan\u0131kl\u0131l\u0131\u011f\u0131<\/td><td>1,8 metre<\/td><\/tr><tr><td>&nbsp;IP Standard\u0131<\/td><td>IP52<\/td><\/tr><tr><td>&nbsp;ESD Korumas\u0131 (Air Discharge)<\/td><td>16 kV<\/td><\/tr><tr><td><strong>&nbsp;\u00c7\u00f6z\u00fcmleme Yetene\u011fi<\/strong><\/td><td><\/td><\/tr><tr><td>&nbsp;1D&nbsp;\/ Linear Kodlar<\/td><td>GS1\/Databar Dahil Standart 1D Linear Kodlar<\/td><\/tr><tr><td>&nbsp;2D Kodlar<\/td><td>Aztec Code, China Han Xin Code, Data Matrix, MaxiCode, Micro QR Code, QR Code, Dot code<\/td><\/tr><tr><td>&nbsp;Postal Kodlar<\/td><td>Australian Post, British Post, China Post, IMB, Japanese Post, KIX Post, Planet Code, Postnet, Royal Mail Code (RM4SCC)<\/td><\/tr><tr><td>&nbsp;Stacked Kodlar<\/td><td>EAN\/JAN Composites, GS1 DataBar Composites, GS1 DataBar Expanded Stacked, GS1 DataBar Stacked, GS1 DataBar Stacked Omnidirectional, MacroPDF, MicroPDF417, PDF417, UPC A\/E Composites<\/td><\/tr><tr><td>&nbsp;Dijital Damgalama<\/td><td>Digimarc Barkodlar<\/td><\/tr><tr><td><strong>&nbsp;Okuma Aral\u0131klar\u0131<\/strong><\/td><td><\/td><\/tr><tr><td>&nbsp;<\/td><td>Code 39<\/td><td>(5 mils)<\/td><td>7 cm ~ 38 cm<\/td><\/tr><tr><td>(10 mils)<\/td><td>2,2 cm ~ 58 cm<\/td><\/tr><tr><td>Datamatrix<\/td><td>(10 mils)<\/td><td>5,5 cm ~ 27 cm<\/td><\/tr><tr><td>(15 mils)<\/td><td>2,8 cm ~ 41 cm<\/td><\/tr><tr><td>EAN-13<\/td><td>(13 mils)<\/td><td>1,0 cm ~ 71 cm<\/td><\/tr><tr><td>PDF417<\/td><td>(10 mils)<\/td><td>2,5 cm ~ 41 cm<\/td><\/tr><tr><td>QrCode<\/td><td>(10 mils)<\/td><td>5,5 cm ~ 24 cm<\/td><\/tr><tr><td><strong>&nbsp;G\u00fcvenlik ve D\u00fczenleyiciler<\/strong><\/td><td><\/td><\/tr><tr><td>&nbsp;Kurum onaylar\u0131 (Sertifikalar)<\/td><td>\u00dcr\u00fcn kullan\u0131m i\u00e7in gerekli g\u00fcvenlik ve d\u00fczenleyicilere uygundur. Kullan\u0131m k\u0131lavuzunda t\u00fcm g\u00fcvenlik ve d\u00fczenleyiciler listelenmi\u015ftir.<\/td><\/tr><tr><td>&nbsp;\u00c7evreye Uyum<\/td><td>\u00c7in ve Avrupa RoHS uyumlu<\/td><\/tr><tr><td>&nbsp;Lazer S\u0131n\u0131fland\u0131rmas\u0131<\/td><td>Dikkatli Lazer Radyasyonu (Lazer \u0131\u015f\u0131\u011f\u0131na do\u011frudan bak\u0131lmamal\u0131) IEC 60825 Class 2<\/td><\/tr><tr><td><strong>&nbsp;Ara\u00e7lar<\/strong><\/td><td><\/td><\/tr><tr><td>&nbsp;Datalogic Aladdin<\/td><td>Okuyucu ile ilgili konfig\u00fcrasyonlar\u0131n yap\u0131lmas\u0131n\u0131 sa\u011flayan program<\/td><\/tr><tr><td>&nbsp;OPOS \/ JavaPOS<\/td><td>oPOS ve JavaPOS ara\u00e7lar\u0131 \u00fccretsiz olarak indirilebilir<\/td><\/tr><tr><td>&nbsp;Remote Host Download<\/td><td>D\u00fc\u015f\u00fck maliyet ve geli\u015fmi\u015f i\u015flemler<\/td><\/tr><\/tbody><\/table>\n","protected":false},"excerpt":{"rendered":"<p>\u25cf 1D, 2D, Postal ve Stacked ve Digimarc kodlar\u0131 okuyabilme\u25cf 1280 x 800 Piksel Tarama\u25cf 0,1 mm (4 mil) \u00e7\u00f6z\u00fcn\u00fcrl\u00fck\u25cf Telefon ve bilgisayar ekran\u0131nda dahi okuyabilme\u25cf Barkod okumay\u0131 do\u011frulamak i\u00e7in Green Spot \u0131\u015f\u0131\u011f\u0131\u25cf IP52 Standartlar\u0131nda\u25cf 1,8 metreden d\u00fc\u015fmeye dayan\u0131kl\u0131\u25cf USB Ba\u011flant\u0131 &nbsp;Model Ara Birim &nbsp;GD5420 USB &nbsp;GD5490 RS-232, USB, Keyboard Wedge &nbsp;Okuma Performans\u0131 &nbsp;Image Sensor [&hellip;]<\/p>\n","protected":false},"author":1,"featured_media":0,"parent":756,"menu_order":0,"comment_status":"closed","ping_status":"closed","template":"","meta":[],"yoast_head":"<!-- This site is optimized with the Yoast SEO plugin v15.7 - https:\/\/yoast.com\/wordpress\/plugins\/seo\/ -->\n<title>Datalogic Gryphon GD4500 Kablolu Karekod Okuyucu - Crea Barkod<\/title>\n<meta name=\"robots\" content=\"index, follow, max-snippet:-1, max-image-preview:large, max-video-preview:-1\" \/>\n<link rel=\"canonical\" href=\"http:\/\/www.creabarkod.com\/?page_id=1132\" \/>\n<meta property=\"og:locale\" content=\"tr_TR\" \/>\n<meta property=\"og:type\" content=\"article\" \/>\n<meta property=\"og:title\" content=\"Datalogic Gryphon GD4500 Kablolu Karekod Okuyucu - Crea Barkod\" \/>\n<meta property=\"og:description\" content=\"\u25cf 1D, 2D, Postal ve Stacked ve Digimarc kodlar\u0131 okuyabilme\u25cf 1280 x 800 Piksel Tarama\u25cf 0,1 mm (4 mil) \u00e7\u00f6z\u00fcn\u00fcrl\u00fck\u25cf Telefon ve bilgisayar ekran\u0131nda dahi okuyabilme\u25cf Barkod okumay\u0131 do\u011frulamak i\u00e7in Green Spot \u0131\u015f\u0131\u011f\u0131\u25cf IP52 Standartlar\u0131nda\u25cf 1,8 metreden d\u00fc\u015fmeye dayan\u0131kl\u0131\u25cf USB Ba\u011flant\u0131 &nbsp;Model Ara Birim &nbsp;GD5420 USB &nbsp;GD5490 RS-232, USB, Keyboard Wedge &nbsp;Okuma Performans\u0131 &nbsp;Image Sensor [&hellip;]\" \/>\n<meta property=\"og:url\" content=\"http:\/\/www.creabarkod.com\/?page_id=1132\" \/>\n<meta property=\"og:site_name\" content=\"Crea Barkod\" \/>\n<meta property=\"article:modified_time\" content=\"2019-06-21T13:12:18+00:00\" \/>\n<meta property=\"og:image\" content=\"http:\/\/www.creabarkod.com\/wp-content\/uploads\/2019\/06\/Datalogic-Gryphon-GD4500-Kablolu-Karekod-Okuyucu-1-1.jpg\" \/>\n<meta name=\"twitter:card\" content=\"summary_large_image\" \/>\n<meta name=\"twitter:label1\" content=\"Tahmini okuma s\u00fcresi\">\n\t<meta name=\"twitter:data1\" content=\"2 dakika\">\n<script type=\"application\/ld+json\" class=\"yoast-schema-graph\">{\"@context\":\"https:\/\/schema.org\",\"@graph\":[{\"@type\":\"WebSite\",\"@id\":\"http:\/\/www.creabarkod.com\/#website\",\"url\":\"http:\/\/www.creabarkod.com\/\",\"name\":\"Crea Barkod\",\"description\":\"\",\"potentialAction\":[{\"@type\":\"SearchAction\",\"target\":\"http:\/\/www.creabarkod.com\/?s={search_term_string}\",\"query-input\":\"required name=search_term_string\"}],\"inLanguage\":\"tr\"},{\"@type\":\"ImageObject\",\"@id\":\"http:\/\/www.creabarkod.com\/?page_id=1132#primaryimage\",\"inLanguage\":\"tr\",\"url\":\"http:\/\/www.creabarkod.com\/wp-content\/uploads\/2019\/06\/Datalogic-Gryphon-GD4500-Kablolu-Karekod-Okuyucu-1-1.jpg\",\"width\":500,\"height\":500,\"caption\":\"Datalogic Gryphon GD4500 Kablolu Karekod Okuyucu\"},{\"@type\":\"WebPage\",\"@id\":\"http:\/\/www.creabarkod.com\/?page_id=1132#webpage\",\"url\":\"http:\/\/www.creabarkod.com\/?page_id=1132\",\"name\":\"Datalogic Gryphon GD4500 Kablolu Karekod Okuyucu - Crea Barkod\",\"isPartOf\":{\"@id\":\"http:\/\/www.creabarkod.com\/#website\"},\"primaryImageOfPage\":{\"@id\":\"http:\/\/www.creabarkod.com\/?page_id=1132#primaryimage\"},\"datePublished\":\"2019-06-21T12:06:54+00:00\",\"dateModified\":\"2019-06-21T13:12:18+00:00\",\"inLanguage\":\"tr\",\"potentialAction\":[{\"@type\":\"ReadAction\",\"target\":[\"http:\/\/www.creabarkod.com\/?page_id=1132\"]}]}]}<\/script>\n<!-- \/ Yoast SEO plugin. -->","_links":{"self":[{"href":"http:\/\/www.creabarkod.com\/index.php?rest_route=\/wp\/v2\/pages\/1132"}],"collection":[{"href":"http:\/\/www.creabarkod.com\/index.php?rest_route=\/wp\/v2\/pages"}],"about":[{"href":"http:\/\/www.creabarkod.com\/index.php?rest_route=\/wp\/v2\/types\/page"}],"author":[{"embeddable":true,"href":"http:\/\/www.creabarkod.com\/index.php?rest_route=\/wp\/v2\/users\/1"}],"replies":[{"embeddable":true,"href":"http:\/\/www.creabarkod.com\/index.php?rest_route=%2Fwp%2Fv2%2Fcomments&post=1132"}],"version-history":[{"count":1,"href":"http:\/\/www.creabarkod.com\/index.php?rest_route=\/wp\/v2\/pages\/1132\/revisions"}],"predecessor-version":[{"id":1139,"href":"http:\/\/www.creabarkod.com\/index.php?rest_route=\/wp\/v2\/pages\/1132\/revisions\/1139"}],"up":[{"embeddable":true,"href":"http:\/\/www.creabarkod.com\/index.php?rest_route=\/wp\/v2\/pages\/756"}],"wp:attachment":[{"href":"http:\/\/www.creabarkod.com\/index.php?rest_route=%2Fwp%2Fv2%2Fmedia&parent=1132"}],"curies":[{"name":"wp","href":"https:\/\/api.w.org\/{rel}","templated":true}]}}