{"id":1113,"date":"2019-06-21T11:42:46","date_gmt":"2019-06-21T11:42:46","guid":{"rendered":"http:\/\/www.creabarkod.com\/?page_id=1113"},"modified":"2019-06-21T11:44:21","modified_gmt":"2019-06-21T11:44:21","slug":"datalogic-powerscan-pm9500-dpm-endustriyel-barkod-okuyucu","status":"publish","type":"page","link":"http:\/\/www.creabarkod.com\/?page_id=1113","title":{"rendered":"Datalogic PowerScan PM9500-DPM End\u00fcstriyel Barkod Okuyucu"},"content":{"rendered":"\n<ul class=\"wp-block-gallery columns-2 is-cropped\"><li class=\"blocks-gallery-item\"><figure><a href=\"http:\/\/www.creabarkod.com\/wp-content\/uploads\/2019\/06\/Datalogic-PowerScan-PM9500-DPM-End\u00fcstriyel-Barkod-Okuyucu-1-1.jpg\"><img loading=\"lazy\" width=\"500\" height=\"500\" src=\"http:\/\/www.creabarkod.com\/wp-content\/uploads\/2019\/06\/Datalogic-PowerScan-PM9500-DPM-End\u00fcstriyel-Barkod-Okuyucu-1-1.jpg\" alt=\"Datalogic PowerScan PM9500-DPM End\u00fcstriyel Barkod Okuyucu\" data-id=\"1114\" data-link=\"http:\/\/www.creabarkod.com\/?attachment_id=1114\" class=\"wp-image-1114\" srcset=\"http:\/\/www.creabarkod.com\/wp-content\/uploads\/2019\/06\/Datalogic-PowerScan-PM9500-DPM-End\u00fcstriyel-Barkod-Okuyucu-1-1.jpg 500w, http:\/\/www.creabarkod.com\/wp-content\/uploads\/2019\/06\/Datalogic-PowerScan-PM9500-DPM-End\u00fcstriyel-Barkod-Okuyucu-1-1-150x150.jpg 150w, http:\/\/www.creabarkod.com\/wp-content\/uploads\/2019\/06\/Datalogic-PowerScan-PM9500-DPM-End\u00fcstriyel-Barkod-Okuyucu-1-1-300x300.jpg 300w\" sizes=\"(max-width: 500px) 100vw, 500px\" \/><\/a><\/figure><\/li><li class=\"blocks-gallery-item\"><figure><a href=\"http:\/\/www.creabarkod.com\/wp-content\/uploads\/2019\/06\/Datalogic-PowerScan-PM9500-DPM-End\u00fcstriyel-Barkod-Okuyucu-2.jpg\"><img loading=\"lazy\" width=\"500\" height=\"500\" src=\"http:\/\/www.creabarkod.com\/wp-content\/uploads\/2019\/06\/Datalogic-PowerScan-PM9500-DPM-End\u00fcstriyel-Barkod-Okuyucu-2.jpg\" alt=\"Datalogic PowerScan PM9500-DPM End\u00fcstriyel Barkod Okuyucu\" data-id=\"1115\" data-link=\"http:\/\/www.creabarkod.com\/?attachment_id=1115\" class=\"wp-image-1115\" srcset=\"http:\/\/www.creabarkod.com\/wp-content\/uploads\/2019\/06\/Datalogic-PowerScan-PM9500-DPM-End\u00fcstriyel-Barkod-Okuyucu-2.jpg 500w, http:\/\/www.creabarkod.com\/wp-content\/uploads\/2019\/06\/Datalogic-PowerScan-PM9500-DPM-End\u00fcstriyel-Barkod-Okuyucu-2-150x150.jpg 150w, http:\/\/www.creabarkod.com\/wp-content\/uploads\/2019\/06\/Datalogic-PowerScan-PM9500-DPM-End\u00fcstriyel-Barkod-Okuyucu-2-300x300.jpg 300w\" sizes=\"(max-width: 500px) 100vw, 500px\" \/><\/a><\/figure><\/li><\/ul>\n\n\n\n<p>\u25cf End\u00fcstriyel\u00a0<strong>Kablosuz<\/strong>\u00a0(Datastar2) Barkod Okuyucu<br>\u25cf 1D, 2D Postal ve Stacked Kodlar\u0131 okuyabilme<br>\u25cf\u00a0<strong>DPM Barkodlar\u0131 okuyabilme<\/strong><br>\u25cf Max. 150 metre ileti\u015fim mesafesi<br>\u25cf Datalogic patentli 4 noktal\u0131 odaklanma y\u00f6ntemi ile tarama \u00f6zelli\u011fi<br>\u25cf Yeni yumu\u015fak beyaz \u0131\u015f\u0131k ayd\u0131nlatma \u00f6zelli\u011fi<br>\u25cf Datalogic Motionix \u2122 hareket alg\u0131lama teknolojisi<br>\u25cf IP65 Standartlar\u0131nda<br>\u25cf 2 metreden d\u00fc\u015fmeye dayan\u0131kl\u0131<br>\u25cf Datalogic 3GL\u2122 ve y\u00fcksek sesli do\u011frulama \u00f6zelli\u011fi<br>\u25cf Keyboard Wedge, RS-232 ve USB Ara Birim deste\u011fi <\/p>\n\n\n\n<table class=\"wp-block-table\"><tbody><tr><td><strong>Okuma Performans\u0131<\/strong><\/td><\/tr><tr><td>&nbsp;DPM (Direkt Part Marking) Yetene\u011fi<\/td><td>Lazer veya kimyasal maddeler ile a\u015f\u0131nd\u0131r\u0131larak olu\u015fturulmu\u015f barkodlar ve Dotmatrix kodlama ile olu\u015fturulmu\u015f DataMatrix barkodlar\u0131 okuyabilme<\/td><\/tr><tr><td>&nbsp;Image Capture<\/td><td>Grafik Bi\u00e7imleri: BMP, JPEG, TIFF (GreyScele:256, 16, 2)<\/td><\/tr><tr><td>&nbsp;Imager Sensor<\/td><td>864 x 544 Piksel<\/td><\/tr><tr><td>&nbsp;I\u015f\u0131k kayna\u011f\u0131<\/td><td>Hedefleme<\/td><td>630&nbsp;&#8211; 680 nm&nbsp;VLD<\/td><\/tr><tr><td>Ayd\u0131nlatma<\/td><td>Beyaz LED I\u015f\u0131\u011f\u0131<\/td><\/tr><tr><td>&nbsp;Bask\u0131 Kontrast\u0131<\/td><td>%15<\/td><\/tr><tr><td>&nbsp;Tarama A\u00e7\u0131s\u0131<\/td><td>Pitch: +\/- 40\u00b0; Roll (Tilt): 360\u00b0; Skew (Yaw): +\/- 40\u00b0<\/td><\/tr><tr><td>&nbsp;G\u00f6stergeler<\/td><td>Bip sesi ( Programlanabilir Ton), Datalogic Three Green Light (3GL\u2122), Do\u011frulama LED i ve Datalogic &#8220;Green Spot&#8221;, \u00c7ift Do\u011frulama LED i<\/td><\/tr><tr><td>&nbsp;\u00c7\u00f6z\u00fcn\u00fcrl\u00fck (Max)<\/td><td>1D Kodlar: 2,5 mil<\/td><\/tr><tr><td>2D Kodlar: 4 mil<\/td><\/tr><tr><td><strong>Kablosuz \u0130leti\u015fim<\/strong><\/td><\/tr><tr><td>&nbsp;Datalogic Star Kablosuz \u0130leti\u015fim Sistemi<\/td><td>Point to Point Konfigurasyon<\/td><\/tr><tr><td>Mult Point Konfigurasyon<\/td><\/tr><tr><td>Seamless Roaming<\/td><\/tr><tr><td>\u00c7ift Tarafl\u0131 \u0130leti\u015fim<\/td><\/tr><tr><td>&nbsp;Yay\u0131mlanan Etkili G\u00fc\u00e7<\/td><td>&lt;10 mW (433.92 MHz de)<\/td><\/tr><tr><td>&lt;1 mW (910 MHz de)<\/td><\/tr><tr><td>&nbsp;Ayn\u0131 Alanda Okuyucu Say\u0131s\u0131<\/td><td>Max. 2000<\/td><\/tr><tr><td>&nbsp;Bir Al\u0131c\u0131ya ba\u011flanabilen Okuyucu Say\u0131s\u0131<\/td><td>Max. 32<\/td><\/tr><tr><td>&nbsp;Radyo Frekans<\/td><td>433 MHz veya 910 MHz<\/td><\/tr><tr><td>&nbsp;\u0130leti\u015fim Mesafesi (A\u00e7\u0131k Havada)<\/td><td>433 Mhz Modelinde<\/td><td>D\u00fc\u015f\u00fck H\u0131z: Max. 100 metre<\/td><\/tr><tr><td>Y\u00fcksek H\u0131z: Max. 50 metre<\/td><\/tr><tr><td>910 Mhz Modelinde<\/td><td>D\u00fc\u015f\u00fck H\u0131z: Max. 150 metre<\/td><\/tr><tr><td>Y\u00fcksek H\u0131z: Max. 80 metre<\/td><\/tr><tr><td><strong>&nbsp;Kablolu \u0130leti\u015fim<\/strong><\/td><td><\/td><\/tr><tr><td>&nbsp;Desteklenen Ara Birimler<\/td><td>Keyboard Wedge, RS-232C ve USB (Multi Interface)<\/td><\/tr><tr><td><strong>&nbsp;Elektriksel<\/strong><\/td><td><\/td><\/tr><tr><td>Giri\u015f Voltaj\u0131<\/td><td>Harici G\u00fc\u00e7 \u0130le: 10-30 VDC, POT: 5 VDC \u00b110%<\/td><\/tr><tr><td>&nbsp;Pil<\/td><td>Tip<\/td><td>2150 mAH Lityum-Ion<\/td><\/tr><tr><td>\u015earj S\u00fcresi<\/td><td>Harici \u015earj \u00dcnitesi ile: 4 Saat, Host Power:10 Saat<\/td><\/tr><tr><td>Kullan\u0131m \u00d6mr\u00fc<\/td><td>Yakla\u015f\u0131k 30.000 okutma<\/td><\/tr><tr><td>Cradle g\u00f6sterge LED leri<\/td><td>K\u0131rm\u0131z\u0131: Pil \u015earj oluyor, Ye\u015fil: Pil Dolu, Sar\u0131: G\u00fc\u00e7\/Data<\/td><\/tr><tr><td>Ak\u0131m<\/td><td>\u015earj Modunda: Harici G\u00fc\u00e7 Giri\u015fi \u0130le: 800 mA @ 10 VDC, POT: 500 mA @ 5 VDC<\/td><\/tr><tr><td>G\u00fc\u00e7 t\u00fcketimleri<\/td><td>150 mA @10 VDC<\/td><\/tr><\/tbody><\/table>\n\n\n\n<table class=\"wp-block-table\"><tbody><tr><td><strong>&nbsp;\u00c7evresel<\/strong><\/td><td><\/td><\/tr><tr><td>&nbsp;I\u015f\u0131k Seviyesi<\/td><td>0 &#8211; 100,000 lux<\/td><\/tr><tr><td>&nbsp;D\u00fc\u015fme dayan\u0131kl\u0131l\u0131\u011f\u0131<\/td><td>2 metreden beton zemine 50 defa d\u00fc\u015fmeye<\/td><\/tr><tr><td>&nbsp;ESD Korumas\u0131 (Air Discharge)<\/td><td>20 kV<\/td><\/tr><tr><td>&nbsp;Nem<\/td><td>0-&nbsp;%95<\/td><\/tr><tr><td>&nbsp;IP Standard\u0131<\/td><td>IP65<\/td><\/tr><tr><td>&nbsp;\u00c7al\u0131\u015fma S\u0131cakl\u0131\u011f\u0131<\/td><td>-20\u00b0C ~ 50\u00b0C<\/td><\/tr><tr><td>&nbsp;Muhafaza S\u0131cakl\u0131\u011f\u0131<\/td><td>-40 \u00b0C ~ 70 \u00b0C<\/td><\/tr><tr><td><strong>&nbsp;Fiziksel<\/strong><\/td><td><\/td><\/tr><tr><td>&nbsp;Renk<\/td><td>Sar\u0131\/Siyah<\/td><\/tr><tr><td>&nbsp;Ebatlar<\/td><td>212 mm x 114 mm x 74 mm<\/td><\/tr><tr><td>&nbsp;A\u011f\u0131rl\u0131k<\/td><td>330 gram<\/td><\/tr><tr><td><strong>&nbsp;Okuma Aral\u0131klar\u0131<\/strong><\/td><td><\/td><\/tr><tr><td>Tarama Aral\u0131klar\u0131<\/td><td>2 mil: 28 mm ~ 63 mm<\/td><\/tr><tr><td>2,5 mil: 25 mm ~ 78 mm<\/td><\/tr><tr><td>5 mil: 12 mm ~ 90 mm<\/td><\/tr><tr><td>4 mil (Datamatrix): 26 mm ~ 52 mm<\/td><\/tr><tr><td>5 mil (Datamatrix): 22 mm ~ 72 mm<\/td><\/tr><tr><td>10 mil (Datamatrix): 20 mm ~ 105 mm<\/td><\/tr><tr><td>13 mil (EAN13): 25 mm ~ 160 mm<\/td><\/tr><tr><td>5 mil (PDF): 12 mm ~ 90 mm<\/td><\/tr><tr><td>10 mil (PDF): 12 mm ~ 125 mm<\/td><\/tr><tr><td><strong>&nbsp;G\u00fcvenlik ve D\u00fczenleyiciler<\/strong><\/td><td><\/td><\/tr><tr><td>&nbsp;Kurum onaylar\u0131 (Sertifikalar)<\/td><td>\u00dcr\u00fcn kullan\u0131m i\u00e7in gerekli g\u00fcvenlik ve d\u00fczenleyicilere uygundur. Kullan\u0131m k\u0131lavuzunda t\u00fcm g\u00fcvenlik ve d\u00fczenleyiciler listelenmi\u015ftir.<\/td><\/tr><tr><td>&nbsp;\u00c7evreye Uyum<\/td><td>\u00c7in, Avrupa ve R.E.A.C.H RoHS uyumlu<\/td><\/tr><tr><td>&nbsp;Lazer S\u0131n\u0131fland\u0131rmas\u0131<\/td><td>CDRH Class II, EN 60825 Class 2 (Lazer \u0131\u015f\u0131\u011f\u0131na do\u011frudan bak\u0131lmamal\u0131)<\/td><\/tr><tr><td>&nbsp;LED S\u0131n\u0131fland\u0131rmas\u0131<\/td><td>IEC 62471 Class 1 LED<\/td><\/tr><tr><td><strong>&nbsp;Ara\u00e7lar<\/strong><\/td><td><\/td><\/tr><tr><td>&nbsp;Datalogic Aladdin<\/td><td>Okuyucu ile ilgili konfig\u00fcrasyonlar\u0131n yap\u0131lmas\u0131n\u0131 sa\u011flayan program<\/td><\/tr><tr><td>&nbsp;OPOS\/JAVAPOS<\/td><td>OPOS ve JavaPOS ara\u00e7lar\u0131 \u00fccretsiz olarak indirilebilir<\/td><\/tr><tr><td>&nbsp;Remote Host Download<\/td><td>\u0130stek \u00fczerine<\/td><\/tr><\/tbody><\/table>\n","protected":false},"excerpt":{"rendered":"<p>\u25cf End\u00fcstriyel\u00a0Kablosuz\u00a0(Datastar2) Barkod Okuyucu\u25cf 1D, 2D Postal ve Stacked Kodlar\u0131 okuyabilme\u25cf\u00a0DPM Barkodlar\u0131 okuyabilme\u25cf Max. 150 metre ileti\u015fim mesafesi\u25cf Datalogic patentli 4 noktal\u0131 odaklanma y\u00f6ntemi ile tarama \u00f6zelli\u011fi\u25cf Yeni yumu\u015fak beyaz \u0131\u015f\u0131k ayd\u0131nlatma \u00f6zelli\u011fi\u25cf Datalogic Motionix \u2122 hareket alg\u0131lama teknolojisi\u25cf IP65 Standartlar\u0131nda\u25cf 2 metreden d\u00fc\u015fmeye dayan\u0131kl\u0131\u25cf Datalogic 3GL\u2122 ve y\u00fcksek sesli do\u011frulama \u00f6zelli\u011fi\u25cf Keyboard Wedge, RS-232 [&hellip;]<\/p>\n","protected":false},"author":1,"featured_media":0,"parent":750,"menu_order":0,"comment_status":"closed","ping_status":"closed","template":"","meta":[],"yoast_head":"<!-- This site is optimized with the Yoast SEO plugin v15.7 - https:\/\/yoast.com\/wordpress\/plugins\/seo\/ -->\n<title>Datalogic PowerScan PM9500-DPM End\u00fcstriyel Barkod Okuyucu - Crea Barkod<\/title>\n<meta name=\"robots\" content=\"index, follow, max-snippet:-1, max-image-preview:large, max-video-preview:-1\" \/>\n<link rel=\"canonical\" href=\"http:\/\/www.creabarkod.com\/?page_id=1113\" \/>\n<meta property=\"og:locale\" content=\"tr_TR\" \/>\n<meta property=\"og:type\" content=\"article\" \/>\n<meta property=\"og:title\" content=\"Datalogic PowerScan PM9500-DPM End\u00fcstriyel Barkod Okuyucu - Crea Barkod\" \/>\n<meta property=\"og:description\" content=\"\u25cf End\u00fcstriyel\u00a0Kablosuz\u00a0(Datastar2) Barkod Okuyucu\u25cf 1D, 2D Postal ve Stacked Kodlar\u0131 okuyabilme\u25cf\u00a0DPM Barkodlar\u0131 okuyabilme\u25cf Max. 150 metre ileti\u015fim mesafesi\u25cf Datalogic patentli 4 noktal\u0131 odaklanma y\u00f6ntemi ile tarama \u00f6zelli\u011fi\u25cf Yeni yumu\u015fak beyaz \u0131\u015f\u0131k ayd\u0131nlatma \u00f6zelli\u011fi\u25cf Datalogic Motionix \u2122 hareket alg\u0131lama teknolojisi\u25cf IP65 Standartlar\u0131nda\u25cf 2 metreden d\u00fc\u015fmeye dayan\u0131kl\u0131\u25cf Datalogic 3GL\u2122 ve y\u00fcksek sesli do\u011frulama \u00f6zelli\u011fi\u25cf Keyboard Wedge, RS-232 [&hellip;]\" \/>\n<meta property=\"og:url\" content=\"http:\/\/www.creabarkod.com\/?page_id=1113\" \/>\n<meta property=\"og:site_name\" content=\"Crea Barkod\" \/>\n<meta property=\"article:modified_time\" content=\"2019-06-21T11:44:21+00:00\" \/>\n<meta property=\"og:image\" content=\"http:\/\/www.creabarkod.com\/wp-content\/uploads\/2019\/06\/Datalogic-PowerScan-PM9500-DPM-End\u00fcstriyel-Barkod-Okuyucu-1-1.jpg\" \/>\n<meta name=\"twitter:card\" content=\"summary_large_image\" \/>\n<meta name=\"twitter:label1\" content=\"Tahmini okuma s\u00fcresi\">\n\t<meta name=\"twitter:data1\" content=\"3 dakika\">\n<script type=\"application\/ld+json\" class=\"yoast-schema-graph\">{\"@context\":\"https:\/\/schema.org\",\"@graph\":[{\"@type\":\"WebSite\",\"@id\":\"http:\/\/www.creabarkod.com\/#website\",\"url\":\"http:\/\/www.creabarkod.com\/\",\"name\":\"Crea Barkod\",\"description\":\"\",\"potentialAction\":[{\"@type\":\"SearchAction\",\"target\":\"http:\/\/www.creabarkod.com\/?s={search_term_string}\",\"query-input\":\"required name=search_term_string\"}],\"inLanguage\":\"tr\"},{\"@type\":\"ImageObject\",\"@id\":\"http:\/\/www.creabarkod.com\/?page_id=1113#primaryimage\",\"inLanguage\":\"tr\",\"url\":\"http:\/\/www.creabarkod.com\/wp-content\/uploads\/2019\/06\/Datalogic-PowerScan-PM9500-DPM-End\\u00fcstriyel-Barkod-Okuyucu-1-1.jpg\",\"width\":500,\"height\":500,\"caption\":\"Datalogic PowerScan PM9500-DPM End\\u00fcstriyel Barkod Okuyucu\"},{\"@type\":\"WebPage\",\"@id\":\"http:\/\/www.creabarkod.com\/?page_id=1113#webpage\",\"url\":\"http:\/\/www.creabarkod.com\/?page_id=1113\",\"name\":\"Datalogic PowerScan PM9500-DPM End\\u00fcstriyel Barkod Okuyucu - Crea Barkod\",\"isPartOf\":{\"@id\":\"http:\/\/www.creabarkod.com\/#website\"},\"primaryImageOfPage\":{\"@id\":\"http:\/\/www.creabarkod.com\/?page_id=1113#primaryimage\"},\"datePublished\":\"2019-06-21T11:42:46+00:00\",\"dateModified\":\"2019-06-21T11:44:21+00:00\",\"inLanguage\":\"tr\",\"potentialAction\":[{\"@type\":\"ReadAction\",\"target\":[\"http:\/\/www.creabarkod.com\/?page_id=1113\"]}]}]}<\/script>\n<!-- \/ Yoast SEO plugin. -->","_links":{"self":[{"href":"http:\/\/www.creabarkod.com\/index.php?rest_route=\/wp\/v2\/pages\/1113"}],"collection":[{"href":"http:\/\/www.creabarkod.com\/index.php?rest_route=\/wp\/v2\/pages"}],"about":[{"href":"http:\/\/www.creabarkod.com\/index.php?rest_route=\/wp\/v2\/types\/page"}],"author":[{"embeddable":true,"href":"http:\/\/www.creabarkod.com\/index.php?rest_route=\/wp\/v2\/users\/1"}],"replies":[{"embeddable":true,"href":"http:\/\/www.creabarkod.com\/index.php?rest_route=%2Fwp%2Fv2%2Fcomments&post=1113"}],"version-history":[{"count":1,"href":"http:\/\/www.creabarkod.com\/index.php?rest_route=\/wp\/v2\/pages\/1113\/revisions"}],"predecessor-version":[{"id":1116,"href":"http:\/\/www.creabarkod.com\/index.php?rest_route=\/wp\/v2\/pages\/1113\/revisions\/1116"}],"up":[{"embeddable":true,"href":"http:\/\/www.creabarkod.com\/index.php?rest_route=\/wp\/v2\/pages\/750"}],"wp:attachment":[{"href":"http:\/\/www.creabarkod.com\/index.php?rest_route=%2Fwp%2Fv2%2Fmedia&parent=1113"}],"curies":[{"name":"wp","href":"https:\/\/api.w.org\/{rel}","templated":true}]}}