{"id":1103,"date":"2019-06-21T11:38:41","date_gmt":"2019-06-21T11:38:41","guid":{"rendered":"http:\/\/www.creabarkod.com\/?page_id=1103"},"modified":"2019-06-21T11:46:38","modified_gmt":"2019-06-21T11:46:38","slug":"datalogic-powerscan-pm9300-endustriyel-barkod-okuyucu","status":"publish","type":"page","link":"http:\/\/www.creabarkod.com\/?page_id=1103","title":{"rendered":"Datalogic PowerScan PM9300 End\u00fcstriyel Barkod Okuyucu"},"content":{"rendered":"\n<ul class=\"wp-block-gallery columns-4 is-cropped\"><li class=\"blocks-gallery-item\"><figure><a href=\"http:\/\/www.creabarkod.com\/wp-content\/uploads\/2019\/06\/Datalogic-PowerScan-PM9300-End\u00fcstriyel-Barkod-Okuyucu-1-1.jpg\"><img loading=\"lazy\" width=\"500\" height=\"500\" src=\"http:\/\/www.creabarkod.com\/wp-content\/uploads\/2019\/06\/Datalogic-PowerScan-PM9300-End\u00fcstriyel-Barkod-Okuyucu-1-1.jpg\" alt=\"Datalogic PowerScan PM9300 End\u00fcstriyel Barkod Okuyucu\" data-id=\"1104\" data-link=\"http:\/\/www.creabarkod.com\/?attachment_id=1104\" class=\"wp-image-1104\" srcset=\"http:\/\/www.creabarkod.com\/wp-content\/uploads\/2019\/06\/Datalogic-PowerScan-PM9300-End\u00fcstriyel-Barkod-Okuyucu-1-1.jpg 500w, http:\/\/www.creabarkod.com\/wp-content\/uploads\/2019\/06\/Datalogic-PowerScan-PM9300-End\u00fcstriyel-Barkod-Okuyucu-1-1-150x150.jpg 150w, http:\/\/www.creabarkod.com\/wp-content\/uploads\/2019\/06\/Datalogic-PowerScan-PM9300-End\u00fcstriyel-Barkod-Okuyucu-1-1-300x300.jpg 300w\" sizes=\"(max-width: 500px) 100vw, 500px\" \/><\/a><\/figure><\/li><li class=\"blocks-gallery-item\"><figure><a href=\"http:\/\/www.creabarkod.com\/wp-content\/uploads\/2019\/06\/Datalogic-PowerScan-PM9300-End\u00fcstriyel-Barkod-Okuyucu-2.jpg\"><img loading=\"lazy\" width=\"500\" height=\"500\" src=\"http:\/\/www.creabarkod.com\/wp-content\/uploads\/2019\/06\/Datalogic-PowerScan-PM9300-End\u00fcstriyel-Barkod-Okuyucu-2.jpg\" alt=\"Datalogic PowerScan PM9300 End\u00fcstriyel Barkod Okuyucu\" data-id=\"1105\" data-link=\"http:\/\/www.creabarkod.com\/?attachment_id=1105\" class=\"wp-image-1105\" srcset=\"http:\/\/www.creabarkod.com\/wp-content\/uploads\/2019\/06\/Datalogic-PowerScan-PM9300-End\u00fcstriyel-Barkod-Okuyucu-2.jpg 500w, http:\/\/www.creabarkod.com\/wp-content\/uploads\/2019\/06\/Datalogic-PowerScan-PM9300-End\u00fcstriyel-Barkod-Okuyucu-2-150x150.jpg 150w, http:\/\/www.creabarkod.com\/wp-content\/uploads\/2019\/06\/Datalogic-PowerScan-PM9300-End\u00fcstriyel-Barkod-Okuyucu-2-300x300.jpg 300w\" sizes=\"(max-width: 500px) 100vw, 500px\" \/><\/a><\/figure><\/li><li class=\"blocks-gallery-item\"><figure><a href=\"http:\/\/www.creabarkod.com\/wp-content\/uploads\/2019\/06\/Datalogic-PowerScan-PM9300-End\u00fcstriyel-Barkod-Okuyucu-3.jpg\"><img loading=\"lazy\" width=\"500\" height=\"500\" src=\"http:\/\/www.creabarkod.com\/wp-content\/uploads\/2019\/06\/Datalogic-PowerScan-PM9300-End\u00fcstriyel-Barkod-Okuyucu-3.jpg\" alt=\"Datalogic PowerScan PM9300 End\u00fcstriyel Barkod Okuyucu\" data-id=\"1106\" data-link=\"http:\/\/www.creabarkod.com\/?attachment_id=1106\" class=\"wp-image-1106\" srcset=\"http:\/\/www.creabarkod.com\/wp-content\/uploads\/2019\/06\/Datalogic-PowerScan-PM9300-End\u00fcstriyel-Barkod-Okuyucu-3.jpg 500w, http:\/\/www.creabarkod.com\/wp-content\/uploads\/2019\/06\/Datalogic-PowerScan-PM9300-End\u00fcstriyel-Barkod-Okuyucu-3-150x150.jpg 150w, http:\/\/www.creabarkod.com\/wp-content\/uploads\/2019\/06\/Datalogic-PowerScan-PM9300-End\u00fcstriyel-Barkod-Okuyucu-3-300x300.jpg 300w\" sizes=\"(max-width: 500px) 100vw, 500px\" \/><\/a><\/figure><\/li><li class=\"blocks-gallery-item\"><figure><a href=\"http:\/\/www.creabarkod.com\/wp-content\/uploads\/2019\/06\/Datalogic-PowerScan-PM9300-End\u00fcstriyel-Barkod-Okuyucu-4.jpg\"><img loading=\"lazy\" width=\"500\" height=\"500\" src=\"http:\/\/www.creabarkod.com\/wp-content\/uploads\/2019\/06\/Datalogic-PowerScan-PM9300-End\u00fcstriyel-Barkod-Okuyucu-4.jpg\" alt=\"Datalogic PowerScan PM9300 End\u00fcstriyel Barkod Okuyucu\" data-id=\"1107\" data-link=\"http:\/\/www.creabarkod.com\/?attachment_id=1107\" class=\"wp-image-1107\" srcset=\"http:\/\/www.creabarkod.com\/wp-content\/uploads\/2019\/06\/Datalogic-PowerScan-PM9300-End\u00fcstriyel-Barkod-Okuyucu-4.jpg 500w, http:\/\/www.creabarkod.com\/wp-content\/uploads\/2019\/06\/Datalogic-PowerScan-PM9300-End\u00fcstriyel-Barkod-Okuyucu-4-150x150.jpg 150w, http:\/\/www.creabarkod.com\/wp-content\/uploads\/2019\/06\/Datalogic-PowerScan-PM9300-End\u00fcstriyel-Barkod-Okuyucu-4-300x300.jpg 300w\" sizes=\"(max-width: 500px) 100vw, 500px\" \/><\/a><\/figure><\/li><\/ul>\n\n\n\n<p>\u25cf End\u00fcstriyel&nbsp;<strong>Kablosuz (Datalogic Star)&nbsp;<\/strong>Barkod Okuyucu<br>\u25cf 1D\/Linear ve Stacked Kodlar\u0131 okuyabilme<br>\u25cf Point to Point veya Multi Point veri iletim \u00f6zelli\u011fi<br>\u25cf Seamless Roaming \u00f6zelli\u011fi<br>\u25cf 50\/100 Metre Aktarma Mesafesi Se\u00e7ene\u011fi<br>\u25cf IP65 Standartlar\u0131nda<br>\u25cf 2 metreden d\u00fc\u015fmeye dayan\u0131kl\u0131<br>\u25cf Ekranl\u0131\/Ekrans\u0131z ve Tu\u015f tak\u0131ms\u0131z\/Tu\u015f tak\u0131ml\u0131 se\u00e7enekleri<br>\u25cf -20\u00b0C derece de dahi \u00e7al\u0131\u015fabilme<br>\u25cf Datalogic 3GL\u2122 ve y\u00fcksek sesli do\u011frulama \u00f6zelli\u011fi<br>\u25cf De\u011fi\u015ftirilebilir pil se\u00e7ene\u011fi<br>\u25cf Klavye, RS-232C, RS-485, USB ve Wand Arabirim se\u00e7enekleri <\/p>\n\n\n\n<table class=\"wp-block-table\"><tbody><tr><td>&nbsp;Model<\/td><td>&nbsp;Ekran<\/td><td>Tu\u015f Tak\u0131m\u0131<\/td><td>Barkod Okuyucu<\/td><\/tr><tr><td>&nbsp;<strong>PM9300-433RBK<\/strong><\/td><td>&nbsp;Yok<\/td><td>&nbsp;Yok<\/td><td>&nbsp;Standart Range<\/td><\/tr><tr><td>&nbsp;<strong>PM9300-AR433RBK<\/strong><\/td><td>&nbsp;Yok<\/td><td>&nbsp;Yok<\/td><td>&nbsp;Auto Range<\/td><\/tr><tr><td>&nbsp;<strong>PM9300-D433RBK<\/strong><\/td><td>&nbsp;Var<\/td><td>&nbsp;4 Tu\u015flu<\/td><td>&nbsp;Standart Range<\/td><\/tr><tr><td>&nbsp;<strong>PM9300-DAR433RBK<\/strong><\/td><td>&nbsp;Var<\/td><td>&nbsp;4 Tu\u015flu<\/td><td>&nbsp;Auto Range<\/td><\/tr><tr><td>&nbsp;<strong>PM9300-DK433RBK<\/strong><\/td><td>&nbsp;Var<\/td><td>&nbsp;16 Tu\u015flu<\/td><td>&nbsp;Standart Range<\/td><\/tr><tr><td>&nbsp;<strong>PM9300-DKAR433RBK<\/strong><\/td><td>&nbsp;Var<\/td><td>&nbsp;16 Tu\u015flu<\/td><td>&nbsp;Auto Range<\/td><\/tr><\/tbody><\/table>\n\n\n\n<table class=\"wp-block-table\"><tbody><tr><td><strong>Kablosuz \u0130leti\u015fim<\/strong><\/td><\/tr><tr><td>&nbsp;Datalogic Star Kablosuz \u0130leti\u015fim Sistemi<\/td><td>Point to Point Konfigurasyon<\/td><\/tr><tr><td>Mult Point Konfigurasyon<\/td><\/tr><tr><td>Seamless Roaming<\/td><\/tr><tr><td>\u00c7ift Tarafl\u0131 \u0130leti\u015fim<\/td><\/tr><tr><td>&nbsp;Radyo Frekans<\/td><td>433 Mhz<\/td><\/tr><tr><td>&nbsp;\u0130leti\u015fim Mesafesi (A\u00e7\u0131k Havada)<\/td><td>Max. 50 metre (500 KB\/Saniye H\u0131z\u0131nda)<\/td><\/tr><tr><td>Max. 100 metre (19.2 KB\/Saniye H\u0131z\u0131nda)<\/td><\/tr><tr><td>&nbsp;Bir Al\u0131c\u0131ya ba\u011flanabilen Okuyucu Say\u0131s\u0131<\/td><td>Max. 16<\/td><\/tr><tr><td><strong>\u00c7\u00f6z\u00fcmleme Yetene\u011fi<\/strong><\/td><\/tr><tr><td>&nbsp;Standart Range<\/td><td>GGS1 DataBar\u2122 linear codes, UPC\/EAN, UPC\/EAN P2\/P5 add ons, UPC\/EAN Coupons, ISBN, Code 128, EAN 128, Code 39, Code 39 Full ASCII, Code 32, Codabar, Interleaved 2 of 5, IATA, Industrial 2 of 5, Standard 2 of 5, Code 11, MSI, Plessey, Code 93, Follet 2\/5, Code 4, Code 5, Datalogic 2 of 5, Codablock F<\/td><\/tr><tr><td>&nbsp;Auto Range<\/td><td>GS1 DataBar\u2122 linear codes, UPC\/EAN, UPC\/ EAN P2\/P5 add ons, UPC\/EAN Coupons, ISBN, Code 128, EAN 128, Code 39, Code 39 Full ASCII, Code 39 CIP, Code 32, Codabar, Interleaved 2 of 5, Standard 2 of 5, MSI, Code 93<\/td><\/tr><tr><td><strong>&nbsp;Elektriksel<\/strong><\/td><td><\/td><\/tr><tr><td>&nbsp;Pil Tipi<\/td><td>2150 mAH Lityum-Ion<\/td><\/tr><tr><td>&nbsp;\u015earj S\u00fcresi<\/td><td>4 Saat (Harici \u015earj \u00dcnitesi ile)<\/td><\/tr><tr><td>Host Power:10 Saat<\/td><\/tr><tr><td>&nbsp;Pil \u00d6mr\u00fc<\/td><td>50.000 okutma<\/td><\/tr><tr><td>&nbsp;Giri\u015f Voltaj\u0131<\/td><td>10-30 VDC, POT:5 VDC \u00b1%5<\/td><\/tr><tr><td>&nbsp;Ak\u0131m De\u011ferleri<\/td><td>\u00c7al\u0131\u015fma: (Tipik)<\/td><\/tr><tr><td>Harici G\u00fc\u00e7: Max. 10 W (\u015earjda)<\/td><\/tr><tr><td>POT: 500 mA (\u015earjda)<\/td><\/tr><tr><td>&nbsp;Cradle G\u00f6sterge LED leri<\/td><td>K\u0131rm\u0131z\u0131: Pil \u015earj Oluyor<\/td><\/tr><tr><td>Ye\u015fil: Pil \u015earj Oldu<\/td><\/tr><tr><td>Sar\u0131: G\u00fc\u00e7\/Veri<\/td><\/tr><tr><td><strong>&nbsp;\u00c7evresel<\/strong><\/td><td><\/td><\/tr><tr><td>&nbsp;I\u015f\u0131k Seviyesi<\/td><td>G\u00fcne\u015f I\u015f\u0131\u011f\u0131<\/td><\/tr><tr><td>&nbsp;D\u00fc\u015fme dayan\u0131kl\u0131l\u0131\u011f\u0131<\/td><td>2 metreden beton zemine 50 defa d\u00fc\u015fmeye<\/td><\/tr><tr><td>&nbsp;ESD Korumas\u0131 (Air Discharge)<\/td><td>20 kV<\/td><\/tr><tr><td>&nbsp;Nem<\/td><td>%0 ~ %95<\/td><\/tr><tr><td>&nbsp;IP Standard\u0131<\/td><td>IP65<\/td><\/tr><tr><td>&nbsp;\u00c7al\u0131\u015fma S\u0131cakl\u0131\u011f\u0131<\/td><td>-20\u00b0C ~ 50\u00b0C<\/td><\/tr><tr><td>&nbsp;Muhafaza S\u0131cakl\u0131\u011f\u0131<\/td><td>-40 \u00b0C ~ 70 \u00b0C<\/td><\/tr><tr><td><strong>&nbsp;Ara Birimler<\/strong><\/td><td><\/td><\/tr><tr><td>&nbsp;Ara Birimler<\/td><td>Keyboard Wedge, RS-232, RS-485, USB, OEM USB, USB COM, USB HID Keyboard, Optional Ethernet (Standard, Industrial)<\/td><\/tr><tr><td><strong>&nbsp;Fiziksel<\/strong><\/td><td><\/td><\/tr><tr><td>&nbsp;Renk<\/td><td>Sar\u0131\/Siyah<\/td><\/tr><tr><td>&nbsp;Ebatlar<\/td><td>Cradle: 240 mm x 108 mm x 95 mm<\/td><\/tr><tr><td>PM9300: 212 mm x 110 mm x 74 mm<\/td><\/tr><tr><td>&nbsp;Ekran<\/td><td>PM9300: Ekran Yok<\/td><\/tr><tr><td>PM9300-D : Arka Ayd\u0131nlatmal\u0131 Grafik Ekran<\/td><\/tr><tr><td>Yaz\u0131 Tipi Boyutu:&nbsp;6 Sat\u0131r x 21 S\u00fctun<\/td><\/tr><tr><td>Ekran \u00c7\u00f6z\u00fcn\u00fcrl\u00fc\u011f\u00fc: 48 x 132 piksel<\/td><\/tr><tr><td>&nbsp;Tu\u015f Tak\u0131m\u0131<\/td><td>PM9300: Tu\u015f Tak\u0131m\u0131 Yok<\/td><\/tr><tr><td>PM9300-D: 4 Tu\u015flu<\/td><\/tr><tr><td>PM9300-DK: 16 Tu\u015flu<\/td><\/tr><tr><td>&nbsp;A\u011f\u0131rl\u0131k<\/td><td>Cradle : ?<\/td><\/tr><tr><td>PM9300-XX: 405 gram<\/td><\/tr><tr><td>PM9300-ARXX, PM9300-DXX \/ PM9300-DKXX: 435 gram<\/td><\/tr><tr><td>PM9300-DARXX \/ PM9300-DKARXX : 465 gram<\/td><\/tr><tr><td><strong>&nbsp;Okuma Performans\u0131<\/strong><\/td><td><\/td><\/tr><tr><td>&nbsp;I\u015f\u0131k kayna\u011f\u0131<\/td><td>630 &#8211; 680 nm VLD<\/td><\/tr><tr><td>&nbsp;Bask\u0131 Kontrast\u0131 (Minimum)<\/td><td>%25<\/td><\/tr><tr><td>&nbsp;Tarama H\u0131z\u0131<\/td><td>Standart Range: 104 \u00b1 12 Tarama\/Saniye<\/td><\/tr><tr><td>Auto Range: 35 \u00b1 5 Tarama\/Saniye<\/td><\/tr><tr><td>&nbsp;Tarama A\u00e7\u0131s\u0131<\/td><td>Standart Range: : Pitch: 40\u00b0, Roll (Tilt): \u00b1 35\u00b0, Skew (Yaw): \u00b1 65\u00b0<\/td><\/tr><tr><td>Auto Range: Pitch: 60\u00b0, Roll (Tilt): \u00b1 10\u00b0, Skew (Yaw): \u00b1 65\u00b0<\/td><\/tr><tr><td>&nbsp;G\u00f6stergeler<\/td><td>Bip sesi ( Programlanabilir Ton), Datalogic Three Green Light (3GL\u2122), Do\u011frulama LED i ve Datalogic &#8220;Green Spot&#8221;, \u00c7ift Do\u011frulama LED i<\/td><\/tr><tr><td>&nbsp;\u00c7\u00f6z\u00fcn\u00fcrl\u00fck (Max)<\/td><td>Standart Range: 0.076 mm (3 mils)<\/td><\/tr><tr><td>&nbsp;Tarama H\u0131z\u0131<\/td><td>Auto Range: 0.190 mm (7.5 mils)<\/td><\/tr><tr><td><strong>&nbsp;Okuma Aral\u0131klar\u0131<\/strong><\/td><td><\/td><\/tr><tr><td>&nbsp;PM9300<br>(Standart Range)<\/td><td>5 mil: 15 mm ~ 280 mm<\/td><\/tr><tr><td>7.5 mil : 15 mm ~ 420 mm<\/td><\/tr><tr><td>10 mil : 20 mm ~ 500 mm<\/td><\/tr><tr><td>20 mil: 20 mm ~ 1100 mm<\/td><\/tr><tr><td>40 mil: 20 mm ~ 1600 mm<\/td><\/tr><tr><td>EAN13: 25 mm ~ 650 mm<\/td><\/tr><tr><td>&nbsp;PM9300AR<br>(Auto Range)<\/td><td>7.5 mil: 90 mm ~ 500 mm<\/td><\/tr><tr><td>10 mil : 140 mm ~ 850 mm<\/td><\/tr><tr><td>15 mil : 150 mm ~ 1550 mm<\/td><\/tr><tr><td>20 mil : 150 mm ~ 2200 mm<\/td><\/tr><tr><td>40 mil : 200 mm ~ 3400 mm<\/td><\/tr><tr><td>55 mil : 250 mm ~ 4200 mm<\/td><\/tr><tr><td>70 mil : Max. 9 metre (Yans\u0131t\u0131c\u0131 Etiketlerde)<\/td><\/tr><tr><td>100 mil : Max. 11,5 metre (Yans\u0131t\u0131c\u0131 Etiketlerde)<\/td><\/tr><tr><td><strong>&nbsp;G\u00fcvenlik ve D\u00fczenleyiciler<\/strong><\/td><td><\/td><\/tr><tr><td>&nbsp;Kurum onaylar\u0131 (Sertifikalar)<\/td><td>\u00dcr\u00fcn kullan\u0131m i\u00e7in gerekli g\u00fcvenlik ve d\u00fczenleyicilere uygundur. Kullan\u0131m k\u0131lavuzunda t\u00fcm g\u00fcvenlik ve d\u00fczenleyiciler listelenmi\u015ftir.<\/td><\/tr><tr><td>&nbsp;\u00c7evreye Uyum<\/td><td>\u00c7in ve Avrupa RoHS uyumlu<\/td><\/tr><tr><td>&nbsp;Lazer S\u0131n\u0131fland\u0131rmas\u0131<\/td><td>CDRH Class II, EN 60825-1 Class 2 (Lazer \u0131\u015f\u0131\u011f\u0131na do\u011frudan bak\u0131lmamal\u0131)<\/td><\/tr><tr><td><strong>&nbsp;Ara\u00e7lar<\/strong><\/td><td><\/td><\/tr><tr><td>&nbsp;Datalogic Aladdin<\/td><td>Okuyucu ile ilgili konfig\u00fcrasyonlar\u0131n yap\u0131lmas\u0131n\u0131 sa\u011flayan program<\/td><\/tr><tr><td>&nbsp;OPOS \/ JAVAPOS<\/td><td>OPOS ve JavaPOS ara\u00e7lar\u0131 \u00fccretsiz olarak indirilebilir<\/td><\/tr><tr><td>&nbsp;Remote Host Download<\/td><td>\u0130stek \u00fczerine<\/td><\/tr><\/tbody><\/table>\n","protected":false},"excerpt":{"rendered":"<p>\u25cf End\u00fcstriyel&nbsp;Kablosuz (Datalogic Star)&nbsp;Barkod Okuyucu\u25cf 1D\/Linear ve Stacked Kodlar\u0131 okuyabilme\u25cf Point to Point veya Multi Point veri iletim \u00f6zelli\u011fi\u25cf Seamless Roaming \u00f6zelli\u011fi\u25cf 50\/100 Metre Aktarma Mesafesi Se\u00e7ene\u011fi\u25cf IP65 Standartlar\u0131nda\u25cf 2 metreden d\u00fc\u015fmeye dayan\u0131kl\u0131\u25cf Ekranl\u0131\/Ekrans\u0131z ve Tu\u015f tak\u0131ms\u0131z\/Tu\u015f tak\u0131ml\u0131 se\u00e7enekleri\u25cf -20\u00b0C derece de dahi \u00e7al\u0131\u015fabilme\u25cf Datalogic 3GL\u2122 ve y\u00fcksek sesli do\u011frulama \u00f6zelli\u011fi\u25cf De\u011fi\u015ftirilebilir pil se\u00e7ene\u011fi\u25cf Klavye, [&hellip;]<\/p>\n","protected":false},"author":1,"featured_media":0,"parent":750,"menu_order":0,"comment_status":"closed","ping_status":"closed","template":"","meta":[],"yoast_head":"<!-- This site is optimized with the Yoast SEO plugin v15.7 - https:\/\/yoast.com\/wordpress\/plugins\/seo\/ -->\n<title>Datalogic PowerScan PM9300 End\u00fcstriyel Barkod Okuyucu - Crea Barkod<\/title>\n<meta name=\"robots\" content=\"index, follow, max-snippet:-1, max-image-preview:large, max-video-preview:-1\" \/>\n<link rel=\"canonical\" href=\"http:\/\/www.creabarkod.com\/?page_id=1103\" \/>\n<meta property=\"og:locale\" content=\"tr_TR\" \/>\n<meta property=\"og:type\" content=\"article\" \/>\n<meta property=\"og:title\" content=\"Datalogic PowerScan PM9300 End\u00fcstriyel Barkod Okuyucu - Crea Barkod\" \/>\n<meta property=\"og:description\" content=\"\u25cf End\u00fcstriyel&nbsp;Kablosuz (Datalogic Star)&nbsp;Barkod Okuyucu\u25cf 1D\/Linear ve Stacked Kodlar\u0131 okuyabilme\u25cf Point to Point veya Multi Point veri iletim \u00f6zelli\u011fi\u25cf Seamless Roaming \u00f6zelli\u011fi\u25cf 50\/100 Metre Aktarma Mesafesi Se\u00e7ene\u011fi\u25cf IP65 Standartlar\u0131nda\u25cf 2 metreden d\u00fc\u015fmeye dayan\u0131kl\u0131\u25cf Ekranl\u0131\/Ekrans\u0131z ve Tu\u015f tak\u0131ms\u0131z\/Tu\u015f tak\u0131ml\u0131 se\u00e7enekleri\u25cf -20\u00b0C derece de dahi \u00e7al\u0131\u015fabilme\u25cf Datalogic 3GL\u2122 ve y\u00fcksek sesli do\u011frulama \u00f6zelli\u011fi\u25cf De\u011fi\u015ftirilebilir pil se\u00e7ene\u011fi\u25cf Klavye, [&hellip;]\" \/>\n<meta property=\"og:url\" content=\"http:\/\/www.creabarkod.com\/?page_id=1103\" \/>\n<meta property=\"og:site_name\" content=\"Crea Barkod\" \/>\n<meta property=\"article:modified_time\" content=\"2019-06-21T11:46:38+00:00\" \/>\n<meta property=\"og:image\" content=\"http:\/\/www.creabarkod.com\/wp-content\/uploads\/2019\/06\/Datalogic-PowerScan-PM9300-End\u00fcstriyel-Barkod-Okuyucu-1-1.jpg\" \/>\n<meta name=\"twitter:card\" content=\"summary_large_image\" \/>\n<meta name=\"twitter:label1\" content=\"Tahmini okuma s\u00fcresi\">\n\t<meta name=\"twitter:data1\" content=\"4 dakika\">\n<script type=\"application\/ld+json\" class=\"yoast-schema-graph\">{\"@context\":\"https:\/\/schema.org\",\"@graph\":[{\"@type\":\"WebSite\",\"@id\":\"http:\/\/www.creabarkod.com\/#website\",\"url\":\"http:\/\/www.creabarkod.com\/\",\"name\":\"Crea Barkod\",\"description\":\"\",\"potentialAction\":[{\"@type\":\"SearchAction\",\"target\":\"http:\/\/www.creabarkod.com\/?s={search_term_string}\",\"query-input\":\"required name=search_term_string\"}],\"inLanguage\":\"tr\"},{\"@type\":\"ImageObject\",\"@id\":\"http:\/\/www.creabarkod.com\/?page_id=1103#primaryimage\",\"inLanguage\":\"tr\",\"url\":\"http:\/\/www.creabarkod.com\/wp-content\/uploads\/2019\/06\/Datalogic-PowerScan-PM9300-End\\u00fcstriyel-Barkod-Okuyucu-1-1.jpg\",\"width\":500,\"height\":500,\"caption\":\"Datalogic PowerScan PM9300 End\\u00fcstriyel Barkod Okuyucu\"},{\"@type\":\"WebPage\",\"@id\":\"http:\/\/www.creabarkod.com\/?page_id=1103#webpage\",\"url\":\"http:\/\/www.creabarkod.com\/?page_id=1103\",\"name\":\"Datalogic PowerScan PM9300 End\\u00fcstriyel Barkod Okuyucu - Crea Barkod\",\"isPartOf\":{\"@id\":\"http:\/\/www.creabarkod.com\/#website\"},\"primaryImageOfPage\":{\"@id\":\"http:\/\/www.creabarkod.com\/?page_id=1103#primaryimage\"},\"datePublished\":\"2019-06-21T11:38:41+00:00\",\"dateModified\":\"2019-06-21T11:46:38+00:00\",\"inLanguage\":\"tr\",\"potentialAction\":[{\"@type\":\"ReadAction\",\"target\":[\"http:\/\/www.creabarkod.com\/?page_id=1103\"]}]}]}<\/script>\n<!-- \/ Yoast SEO plugin. -->","_links":{"self":[{"href":"http:\/\/www.creabarkod.com\/index.php?rest_route=\/wp\/v2\/pages\/1103"}],"collection":[{"href":"http:\/\/www.creabarkod.com\/index.php?rest_route=\/wp\/v2\/pages"}],"about":[{"href":"http:\/\/www.creabarkod.com\/index.php?rest_route=\/wp\/v2\/types\/page"}],"author":[{"embeddable":true,"href":"http:\/\/www.creabarkod.com\/index.php?rest_route=\/wp\/v2\/users\/1"}],"replies":[{"embeddable":true,"href":"http:\/\/www.creabarkod.com\/index.php?rest_route=%2Fwp%2Fv2%2Fcomments&post=1103"}],"version-history":[{"count":2,"href":"http:\/\/www.creabarkod.com\/index.php?rest_route=\/wp\/v2\/pages\/1103\/revisions"}],"predecessor-version":[{"id":1117,"href":"http:\/\/www.creabarkod.com\/index.php?rest_route=\/wp\/v2\/pages\/1103\/revisions\/1117"}],"up":[{"embeddable":true,"href":"http:\/\/www.creabarkod.com\/index.php?rest_route=\/wp\/v2\/pages\/750"}],"wp:attachment":[{"href":"http:\/\/www.creabarkod.com\/index.php?rest_route=%2Fwp%2Fv2%2Fmedia&parent=1103"}],"curies":[{"name":"wp","href":"https:\/\/api.w.org\/{rel}","templated":true}]}}