{"id":11,"date":"2019-02-11T11:00:20","date_gmt":"2019-02-11T11:00:20","guid":{"rendered":"http:\/\/www.creabarkod.com\/?page_id=11"},"modified":"2019-06-19T11:27:54","modified_gmt":"2019-06-19T11:27:54","slug":"barkod-okuyucular","status":"publish","type":"page","link":"http:\/\/www.creabarkod.com\/?page_id=11","title":{"rendered":"Barkod Okuyucular"},"content":{"rendered":"<div class=\"foogallery foogallery-container foogallery-masonry foogallery-lightbox-none fg-center fg-masonry fg-light fg-border-thick fg-round-large fg-shadow-large fg-hover-grayscale fg-hover-scale fg-captions-bottom fg-hover-fade fg-ready\" id=\"foogallery-gallery-737\" data-foogallery=\"{&quot;item&quot;:{&quot;showCaptionTitle&quot;:true,&quot;showCaptionDescription&quot;:false},&quot;lazy&quot;:true,&quot;src&quot;:&quot;data-src-fg&quot;,&quot;srcset&quot;:&quot;data-srcset-fg&quot;,&quot;template&quot;:{&quot;layout&quot;:&quot;fixed&quot;,&quot;columnWidth&quot;:150,&quot;gutter&quot;:10}}\" data-fg-common-fields=\"1\" >\r\n\t<div class=\"fg-item\"><figure class=\"fg-item-inner\"><a href=\"http:\/\/www.creabarkod.com\/?page_id=736\" data-caption-title=\"CCD Barkod Okuyucu\" data-caption-desc=\"CCD Barkod Okuyucu\" data-attachment-id=\"738\" class=\"fg-thumb\"><span class=\"fg-image-wrap\"><img alt=\"CCD Barkod Okuyucu\" title=\"CCD Barkod Okuyucu\" width=\"150\" height=\"150\" data-src-fg=\"http:\/\/www.creabarkod.com\/wp-content\/uploads\/cache\/2019\/06\/Argox-AS-8000-CCD-Barkod-Okuyucu-1\/4064462503.jpg\" class=\"fg-image\" \/><\/span><\/a><figcaption class=\"fg-caption\"><div class=\"fg-caption-inner\"><div class=\"fg-caption-title\">CCD Barkod Okuyucu<\/div><\/div><\/figcaption><\/figure><div class=\"fg-loader\"><\/div><\/div><div class=\"fg-item\"><figure class=\"fg-item-inner\"><a href=\"http:\/\/www.creabarkod.com\/?page_id=762\" data-caption-title=\"Tek \u00c7izgili Lazer Barkod Okuyucu\" data-caption-desc=\"Tek \u00c7izgili Lazer Barkod Okuyucu\" data-attachment-id=\"746\" class=\"fg-thumb\"><span class=\"fg-image-wrap\"><img alt=\"Tek \u00c7izgili Lazer Barkod Okuyucu\" title=\"Tek \u00c7izgili Lazer Barkod Okuyucu\" width=\"150\" height=\"150\" data-src-fg=\"http:\/\/www.creabarkod.com\/wp-content\/uploads\/cache\/2019\/06\/Godex-GS220-Tek-\u00c7izgili-Lazer-Barkod-Okuyucu-4\/674492121.png\" class=\"fg-image\" \/><\/span><\/a><figcaption class=\"fg-caption\"><div class=\"fg-caption-inner\"><div class=\"fg-caption-title\">Tek \u00c7izgili Lazer Barkod Okuyucu<\/div><\/div><\/figcaption><\/figure><div class=\"fg-loader\"><\/div><\/div><div class=\"fg-item\"><figure class=\"fg-item-inner\"><a href=\"http:\/\/www.creabarkod.com\/?page_id=748\" data-caption-title=\"\u00c7ok Y\u00f6nl\u00fc Lazer Barkod Okuyucu\" data-caption-desc=\"\u00c7ok Y\u00f6nl\u00fc Lazer Barkod Okuyucu\" data-attachment-id=\"739\" class=\"fg-thumb\"><span class=\"fg-image-wrap\"><img alt=\"\u00c7ok Y\u00f6nl\u00fc Lazer Barkod Okuyucu\" title=\"\u00c7ok Y\u00f6nl\u00fc Lazer Barkod Okuyucu\" width=\"150\" height=\"150\" data-src-fg=\"http:\/\/www.creabarkod.com\/wp-content\/uploads\/cache\/2019\/06\/Datalogic-Magellan-2200VS-\u00c7ok-Y\u00f6nl\u00fc-Lazer-Barkod-Okuyucu\/3680852165.jpg\" class=\"fg-image\" \/><\/span><\/a><figcaption class=\"fg-caption\"><div class=\"fg-caption-inner\"><div class=\"fg-caption-title\">\u00c7ok Y\u00f6nl\u00fc Lazer Barkod Okuyucu<\/div><\/div><\/figcaption><\/figure><div class=\"fg-loader\"><\/div><\/div><div class=\"fg-item\"><figure class=\"fg-item-inner\"><a href=\"http:\/\/www.creabarkod.com\/?page_id=752\" data-caption-title=\"Imager Barkod Okuyucu\" data-caption-desc=\"Imager Barkod Okuyucu\" data-attachment-id=\"741\" class=\"fg-thumb\"><span class=\"fg-image-wrap\"><img alt=\"Imager Barkod Okuyucu\" title=\"Imager Barkod Okuyucu\" width=\"150\" height=\"150\" data-src-fg=\"http:\/\/www.creabarkod.com\/wp-content\/uploads\/cache\/2019\/06\/Datalogic-Gryphon-GD4100-Imager-Barkod-Okuyucu-1\/2100995535.jpg\" class=\"fg-image\" \/><\/span><\/a><figcaption class=\"fg-caption\"><div class=\"fg-caption-inner\"><div class=\"fg-caption-title\">Imager Barkod Okuyucu<\/div><\/div><\/figcaption><\/figure><div class=\"fg-loader\"><\/div><\/div><div class=\"fg-item\"><figure class=\"fg-item-inner\"><a href=\"http:\/\/www.creabarkod.com\/?page_id=756\" data-caption-title=\"Karekod Okuyucu\" data-caption-desc=\"Karekod Okuyucu\" data-attachment-id=\"743\" class=\"fg-thumb\"><span class=\"fg-image-wrap\"><img alt=\"Karekod Okuyucu\" title=\"Karekod Okuyucu\" width=\"150\" height=\"150\" data-src-fg=\"http:\/\/www.creabarkod.com\/wp-content\/uploads\/cache\/2019\/06\/Datalogic-Gryphon-GPS-4400-Masa\u00fcst\u00fc-Karekod-Okuyucu-3\/190054356.png\" class=\"fg-image\" \/><\/span><\/a><figcaption class=\"fg-caption\"><div class=\"fg-caption-inner\"><div class=\"fg-caption-title\">Karekod Okuyucu<\/div><\/div><\/figcaption><\/figure><div class=\"fg-loader\"><\/div><\/div><div class=\"fg-item\"><figure class=\"fg-item-inner\"><a href=\"http:\/\/www.creabarkod.com\/?page_id=754\" data-caption-title=\"Kablosuz Barkod Okuyucu\" data-caption-desc=\"Kablosuz Barkod Okuyucu\" data-attachment-id=\"742\" class=\"fg-thumb\"><span class=\"fg-image-wrap\"><img alt=\"Kablosuz Barkod Okuyucu\" title=\"Kablosuz Barkod Okuyucu\" width=\"150\" height=\"150\" data-src-fg=\"http:\/\/www.creabarkod.com\/wp-content\/uploads\/cache\/2019\/06\/Newland-HR3290-CS-Kablosuz-Barkod-Okuyucu-1\/198893089.jpg\" class=\"fg-image\" \/><\/span><\/a><figcaption class=\"fg-caption\"><div class=\"fg-caption-inner\"><div class=\"fg-caption-title\">Kablosuz Barkod Okuyucu<\/div><\/div><\/figcaption><\/figure><div class=\"fg-loader\"><\/div><\/div><div class=\"fg-item\"><figure class=\"fg-item-inner\"><a href=\"http:\/\/www.creabarkod.com\/?page_id=750\" data-caption-title=\"End\u00fcstriyel Barkod Okuyucu\" data-caption-desc=\"End\u00fcstriyel Barkod Okuyucu\" data-attachment-id=\"740\" class=\"fg-thumb\"><span class=\"fg-image-wrap\"><img alt=\"End\u00fcstriyel Barkod Okuyucu\" title=\"End\u00fcstriyel Barkod Okuyucu\" width=\"150\" height=\"150\" data-src-fg=\"http:\/\/www.creabarkod.com\/wp-content\/uploads\/cache\/2019\/06\/Datalogic-PowerScan-PD9500-DPM-End\u00fcstriyel-Barkod-Okuyucu-1\/2027535618.jpg\" class=\"fg-image\" \/><\/span><\/a><figcaption class=\"fg-caption\"><div class=\"fg-caption-inner\"><div class=\"fg-caption-title\">End\u00fcstriyel Barkod Okuyucu<\/div><\/div><\/figcaption><\/figure><div class=\"fg-loader\"><\/div><\/div><div class=\"fg-item\"><figure class=\"fg-item-inner\"><a href=\"http:\/\/www.creabarkod.com\/?page_id=760\" data-caption-title=\"Mod\u00fcl Barkod Okuyucu\" data-caption-desc=\"Mod\u00fcl Barkod Okuyucu\" data-attachment-id=\"745\" class=\"fg-thumb\"><span class=\"fg-image-wrap\"><img alt=\"Mod\u00fcl Barkod Okuyucu\" title=\"Mod\u00fcl Barkod Okuyucu\" width=\"150\" height=\"150\" data-src-fg=\"http:\/\/www.creabarkod.com\/wp-content\/uploads\/cache\/2019\/06\/Newland-FM100-Mod\u00fcl-Barkod-Okuyucu\/734334483.jpg\" class=\"fg-image\" \/><\/span><\/a><figcaption class=\"fg-caption\"><div class=\"fg-caption-inner\"><div class=\"fg-caption-title\">Mod\u00fcl Barkod Okuyucu<\/div><\/div><\/figcaption><\/figure><div class=\"fg-loader\"><\/div><\/div><div class=\"fg-item\"><figure class=\"fg-item-inner\"><a href=\"http:\/\/www.creabarkod.com\/?page_id=758\" data-caption-title=\"Manyetik Kart Okuyucu\" data-caption-desc=\"Manyetik Kart Okuyucu\" data-attachment-id=\"744\" class=\"fg-thumb\"><span class=\"fg-image-wrap\"><img alt=\"Manyetik Kart Okuyucu\" title=\"Manyetik Kart Okuyucu\" width=\"150\" height=\"150\" data-src-fg=\"http:\/\/www.creabarkod.com\/wp-content\/uploads\/cache\/2019\/06\/Champtek-MR-300-Manyetik-Kart-Okuyucu\/3194328719.jpg\" class=\"fg-image\" \/><\/span><\/a><figcaption class=\"fg-caption\"><div class=\"fg-caption-inner\"><div class=\"fg-caption-title\">Manyetik Kart Okuyucu<\/div><\/div><\/figcaption><\/figure><div class=\"fg-loader\"><\/div><\/div><\/div>","protected":false},"excerpt":{"rendered":"","protected":false},"author":1,"featured_media":0,"parent":0,"menu_order":0,"comment_status":"closed","ping_status":"closed","template":"","meta":[],"yoast_head":"<!-- This site is optimized with the Yoast SEO plugin v15.7 - https:\/\/yoast.com\/wordpress\/plugins\/seo\/ -->\n<title>Barkod Okuyucular - Crea Barkod<\/title>\n<meta name=\"robots\" content=\"index, follow, max-snippet:-1, max-image-preview:large, max-video-preview:-1\" \/>\n<link rel=\"canonical\" href=\"https:\/\/www.creabarkod.com\/?page_id=11\" \/>\n<meta property=\"og:locale\" content=\"tr_TR\" \/>\n<meta property=\"og:type\" content=\"article\" \/>\n<meta property=\"og:title\" content=\"Barkod Okuyucular - Crea Barkod\" \/>\n<meta property=\"og:url\" content=\"https:\/\/www.creabarkod.com\/?page_id=11\" \/>\n<meta property=\"og:site_name\" content=\"Crea Barkod\" \/>\n<meta property=\"article:modified_time\" content=\"2019-06-19T11:27:54+00:00\" \/>\n<meta name=\"twitter:card\" content=\"summary_large_image\" \/>\n<script type=\"application\/ld+json\" class=\"yoast-schema-graph\">{\"@context\":\"https:\/\/schema.org\",\"@graph\":[{\"@type\":\"WebSite\",\"@id\":\"http:\/\/www.creabarkod.com\/#website\",\"url\":\"http:\/\/www.creabarkod.com\/\",\"name\":\"Crea Barkod\",\"description\":\"\",\"potentialAction\":[{\"@type\":\"SearchAction\",\"target\":\"http:\/\/www.creabarkod.com\/?s={search_term_string}\",\"query-input\":\"required name=search_term_string\"}],\"inLanguage\":\"tr\"},{\"@type\":\"WebPage\",\"@id\":\"https:\/\/www.creabarkod.com\/?page_id=11#webpage\",\"url\":\"https:\/\/www.creabarkod.com\/?page_id=11\",\"name\":\"Barkod Okuyucular - Crea Barkod\",\"isPartOf\":{\"@id\":\"http:\/\/www.creabarkod.com\/#website\"},\"datePublished\":\"2019-02-11T11:00:20+00:00\",\"dateModified\":\"2019-06-19T11:27:54+00:00\",\"inLanguage\":\"tr\",\"potentialAction\":[{\"@type\":\"ReadAction\",\"target\":[\"https:\/\/www.creabarkod.com\/?page_id=11\"]}]}]}<\/script>\n<!-- \/ Yoast SEO plugin. -->","_links":{"self":[{"href":"http:\/\/www.creabarkod.com\/index.php?rest_route=\/wp\/v2\/pages\/11"}],"collection":[{"href":"http:\/\/www.creabarkod.com\/index.php?rest_route=\/wp\/v2\/pages"}],"about":[{"href":"http:\/\/www.creabarkod.com\/index.php?rest_route=\/wp\/v2\/types\/page"}],"author":[{"embeddable":true,"href":"http:\/\/www.creabarkod.com\/index.php?rest_route=\/wp\/v2\/users\/1"}],"replies":[{"embeddable":true,"href":"http:\/\/www.creabarkod.com\/index.php?rest_route=%2Fwp%2Fv2%2Fcomments&post=11"}],"version-history":[{"count":2,"href":"http:\/\/www.creabarkod.com\/index.php?rest_route=\/wp\/v2\/pages\/11\/revisions"}],"predecessor-version":[{"id":764,"href":"http:\/\/www.creabarkod.com\/index.php?rest_route=\/wp\/v2\/pages\/11\/revisions\/764"}],"wp:attachment":[{"href":"http:\/\/www.creabarkod.com\/index.php?rest_route=%2Fwp%2Fv2%2Fmedia&parent=11"}],"curies":[{"name":"wp","href":"https:\/\/api.w.org\/{rel}","templated":true}]}}