{"id":1083,"date":"2019-06-21T11:23:38","date_gmt":"2019-06-21T11:23:38","guid":{"rendered":"http:\/\/www.creabarkod.com\/?page_id=1083"},"modified":"2019-06-21T11:44:21","modified_gmt":"2019-06-21T11:44:21","slug":"datalogic-powerscan-pbt9500-dpm-endustriyel-barkod-okuyucu","status":"publish","type":"page","link":"http:\/\/www.creabarkod.com\/?page_id=1083","title":{"rendered":"Datalogic PowerScan PBT9500-DPM End\u00fcstriyel Barkod Okuyucu"},"content":{"rendered":"\n<ul class=\"wp-block-gallery columns-2 is-cropped\"><li class=\"blocks-gallery-item\"><figure><a href=\"http:\/\/www.creabarkod.com\/wp-content\/uploads\/2019\/06\/Datalogic-PowerScan-PBT9500-DPM-End\u00fcstriyel-Barkod-Okuyucu-1-1.jpg\"><img loading=\"lazy\" width=\"500\" height=\"500\" src=\"http:\/\/www.creabarkod.com\/wp-content\/uploads\/2019\/06\/Datalogic-PowerScan-PBT9500-DPM-End\u00fcstriyel-Barkod-Okuyucu-1-1.jpg\" alt=\"Datalogic PowerScan PBT9500-DPM End\u00fcstriyel Barkod Okuyucu\" data-id=\"1084\" data-link=\"http:\/\/www.creabarkod.com\/?attachment_id=1084\" class=\"wp-image-1084\" srcset=\"http:\/\/www.creabarkod.com\/wp-content\/uploads\/2019\/06\/Datalogic-PowerScan-PBT9500-DPM-End\u00fcstriyel-Barkod-Okuyucu-1-1.jpg 500w, http:\/\/www.creabarkod.com\/wp-content\/uploads\/2019\/06\/Datalogic-PowerScan-PBT9500-DPM-End\u00fcstriyel-Barkod-Okuyucu-1-1-150x150.jpg 150w, http:\/\/www.creabarkod.com\/wp-content\/uploads\/2019\/06\/Datalogic-PowerScan-PBT9500-DPM-End\u00fcstriyel-Barkod-Okuyucu-1-1-300x300.jpg 300w\" sizes=\"(max-width: 500px) 100vw, 500px\" \/><\/a><\/figure><\/li><li class=\"blocks-gallery-item\"><figure><a href=\"http:\/\/www.creabarkod.com\/wp-content\/uploads\/2019\/06\/Datalogic-PowerScan-PBT9500-DPM-End\u00fcstriyel-Barkod-Okuyucu-2.jpg\"><img loading=\"lazy\" width=\"500\" height=\"500\" src=\"http:\/\/www.creabarkod.com\/wp-content\/uploads\/2019\/06\/Datalogic-PowerScan-PBT9500-DPM-End\u00fcstriyel-Barkod-Okuyucu-2.jpg\" alt=\"Datalogic PowerScan PBT9500-DPM End\u00fcstriyel Barkod Okuyucu\" data-id=\"1085\" data-link=\"http:\/\/www.creabarkod.com\/?attachment_id=1085\" class=\"wp-image-1085\" srcset=\"http:\/\/www.creabarkod.com\/wp-content\/uploads\/2019\/06\/Datalogic-PowerScan-PBT9500-DPM-End\u00fcstriyel-Barkod-Okuyucu-2.jpg 500w, http:\/\/www.creabarkod.com\/wp-content\/uploads\/2019\/06\/Datalogic-PowerScan-PBT9500-DPM-End\u00fcstriyel-Barkod-Okuyucu-2-150x150.jpg 150w, http:\/\/www.creabarkod.com\/wp-content\/uploads\/2019\/06\/Datalogic-PowerScan-PBT9500-DPM-End\u00fcstriyel-Barkod-Okuyucu-2-300x300.jpg 300w\" sizes=\"(max-width: 500px) 100vw, 500px\" \/><\/a><\/figure><\/li><\/ul>\n\n\n\n<p>\u25cf End\u00fcstriyel\u00a0<strong>Kablosuz<\/strong>\u00a0(Bluetooth 3.0) Barkod Okuyucu<br>\u25cf 1D, 2D Postal ve Stacked Kodlar\u0131 okuyabilme<br>\u25cf\u00a0<strong>DPM Barkodlar\u0131 okuyabilme<\/strong><br>\u25cf Max. 90 metre ileti\u015fim mesafesi<br>\u25cf Datalogic patentli 4 noktal\u0131 odaklanma y\u00f6ntemi ile tarama \u00f6zelli\u011fi<br>\u25cf Yeni yumu\u015fak beyaz \u0131\u015f\u0131k ayd\u0131nlatma \u00f6zelli\u011fi<br>\u25cf Datalogic Motionix \u2122 hareket alg\u0131lama teknolojisi<br>\u25cf IP65 Standartlar\u0131nda<br>\u25cf 2 metreden d\u00fc\u015fmeye dayan\u0131kl\u0131<br>\u25cf Datalogic 3GL\u2122 ve y\u00fcksek sesli do\u011frulama \u00f6zelli\u011fi<br>\u25cf Keyboard Wedge, RS-232 ve USB Ara Birim deste\u011fi <\/p>\n\n\n\n<table class=\"wp-block-table\"><tbody><tr><td><strong>\u00c7\u00f6z\u00fcmleme Yetene\u011fi<\/strong><\/td><\/tr><tr><td>&nbsp;1D\/Linear Kodlar<\/td><td>GS1\/Databar Dahil Standart 1D Linear Kodlar<\/td><\/tr><tr><td>&nbsp;2D Kodlar<\/td><td>Aztec Code, China Han Xin Code, Data Matrix, MaxiCode<\/td><\/tr><tr><td>&nbsp;Postal Kodlar<\/td><td>Postnet, Royal Mail Code (RM4SCC)<\/td><\/tr><tr><td>&nbsp;Stacked Kodlar<\/td><td>EAN\/JAN Composites, GS1 DataBar Composites, GS1 DataBar Expanded Stacked, GS1 DataBar&nbsp;<br>Stacked, GS1 DataBar Stacked omnidirectional, MacroPDF, MicroPDF417, PDF417, UPC A\/E&nbsp;<br>Composites<\/td><\/tr><tr><td><strong>&nbsp;Elektriksel<\/strong><\/td><td><\/td><\/tr><tr><td>&nbsp;Giri\u015f Voltaj\u0131<\/td><td>5 VDC&nbsp;\u00b1&nbsp;10%<\/td><\/tr><tr><td>&nbsp;G\u00fc\u00e7 T\u00fcketimi<\/td><td>\u00c7al\u0131\u015fma An\u0131nda: 350 mA<br>Beklemede: 120 mA<\/td><\/tr><tr><td><strong>&nbsp;\u00c7evresel<\/strong><\/td><td><\/td><\/tr><tr><td>&nbsp;I\u015f\u0131k Seviyesi<\/td><td>0 &#8211; 100,000 lux<\/td><\/tr><tr><td>&nbsp;D\u00fc\u015fme dayan\u0131kl\u0131l\u0131\u011f\u0131<\/td><td>2 metreden beton zemine 50 defa d\u00fc\u015fmeye<\/td><\/tr><tr><td>&nbsp;ESD Korumas\u0131 (Air Discharge)<\/td><td>20 kV<\/td><\/tr><tr><td>&nbsp;Nem<\/td><td>0-&nbsp;%95<\/td><\/tr><tr><td>&nbsp;IP Standard\u0131<\/td><td>IP65<\/td><\/tr><tr><td>&nbsp;\u00c7al\u0131\u015fma S\u0131cakl\u0131\u011f\u0131<\/td><td>-20\u00b0C ~ 50\u00b0C<\/td><\/tr><tr><td>&nbsp;Muhafaza S\u0131cakl\u0131\u011f\u0131<\/td><td>-40 \u00b0C ~ 70 \u00b0C<\/td><\/tr><tr><td><strong>&nbsp;Ara Birimler<\/strong><\/td><td><\/td><\/tr><tr><td>&nbsp;Ara Birimler<\/td><td>Keyboard Wedge, RS-232C ve USB (Multi Interface)<\/td><\/tr><tr><td><strong>&nbsp;Fiziksel<\/strong><\/td><td><\/td><\/tr><tr><td>&nbsp;Renk<\/td><td>Sar\u0131\/Siyah<\/td><\/tr><tr><td>&nbsp;Ebatlar<\/td><td>212 mm x 114 mm x 74 mm<\/td><\/tr><tr><td>&nbsp;A\u011f\u0131rl\u0131k<\/td><td>330 gram<\/td><\/tr><tr><td><strong>&nbsp;Okuma Performans\u0131<\/strong><\/td><td><\/td><\/tr><tr><td>&nbsp;DPM (Direkt Part Marking) Yetene\u011fi<\/td><td>Lazer veya kimyasal maddeler ile a\u015f\u0131nd\u0131r\u0131larak olu\u015fturulmu\u015f barkodlar ve Dotmatrix kodlama ile olu\u015fturulmu\u015f DataMatrix barkodlar\u0131 okuyabilme<\/td><\/tr><tr><td>&nbsp;Image Capture<\/td><td>Grafik Bi\u00e7imleri: BMP, JPEG, TIFF (GreyScele:256, 16, 2)<\/td><\/tr><tr><td>&nbsp;Imager Sensor<\/td><td>864 x 544 Piksel<\/td><\/tr><tr><td>&nbsp;I\u015f\u0131k kayna\u011f\u0131<\/td><td>Hedefleme: 630&nbsp;&#8211; 680 nm&nbsp;VLD<\/td><\/tr><tr><td>Ayd\u0131nlatma: Beyaz LED I\u015f\u0131\u011f\u0131<\/td><\/tr><tr><td>&nbsp;Bask\u0131 Kontrast\u0131<\/td><td>%15<\/td><\/tr><tr><td>&nbsp;Tarama A\u00e7\u0131s\u0131<\/td><td>Pitch: +\/- 40\u00b0; Roll (Tilt): 360\u00b0; Skew (Yaw): +\/- 40\u00b0<\/td><\/tr><tr><td>&nbsp;G\u00f6stergeler<\/td><td>Bip sesi ( Programlanabilir Ton), Datalogic Three Green Light (3GL\u2122), Do\u011frulama LED i ve Datalogic &#8220;Green Spot&#8221;, \u00c7ift Do\u011frulama LED i<\/td><\/tr><tr><td>&nbsp;\u00c7\u00f6z\u00fcn\u00fcrl\u00fck (Max)<\/td><td>1D Kodlar: 2,5 mil<\/td><\/tr><tr><td>2D Kodlar: 4 mil<\/td><\/tr><tr><td><strong>&nbsp;Okuma Aral\u0131klar\u0131<\/strong><\/td><td><\/td><\/tr><tr><td>&nbsp;PD9530<\/td><td>2 mil: 28 mm ~ 63 mm<\/td><\/tr><tr><td>2,5 mil: 25 mm ~ 78 mm<\/td><\/tr><tr><td>5 mil: 12 mm ~ 90 mm<\/td><\/tr><tr><td>4 mil (Datamatrix): 26 mm ~ 52 mm<\/td><\/tr><tr><td>5 mil (Datamatrix): 22 mm ~ 72 mm<\/td><\/tr><tr><td>10 mil (Datamatrix): 20 mm ~ 105 mm<\/td><\/tr><tr><td>13 mil (EAN13): 25 mm ~ 160 mm<\/td><\/tr><tr><td>5 mil (PDF): 12 mm ~ 90 mm<\/td><\/tr><tr><td>10 mil (PDF): 12 mm ~ 125 mm<\/td><\/tr><tr><td><strong>&nbsp;G\u00fcvenlik ve D\u00fczenleyiciler<\/strong><\/td><td><\/td><\/tr><tr><td>&nbsp;Kurum onaylar\u0131 (Sertifikalar)<\/td><td>\u00dcr\u00fcn kullan\u0131m i\u00e7in gerekli g\u00fcvenlik ve d\u00fczenleyicilere uygundur. Kullan\u0131m k\u0131lavuzunda t\u00fcm g\u00fcvenlik ve d\u00fczenleyiciler listelenmi\u015ftir.<\/td><\/tr><tr><td>&nbsp;\u00c7evreye Uyum<\/td><td>\u00c7in, Avrupa ve R.E.A.C.H RoHS uyumlu<\/td><\/tr><tr><td>&nbsp;Lazer S\u0131n\u0131fland\u0131rmas\u0131<\/td><td>CDRH Class II, EN 60825 Class 2 (Lazer \u0131\u015f\u0131\u011f\u0131na do\u011frudan bak\u0131lmamal\u0131)<\/td><\/tr><tr><td>&nbsp;LED S\u0131n\u0131fland\u0131rmas\u0131<\/td><td>IEC 62471 Class 1 LED<\/td><\/tr><tr><td><strong>&nbsp;Ara\u00e7lar<\/strong><\/td><td><\/td><\/tr><tr><td>&nbsp;Datalogic Aladdin<\/td><td>Okuyucu ile ilgili konfig\u00fcrasyonlar\u0131n yap\u0131lmas\u0131n\u0131 sa\u011flayan program<\/td><\/tr><tr><td>&nbsp;OPOS\/JAVAPOS<\/td><td>OPOS ve JavaPOS ara\u00e7lar\u0131 \u00fccretsiz olarak indirilebilir<\/td><\/tr><tr><td>&nbsp;Remote Host Download<\/td><td>\u0130stek \u00fczerine<\/td><\/tr><\/tbody><\/table>\n","protected":false},"excerpt":{"rendered":"<p>\u25cf End\u00fcstriyel\u00a0Kablosuz\u00a0(Bluetooth 3.0) Barkod Okuyucu\u25cf 1D, 2D Postal ve Stacked Kodlar\u0131 okuyabilme\u25cf\u00a0DPM Barkodlar\u0131 okuyabilme\u25cf Max. 90 metre ileti\u015fim mesafesi\u25cf Datalogic patentli 4 noktal\u0131 odaklanma y\u00f6ntemi ile tarama \u00f6zelli\u011fi\u25cf Yeni yumu\u015fak beyaz \u0131\u015f\u0131k ayd\u0131nlatma \u00f6zelli\u011fi\u25cf Datalogic Motionix \u2122 hareket alg\u0131lama teknolojisi\u25cf IP65 Standartlar\u0131nda\u25cf 2 metreden d\u00fc\u015fmeye dayan\u0131kl\u0131\u25cf Datalogic 3GL\u2122 ve y\u00fcksek sesli do\u011frulama \u00f6zelli\u011fi\u25cf Keyboard Wedge, [&hellip;]<\/p>\n","protected":false},"author":1,"featured_media":0,"parent":750,"menu_order":0,"comment_status":"closed","ping_status":"closed","template":"","meta":[],"yoast_head":"<!-- This site is optimized with the Yoast SEO plugin v15.7 - https:\/\/yoast.com\/wordpress\/plugins\/seo\/ -->\n<title>Datalogic PowerScan PBT9500-DPM End\u00fcstriyel Barkod Okuyucu - Crea Barkod<\/title>\n<meta name=\"robots\" content=\"index, follow, max-snippet:-1, max-image-preview:large, max-video-preview:-1\" \/>\n<link rel=\"canonical\" href=\"http:\/\/www.creabarkod.com\/?page_id=1083\" \/>\n<meta property=\"og:locale\" content=\"tr_TR\" \/>\n<meta property=\"og:type\" content=\"article\" \/>\n<meta property=\"og:title\" content=\"Datalogic PowerScan PBT9500-DPM End\u00fcstriyel Barkod Okuyucu - Crea Barkod\" \/>\n<meta property=\"og:description\" content=\"\u25cf End\u00fcstriyel\u00a0Kablosuz\u00a0(Bluetooth 3.0) Barkod Okuyucu\u25cf 1D, 2D Postal ve Stacked Kodlar\u0131 okuyabilme\u25cf\u00a0DPM Barkodlar\u0131 okuyabilme\u25cf Max. 90 metre ileti\u015fim mesafesi\u25cf Datalogic patentli 4 noktal\u0131 odaklanma y\u00f6ntemi ile tarama \u00f6zelli\u011fi\u25cf Yeni yumu\u015fak beyaz \u0131\u015f\u0131k ayd\u0131nlatma \u00f6zelli\u011fi\u25cf Datalogic Motionix \u2122 hareket alg\u0131lama teknolojisi\u25cf IP65 Standartlar\u0131nda\u25cf 2 metreden d\u00fc\u015fmeye dayan\u0131kl\u0131\u25cf Datalogic 3GL\u2122 ve y\u00fcksek sesli do\u011frulama \u00f6zelli\u011fi\u25cf Keyboard Wedge, [&hellip;]\" \/>\n<meta property=\"og:url\" content=\"http:\/\/www.creabarkod.com\/?page_id=1083\" \/>\n<meta property=\"og:site_name\" content=\"Crea Barkod\" \/>\n<meta property=\"article:modified_time\" content=\"2019-06-21T11:44:21+00:00\" \/>\n<meta property=\"og:image\" content=\"http:\/\/www.creabarkod.com\/wp-content\/uploads\/2019\/06\/Datalogic-PowerScan-PBT9500-DPM-End\u00fcstriyel-Barkod-Okuyucu-1-1.jpg\" \/>\n<meta name=\"twitter:card\" content=\"summary_large_image\" \/>\n<meta name=\"twitter:label1\" content=\"Tahmini okuma s\u00fcresi\">\n\t<meta name=\"twitter:data1\" content=\"2 dakika\">\n<script type=\"application\/ld+json\" class=\"yoast-schema-graph\">{\"@context\":\"https:\/\/schema.org\",\"@graph\":[{\"@type\":\"WebSite\",\"@id\":\"http:\/\/www.creabarkod.com\/#website\",\"url\":\"http:\/\/www.creabarkod.com\/\",\"name\":\"Crea Barkod\",\"description\":\"\",\"potentialAction\":[{\"@type\":\"SearchAction\",\"target\":\"http:\/\/www.creabarkod.com\/?s={search_term_string}\",\"query-input\":\"required name=search_term_string\"}],\"inLanguage\":\"tr\"},{\"@type\":\"ImageObject\",\"@id\":\"http:\/\/www.creabarkod.com\/?page_id=1083#primaryimage\",\"inLanguage\":\"tr\",\"url\":\"http:\/\/www.creabarkod.com\/wp-content\/uploads\/2019\/06\/Datalogic-PowerScan-PBT9500-DPM-End\\u00fcstriyel-Barkod-Okuyucu-1-1.jpg\",\"width\":500,\"height\":500,\"caption\":\"Datalogic PowerScan PBT9500-DPM End\\u00fcstriyel Barkod Okuyucu\"},{\"@type\":\"WebPage\",\"@id\":\"http:\/\/www.creabarkod.com\/?page_id=1083#webpage\",\"url\":\"http:\/\/www.creabarkod.com\/?page_id=1083\",\"name\":\"Datalogic PowerScan PBT9500-DPM End\\u00fcstriyel Barkod Okuyucu - Crea Barkod\",\"isPartOf\":{\"@id\":\"http:\/\/www.creabarkod.com\/#website\"},\"primaryImageOfPage\":{\"@id\":\"http:\/\/www.creabarkod.com\/?page_id=1083#primaryimage\"},\"datePublished\":\"2019-06-21T11:23:38+00:00\",\"dateModified\":\"2019-06-21T11:44:21+00:00\",\"inLanguage\":\"tr\",\"potentialAction\":[{\"@type\":\"ReadAction\",\"target\":[\"http:\/\/www.creabarkod.com\/?page_id=1083\"]}]}]}<\/script>\n<!-- \/ Yoast SEO plugin. -->","_links":{"self":[{"href":"http:\/\/www.creabarkod.com\/index.php?rest_route=\/wp\/v2\/pages\/1083"}],"collection":[{"href":"http:\/\/www.creabarkod.com\/index.php?rest_route=\/wp\/v2\/pages"}],"about":[{"href":"http:\/\/www.creabarkod.com\/index.php?rest_route=\/wp\/v2\/types\/page"}],"author":[{"embeddable":true,"href":"http:\/\/www.creabarkod.com\/index.php?rest_route=\/wp\/v2\/users\/1"}],"replies":[{"embeddable":true,"href":"http:\/\/www.creabarkod.com\/index.php?rest_route=%2Fwp%2Fv2%2Fcomments&post=1083"}],"version-history":[{"count":1,"href":"http:\/\/www.creabarkod.com\/index.php?rest_route=\/wp\/v2\/pages\/1083\/revisions"}],"predecessor-version":[{"id":1086,"href":"http:\/\/www.creabarkod.com\/index.php?rest_route=\/wp\/v2\/pages\/1083\/revisions\/1086"}],"up":[{"embeddable":true,"href":"http:\/\/www.creabarkod.com\/index.php?rest_route=\/wp\/v2\/pages\/750"}],"wp:attachment":[{"href":"http:\/\/www.creabarkod.com\/index.php?rest_route=%2Fwp%2Fv2%2Fmedia&parent=1083"}],"curies":[{"name":"wp","href":"https:\/\/api.w.org\/{rel}","templated":true}]}}