{"id":1075,"date":"2019-06-21T11:19:02","date_gmt":"2019-06-21T11:19:02","guid":{"rendered":"http:\/\/www.creabarkod.com\/?page_id=1075"},"modified":"2019-06-21T11:44:22","modified_gmt":"2019-06-21T11:44:22","slug":"datalogic-powerscan-pbt-8300-endustriyel-barkod-okuyucu","status":"publish","type":"page","link":"http:\/\/www.creabarkod.com\/?page_id=1075","title":{"rendered":"Datalogic PowerScan PBT-8300 End\u00fcstriyel Barkod Okuyucu"},"content":{"rendered":"\n<ul class=\"wp-block-gallery columns-2 is-cropped\"><li class=\"blocks-gallery-item\"><figure><a href=\"http:\/\/www.creabarkod.com\/wp-content\/uploads\/2019\/06\/Datalogic-PowerScan-PBT-8300-End\u00fcstriyel-Barkod-Okuyucu-1-1.jpg\"><img loading=\"lazy\" width=\"500\" height=\"500\" src=\"http:\/\/www.creabarkod.com\/wp-content\/uploads\/2019\/06\/Datalogic-PowerScan-PBT-8300-End\u00fcstriyel-Barkod-Okuyucu-1-1.jpg\" alt=\"Datalogic PowerScan PBT-8300 End\u00fcstriyel Barkod Okuyucu\" data-id=\"1076\" data-link=\"http:\/\/www.creabarkod.com\/?attachment_id=1076\" class=\"wp-image-1076\" srcset=\"http:\/\/www.creabarkod.com\/wp-content\/uploads\/2019\/06\/Datalogic-PowerScan-PBT-8300-End\u00fcstriyel-Barkod-Okuyucu-1-1.jpg 500w, http:\/\/www.creabarkod.com\/wp-content\/uploads\/2019\/06\/Datalogic-PowerScan-PBT-8300-End\u00fcstriyel-Barkod-Okuyucu-1-1-150x150.jpg 150w, http:\/\/www.creabarkod.com\/wp-content\/uploads\/2019\/06\/Datalogic-PowerScan-PBT-8300-End\u00fcstriyel-Barkod-Okuyucu-1-1-300x300.jpg 300w\" sizes=\"(max-width: 500px) 100vw, 500px\" \/><\/a><\/figure><\/li><li class=\"blocks-gallery-item\"><figure><a href=\"http:\/\/www.creabarkod.com\/wp-content\/uploads\/2019\/06\/Datalogic-PowerScan-PBT-8300-End\u00fcstriyel-Barkod-Okuyucu-2.jpg\"><img loading=\"lazy\" width=\"500\" height=\"500\" src=\"http:\/\/www.creabarkod.com\/wp-content\/uploads\/2019\/06\/Datalogic-PowerScan-PBT-8300-End\u00fcstriyel-Barkod-Okuyucu-2.jpg\" alt=\"\" data-id=\"1077\" data-link=\"http:\/\/www.creabarkod.com\/?attachment_id=1077\" class=\"wp-image-1077\" srcset=\"http:\/\/www.creabarkod.com\/wp-content\/uploads\/2019\/06\/Datalogic-PowerScan-PBT-8300-End\u00fcstriyel-Barkod-Okuyucu-2.jpg 500w, http:\/\/www.creabarkod.com\/wp-content\/uploads\/2019\/06\/Datalogic-PowerScan-PBT-8300-End\u00fcstriyel-Barkod-Okuyucu-2-150x150.jpg 150w, http:\/\/www.creabarkod.com\/wp-content\/uploads\/2019\/06\/Datalogic-PowerScan-PBT-8300-End\u00fcstriyel-Barkod-Okuyucu-2-300x300.jpg 300w\" sizes=\"(max-width: 500px) 100vw, 500px\" \/><\/a><\/figure><\/li><\/ul>\n\n\n\n<p>\u25cf End\u00fcstriyel\u00a0<strong>Kablosuz (Bluetooth)\u00a0<\/strong>Barkod Okuyucu<br>\u25cf 1D, Stacked &amp; Postal Kodlar\u0131 okuyabilme<br>\u25cf Tek Base Station a 4 cihaz ba\u011flayabilme<br><strong>\u25cf\u00a0<\/strong>40\/90 Metre Aktarma Mesafesi Se\u00e7ene\u011fi\u25cf IP64\/IP65 Standartlar\u0131nda<br>\u25cf 2 metreden d\u00fc\u015fmeye dayan\u0131kl\u0131<br>\u25cf Forklifte monte edebilme imkan\u0131<br>\u25cf Ekranl\u0131\/Ekrans\u0131z ve Tu\u015f tak\u0131ms\u0131z\/Tu\u015f tak\u0131ml\u0131 se\u00e7enekleri<br>\u25cf &#8211;\u00a020\u00b0C\u00a0derece de dahi \u00e7al\u0131\u015fabilme<br>\u25cf Klavye, RS-232C ve USB Arabirim <\/p>\n\n\n\n<table class=\"wp-block-table\"><tbody><tr><td><strong>Kablosuz \u0130leti\u015fim<\/strong><\/td><\/tr><tr><td>&nbsp;Piconet<\/td><td>Max. 1 Cradle a 4 Okuyucu ba\u011flanabilir<\/td><\/tr><tr><td>&nbsp;Profil<\/td><td>HID ve SPP<\/td><\/tr><tr><td>&nbsp;Protokol<\/td><td>Bluetooth 2.0 Certified Class 1 veya Class 2 (Ayarlanabilir)<\/td><\/tr><tr><td>&nbsp;Radyo Frekans<\/td><td>2.40 Ghz ~&nbsp; 2.48 Ghz<\/td><\/tr><tr><td>&nbsp;\u0130leti\u015fim Mesafesi (A\u00e7\u0131k Havada)<\/td><td>Class 1: Max. 90 metre<\/td><\/tr><tr><td>Class 2: Max. 40 metre<\/td><\/tr><tr><td>&nbsp;G\u00fcvenlik<\/td><td>Veri \u015eifreleme, Okuyucu Kimlik Do\u011frulama<\/td><\/tr><tr><td><strong>\u00c7\u00f6z\u00fcmleme Yetene\u011fi<\/strong><\/td><\/tr><tr><td>&nbsp;1D\/Linear Kodlar<\/td><td>GS1\/Databar Dahil Standart 1D Linear Kodlar<\/td><\/tr><tr><td>&nbsp;Stacked Kodlar<\/td><td>Code 16K, ; Code 49, GS1 DataBar Expanded, Stacked, GS1 DataBar Stacked, GS1 DataBar Stacked Omnidirectional<\/td><\/tr><tr><td><strong>&nbsp;Elektriksel<\/strong><\/td><td><\/td><\/tr><tr><td>&nbsp;Giri\u015f Voltaj\u0131<\/td><td>10-30 VDC, POT:5 VDC&nbsp;\u00b1%10<\/td><\/tr><tr><td>&nbsp;G\u00fc\u00e7 T\u00fcketimi<\/td><td>\u00c7al\u0131\u015fma An\u0131nda:&nbsp;1A @ 10 VDC, 330 mA @30 VDC, POT: 500 mA<\/td><\/tr><tr><td>&nbsp;Pil Tipi<\/td><td>2150 mAH Lityum-Ion<\/td><\/tr><tr><td>&nbsp;\u015earj S\u00fcresi<\/td><td>4 Saat (Harici \u015earj \u00dcnitesi ile)<\/td><\/tr><tr><td>Host Power:10 Saat<\/td><\/tr><tr><td>&nbsp;Pil \u00d6mr\u00fc<\/td><td>50.000 okutma<\/td><\/tr><tr><td>&nbsp;Cradle G\u00f6sterge LED leri<\/td><td>K\u0131rm\u0131z\u0131: Pil \u015earj Oluyor<\/td><\/tr><tr><td>Ye\u015fil: Pil \u015earj Oldu<\/td><\/tr><tr><td>Sar\u0131: G\u00fc\u00e7\/Veri<\/td><\/tr><tr><td><strong>&nbsp;\u00c7evresel<\/strong><\/td><td><\/td><\/tr><tr><td>&nbsp;I\u015f\u0131k Seviyesi<\/td><td>Ofis \u0131\u015f\u0131\u011f\u0131 veya do\u011frudan g\u00fcne\u015f \u0131\u015f\u0131\u011f\u0131na maruz kalma<\/td><\/tr><tr><td>&nbsp;D\u00fc\u015fme dayan\u0131kl\u0131l\u0131\u011f\u0131<\/td><td>2 metreden beton zemine 50 defa d\u00fc\u015fmeye<\/td><\/tr><tr><td>&nbsp;ESD Korumas\u0131 (Air Discharge)<\/td><td>20 kV<\/td><\/tr><tr><td>&nbsp;Nem<\/td><td>%90<\/td><\/tr><tr><td>&nbsp;IP Standard\u0131<\/td><td>IP65<\/td><\/tr><tr><td>&nbsp;\u00c7al\u0131\u015fma S\u0131cakl\u0131\u011f\u0131<\/td><td>-30\u00b0C ~ 50\u00b0C<\/td><\/tr><tr><td>&nbsp;Muhafaza S\u0131cakl\u0131\u011f\u0131<\/td><td>-20 \u00b0C ~ 60 \u00b0C<\/td><\/tr><tr><td><strong>&nbsp;Ara Birimler<\/strong><\/td><td><\/td><\/tr><tr><td>&nbsp;Ara Birimler<\/td><td>RS-232C, USB, Keyboard Wedge ve Wand (Multi Interface)<\/td><\/tr><tr><td><strong>&nbsp;Fiziksel<\/strong><\/td><td><\/td><\/tr><tr><td>&nbsp;Renk<\/td><td>Siyah veya Sar\u0131\/Siyah<\/td><\/tr><tr><td>&nbsp;Ebatlar<\/td><td>Cradle: 240 mm x 108 mm x 95 mm<\/td><\/tr><tr><td>PBT8300: 207 mm x 114 mm x 69 mm<\/td><\/tr><tr><td>PBT8300-D ve PBT8300-DK: 210 mm x 114 mm x 69 mm<\/td><\/tr><tr><td>&nbsp;Ekran<\/td><td>PBT8300: Ekran Yok<\/td><\/tr><tr><td>PBT8300-D ve PBT8300-DK : Arka Ayd\u0131nlatmal\u0131 Grafik Ekran<\/td><\/tr><tr><td>Yaz\u0131 Tipi Boyutu:&nbsp;(PBT8300-D) 4 Sat\u0131r x 16 S\u00fctun<\/td><\/tr><tr><td>Ekran \u00c7\u00f6z\u00fcn\u00fcrl\u00fc\u011f\u00fc: 32 x 96 piksel<\/td><\/tr><tr><td>&nbsp;Tu\u015f Tak\u0131m\u0131<\/td><td>PBT8300: Tu\u015f Tak\u0131m\u0131 Yok<\/td><\/tr><tr><td>PBT8300-D: 3 Tu\u015flu<\/td><\/tr><tr><td>PBT8300-DK: 16 Tu\u015flu<\/td><\/tr><tr><td>&nbsp;A\u011f\u0131rl\u0131k<\/td><td>Cradle: 380 gram<\/td><\/tr><tr><td>PBT8300 : 380 gram<\/td><\/tr><tr><td>PBT8300-D : 410 gram<\/td><\/tr><tr><td>PBT8300-DK : 420 gram<\/td><\/tr><tr><td><strong>&nbsp;Okuma Performans\u0131<\/strong><\/td><td><\/td><\/tr><tr><td>&nbsp;I\u015f\u0131k kayna\u011f\u0131 (Akiflik i\u00e7in Tetik \u00c7ift T\u0131klan\u0131r)<\/td><td>Hedefleme: 630&nbsp;&#8211; 680 nm&nbsp;VLD<\/td><\/tr><tr><td>Ayd\u0131nlatma: 630-670&nbsp;LED<\/td><\/tr><tr><td>&nbsp;Bask\u0131 Kontrast\u0131<\/td><td>%15<\/td><\/tr><tr><td>&nbsp;Tarama H\u0131z\u0131<\/td><td>35&nbsp;\u00b15&nbsp;Tarama \/ Saniye<\/td><\/tr><tr><td>&nbsp;Tarama A\u00e7\u0131s\u0131<\/td><td>Pitch:&nbsp;5~55\u00b0 \/ -5~ -55\u00b0; Roll (Tilt):&nbsp;\u00b120\u00b0; Skew (Yaw):&nbsp;\u00b160\u00b0<\/td><\/tr><tr><td>&nbsp;G\u00f6stergeler<\/td><td>Bip sesi ( Programlanabilir Ton),&nbsp;Datalogic Three Green Light (3GL\u2122),&nbsp;Do\u011frulama LED i ve Datalogic &#8220;Green Spot&#8221;, \u00c7ift Do\u011frulama LED i<\/td><\/tr><tr><td>&nbsp;\u00c7\u00f6z\u00fcn\u00fcrl\u00fck (Max)<\/td><td>PBT83X0: 0,076 mm (3 Mil)<\/td><\/tr><tr><td>PBT83X0 (Auto Range): 0,190 mm (7,5 Mil)<\/td><\/tr><tr><td><strong>&nbsp;Okuma Aral\u0131klar\u0131<\/strong><\/td><td><\/td><\/tr><tr><td>&nbsp;PBT8300<\/td><td>5 mil: 21 mm ~ 133 mm<\/td><\/tr><tr><td>7,5 mil: 35 mm ~ 242 mm<\/td><\/tr><tr><td>10 mil: 29 mm ~ 428 mm<\/td><\/tr><tr><td>13 mil: 23 mm ~ 551 mm<\/td><\/tr><tr><td>20 mil: 63 mm ~ 785 mm<\/td><\/tr><tr><td>40 mil: 25 mm ~ 978 mm<\/td><\/tr><tr><td>&nbsp;PBT8300 AR<\/td><td>7,5 mil: 180 mm ~ 500 mm<\/td><\/tr><tr><td>10 mil: 180 mm ~ 850 mm<\/td><\/tr><tr><td>15 mil: 150 mm ~ 1650 mm<\/td><\/tr><tr><td>20 mil: 120 mm ~ 2100 mm<\/td><\/tr><tr><td>40 mil: 180 mm ~ 3750 mm<\/td><\/tr><tr><td>55 mil: 250 mm ~ 4850 mm<\/td><\/tr><tr><td>Reflective-100 mil: 1,5 mt ~ 12,5 mt<\/td><\/tr><tr><td><strong>&nbsp;G\u00fcvenlik ve D\u00fczenleyiciler<\/strong><\/td><td><\/td><\/tr><tr><td>&nbsp;Kurum onaylar\u0131 (Sertifikalar)<\/td><td>\u00dcr\u00fcn kullan\u0131m i\u00e7in gerekli g\u00fcvenlik ve d\u00fczenleyicilere uygundur. Kullan\u0131m k\u0131lavuzunda t\u00fcm g\u00fcvenlik ve d\u00fczenleyiciler listelenmi\u015ftir.<\/td><\/tr><tr><td>&nbsp;\u00c7evreye Uyum<\/td><td>\u00c7in ve Avrupa RoHS uyumlu<\/td><\/tr><tr><td>&nbsp;Lazer S\u0131n\u0131fland\u0131rmas\u0131<\/td><td>CDRH Class II, EN 60825-1 Class 2 (Lazer \u0131\u015f\u0131\u011f\u0131na do\u011frudan bak\u0131lmamal\u0131)<\/td><\/tr><tr><td><strong>&nbsp;Ara\u00e7lar<\/strong><\/td><td><\/td><\/tr><tr><td>&nbsp;Datalogic Aladdin<\/td><td>Okuyucu ile ilgili konfig\u00fcrasyonlar\u0131n yap\u0131lmas\u0131n\u0131 sa\u011flayan program<\/td><\/tr><\/tbody><\/table>\n","protected":false},"excerpt":{"rendered":"<p>\u25cf End\u00fcstriyel\u00a0Kablosuz (Bluetooth)\u00a0Barkod Okuyucu\u25cf 1D, Stacked &amp; Postal Kodlar\u0131 okuyabilme\u25cf Tek Base Station a 4 cihaz ba\u011flayabilme\u25cf\u00a040\/90 Metre Aktarma Mesafesi Se\u00e7ene\u011fi\u25cf IP64\/IP65 Standartlar\u0131nda\u25cf 2 metreden d\u00fc\u015fmeye dayan\u0131kl\u0131\u25cf Forklifte monte edebilme imkan\u0131\u25cf Ekranl\u0131\/Ekrans\u0131z ve Tu\u015f tak\u0131ms\u0131z\/Tu\u015f tak\u0131ml\u0131 se\u00e7enekleri\u25cf &#8211;\u00a020\u00b0C\u00a0derece de dahi \u00e7al\u0131\u015fabilme\u25cf Klavye, RS-232C ve USB Arabirim Kablosuz \u0130leti\u015fim &nbsp;Piconet Max. 1 Cradle a 4 Okuyucu [&hellip;]<\/p>\n","protected":false},"author":1,"featured_media":0,"parent":750,"menu_order":0,"comment_status":"closed","ping_status":"closed","template":"","meta":[],"yoast_head":"<!-- This site is optimized with the Yoast SEO plugin v15.7 - https:\/\/yoast.com\/wordpress\/plugins\/seo\/ -->\n<title>Datalogic PowerScan PBT-8300 End\u00fcstriyel Barkod Okuyucu - Crea Barkod<\/title>\n<meta name=\"robots\" content=\"index, follow, max-snippet:-1, max-image-preview:large, max-video-preview:-1\" \/>\n<link rel=\"canonical\" href=\"http:\/\/www.creabarkod.com\/?page_id=1075\" \/>\n<meta property=\"og:locale\" content=\"tr_TR\" \/>\n<meta property=\"og:type\" content=\"article\" \/>\n<meta property=\"og:title\" content=\"Datalogic PowerScan PBT-8300 End\u00fcstriyel Barkod Okuyucu - Crea Barkod\" \/>\n<meta property=\"og:description\" content=\"\u25cf End\u00fcstriyel\u00a0Kablosuz (Bluetooth)\u00a0Barkod Okuyucu\u25cf 1D, Stacked &amp; Postal Kodlar\u0131 okuyabilme\u25cf Tek Base Station a 4 cihaz ba\u011flayabilme\u25cf\u00a040\/90 Metre Aktarma Mesafesi Se\u00e7ene\u011fi\u25cf IP64\/IP65 Standartlar\u0131nda\u25cf 2 metreden d\u00fc\u015fmeye dayan\u0131kl\u0131\u25cf Forklifte monte edebilme imkan\u0131\u25cf Ekranl\u0131\/Ekrans\u0131z ve Tu\u015f tak\u0131ms\u0131z\/Tu\u015f tak\u0131ml\u0131 se\u00e7enekleri\u25cf &#8211;\u00a020\u00b0C\u00a0derece de dahi \u00e7al\u0131\u015fabilme\u25cf Klavye, RS-232C ve USB Arabirim Kablosuz \u0130leti\u015fim &nbsp;Piconet Max. 1 Cradle a 4 Okuyucu [&hellip;]\" \/>\n<meta property=\"og:url\" content=\"http:\/\/www.creabarkod.com\/?page_id=1075\" \/>\n<meta property=\"og:site_name\" content=\"Crea Barkod\" \/>\n<meta property=\"article:modified_time\" content=\"2019-06-21T11:44:22+00:00\" \/>\n<meta property=\"og:image\" content=\"http:\/\/www.creabarkod.com\/wp-content\/uploads\/2019\/06\/Datalogic-PowerScan-PBT-8300-End\u00fcstriyel-Barkod-Okuyucu-1-1.jpg\" \/>\n<meta name=\"twitter:card\" content=\"summary_large_image\" \/>\n<meta name=\"twitter:label1\" content=\"Tahmini okuma s\u00fcresi\">\n\t<meta name=\"twitter:data1\" content=\"3 dakika\">\n<script type=\"application\/ld+json\" class=\"yoast-schema-graph\">{\"@context\":\"https:\/\/schema.org\",\"@graph\":[{\"@type\":\"WebSite\",\"@id\":\"http:\/\/www.creabarkod.com\/#website\",\"url\":\"http:\/\/www.creabarkod.com\/\",\"name\":\"Crea Barkod\",\"description\":\"\",\"potentialAction\":[{\"@type\":\"SearchAction\",\"target\":\"http:\/\/www.creabarkod.com\/?s={search_term_string}\",\"query-input\":\"required name=search_term_string\"}],\"inLanguage\":\"tr\"},{\"@type\":\"ImageObject\",\"@id\":\"http:\/\/www.creabarkod.com\/?page_id=1075#primaryimage\",\"inLanguage\":\"tr\",\"url\":\"http:\/\/www.creabarkod.com\/wp-content\/uploads\/2019\/06\/Datalogic-PowerScan-PBT-8300-End\\u00fcstriyel-Barkod-Okuyucu-1-1.jpg\",\"width\":500,\"height\":500,\"caption\":\"Datalogic PowerScan PBT-8300 End\\u00fcstriyel Barkod Okuyucu\"},{\"@type\":\"WebPage\",\"@id\":\"http:\/\/www.creabarkod.com\/?page_id=1075#webpage\",\"url\":\"http:\/\/www.creabarkod.com\/?page_id=1075\",\"name\":\"Datalogic PowerScan PBT-8300 End\\u00fcstriyel Barkod Okuyucu - Crea Barkod\",\"isPartOf\":{\"@id\":\"http:\/\/www.creabarkod.com\/#website\"},\"primaryImageOfPage\":{\"@id\":\"http:\/\/www.creabarkod.com\/?page_id=1075#primaryimage\"},\"datePublished\":\"2019-06-21T11:19:02+00:00\",\"dateModified\":\"2019-06-21T11:44:22+00:00\",\"inLanguage\":\"tr\",\"potentialAction\":[{\"@type\":\"ReadAction\",\"target\":[\"http:\/\/www.creabarkod.com\/?page_id=1075\"]}]}]}<\/script>\n<!-- \/ Yoast SEO plugin. -->","_links":{"self":[{"href":"http:\/\/www.creabarkod.com\/index.php?rest_route=\/wp\/v2\/pages\/1075"}],"collection":[{"href":"http:\/\/www.creabarkod.com\/index.php?rest_route=\/wp\/v2\/pages"}],"about":[{"href":"http:\/\/www.creabarkod.com\/index.php?rest_route=\/wp\/v2\/types\/page"}],"author":[{"embeddable":true,"href":"http:\/\/www.creabarkod.com\/index.php?rest_route=\/wp\/v2\/users\/1"}],"replies":[{"embeddable":true,"href":"http:\/\/www.creabarkod.com\/index.php?rest_route=%2Fwp%2Fv2%2Fcomments&post=1075"}],"version-history":[{"count":1,"href":"http:\/\/www.creabarkod.com\/index.php?rest_route=\/wp\/v2\/pages\/1075\/revisions"}],"predecessor-version":[{"id":1078,"href":"http:\/\/www.creabarkod.com\/index.php?rest_route=\/wp\/v2\/pages\/1075\/revisions\/1078"}],"up":[{"embeddable":true,"href":"http:\/\/www.creabarkod.com\/index.php?rest_route=\/wp\/v2\/pages\/750"}],"wp:attachment":[{"href":"http:\/\/www.creabarkod.com\/index.php?rest_route=%2Fwp%2Fv2%2Fmedia&parent=1075"}],"curies":[{"name":"wp","href":"https:\/\/api.w.org\/{rel}","templated":true}]}}