{"id":1022,"date":"2019-06-20T14:04:29","date_gmt":"2019-06-20T14:04:29","guid":{"rendered":"http:\/\/www.creabarkod.com\/?page_id=1022"},"modified":"2019-06-20T15:28:18","modified_gmt":"2019-06-20T15:28:18","slug":"sunlux-xl-9522-kablosuz-karekod-okuyucu","status":"publish","type":"page","link":"http:\/\/www.creabarkod.com\/?page_id=1022","title":{"rendered":"Sunlux XL-9522 Kablosuz Karekod Okuyucu"},"content":{"rendered":"\n<ul class=\"wp-block-gallery columns-6 is-cropped\"><li class=\"blocks-gallery-item\"><figure><a href=\"http:\/\/www.creabarkod.com\/wp-content\/uploads\/2019\/06\/Sunlux-XL-9522-Kablosuz-Barkod-Okuyucu-1-1.jpg\"><img loading=\"lazy\" width=\"747\" height=\"567\" src=\"http:\/\/www.creabarkod.com\/wp-content\/uploads\/2019\/06\/Sunlux-XL-9522-Kablosuz-Barkod-Okuyucu-1-1.jpg\" alt=\"Sunlux XL-9522 Kablosuz Barkod Okuyucu\" data-id=\"1023\" data-link=\"http:\/\/www.creabarkod.com\/?attachment_id=1023\" class=\"wp-image-1023\" srcset=\"http:\/\/www.creabarkod.com\/wp-content\/uploads\/2019\/06\/Sunlux-XL-9522-Kablosuz-Barkod-Okuyucu-1-1.jpg 747w, http:\/\/www.creabarkod.com\/wp-content\/uploads\/2019\/06\/Sunlux-XL-9522-Kablosuz-Barkod-Okuyucu-1-1-300x228.jpg 300w\" sizes=\"(max-width: 747px) 100vw, 747px\" \/><\/a><\/figure><\/li><li class=\"blocks-gallery-item\"><figure><a href=\"http:\/\/www.creabarkod.com\/wp-content\/uploads\/2019\/06\/Sunlux-XL-9522-Kablosuz-Barkod-Okuyucu-2.jpg\"><img loading=\"lazy\" width=\"519\" height=\"567\" src=\"http:\/\/www.creabarkod.com\/wp-content\/uploads\/2019\/06\/Sunlux-XL-9522-Kablosuz-Barkod-Okuyucu-2.jpg\" alt=\"Sunlux XL-9522 Kablosuz Barkod Okuyucu\" data-id=\"1024\" data-link=\"http:\/\/www.creabarkod.com\/?attachment_id=1024\" class=\"wp-image-1024\" srcset=\"http:\/\/www.creabarkod.com\/wp-content\/uploads\/2019\/06\/Sunlux-XL-9522-Kablosuz-Barkod-Okuyucu-2.jpg 519w, http:\/\/www.creabarkod.com\/wp-content\/uploads\/2019\/06\/Sunlux-XL-9522-Kablosuz-Barkod-Okuyucu-2-275x300.jpg 275w\" sizes=\"(max-width: 519px) 100vw, 519px\" \/><\/a><\/figure><\/li><li class=\"blocks-gallery-item\"><figure><a href=\"http:\/\/www.creabarkod.com\/wp-content\/uploads\/2019\/06\/Sunlux-XL-9522-Kablosuz-Barkod-Okuyucu-3.jpg\"><img loading=\"lazy\" width=\"772\" height=\"567\" src=\"http:\/\/www.creabarkod.com\/wp-content\/uploads\/2019\/06\/Sunlux-XL-9522-Kablosuz-Barkod-Okuyucu-3.jpg\" alt=\"Sunlux XL-9522 Kablosuz Barkod Okuyucu\" data-id=\"1025\" data-link=\"http:\/\/www.creabarkod.com\/?attachment_id=1025\" class=\"wp-image-1025\" srcset=\"http:\/\/www.creabarkod.com\/wp-content\/uploads\/2019\/06\/Sunlux-XL-9522-Kablosuz-Barkod-Okuyucu-3.jpg 772w, http:\/\/www.creabarkod.com\/wp-content\/uploads\/2019\/06\/Sunlux-XL-9522-Kablosuz-Barkod-Okuyucu-3-300x220.jpg 300w, http:\/\/www.creabarkod.com\/wp-content\/uploads\/2019\/06\/Sunlux-XL-9522-Kablosuz-Barkod-Okuyucu-3-768x564.jpg 768w\" sizes=\"(max-width: 772px) 100vw, 772px\" \/><\/a><\/figure><\/li><li class=\"blocks-gallery-item\"><figure><a href=\"http:\/\/www.creabarkod.com\/wp-content\/uploads\/2019\/06\/Sunlux-XL-9522-Kablosuz-Barkod-Okuyucu-4.jpg\"><img loading=\"lazy\" width=\"865\" height=\"567\" src=\"http:\/\/www.creabarkod.com\/wp-content\/uploads\/2019\/06\/Sunlux-XL-9522-Kablosuz-Barkod-Okuyucu-4.jpg\" alt=\"Sunlux XL-9522 Kablosuz Barkod Okuyucu\" data-id=\"1026\" data-link=\"http:\/\/www.creabarkod.com\/?attachment_id=1026\" class=\"wp-image-1026\" srcset=\"http:\/\/www.creabarkod.com\/wp-content\/uploads\/2019\/06\/Sunlux-XL-9522-Kablosuz-Barkod-Okuyucu-4.jpg 865w, http:\/\/www.creabarkod.com\/wp-content\/uploads\/2019\/06\/Sunlux-XL-9522-Kablosuz-Barkod-Okuyucu-4-300x197.jpg 300w, http:\/\/www.creabarkod.com\/wp-content\/uploads\/2019\/06\/Sunlux-XL-9522-Kablosuz-Barkod-Okuyucu-4-768x503.jpg 768w\" sizes=\"(max-width: 865px) 100vw, 865px\" \/><\/a><\/figure><\/li><li class=\"blocks-gallery-item\"><figure><a href=\"http:\/\/www.creabarkod.com\/wp-content\/uploads\/2019\/06\/Sunlux-XL-9522-Kablosuz-Barkod-Okuyucu-5.jpg\"><img loading=\"lazy\" width=\"546\" height=\"709\" src=\"http:\/\/www.creabarkod.com\/wp-content\/uploads\/2019\/06\/Sunlux-XL-9522-Kablosuz-Barkod-Okuyucu-5.jpg\" alt=\"Sunlux XL-9522 Kablosuz Barkod Okuyucu\" data-id=\"1027\" data-link=\"http:\/\/www.creabarkod.com\/?attachment_id=1027\" class=\"wp-image-1027\" srcset=\"http:\/\/www.creabarkod.com\/wp-content\/uploads\/2019\/06\/Sunlux-XL-9522-Kablosuz-Barkod-Okuyucu-5.jpg 546w, http:\/\/www.creabarkod.com\/wp-content\/uploads\/2019\/06\/Sunlux-XL-9522-Kablosuz-Barkod-Okuyucu-5-231x300.jpg 231w\" sizes=\"(max-width: 546px) 100vw, 546px\" \/><\/a><\/figure><\/li><li class=\"blocks-gallery-item\"><figure><a href=\"http:\/\/www.creabarkod.com\/wp-content\/uploads\/2019\/06\/Sunlux-XL-9522-Kablosuz-Barkod-Okuyucu-6-1024x684.jpg\"><img loading=\"lazy\" width=\"1024\" height=\"684\" src=\"http:\/\/www.creabarkod.com\/wp-content\/uploads\/2019\/06\/Sunlux-XL-9522-Kablosuz-Barkod-Okuyucu-6-1024x684.jpg\" alt=\"Sunlux XL-9522 Kablosuz Barkod Okuyucu\" data-id=\"1028\" data-link=\"http:\/\/www.creabarkod.com\/?attachment_id=1028\" class=\"wp-image-1028\" srcset=\"http:\/\/www.creabarkod.com\/wp-content\/uploads\/2019\/06\/Sunlux-XL-9522-Kablosuz-Barkod-Okuyucu-6-1024x684.jpg 1024w, http:\/\/www.creabarkod.com\/wp-content\/uploads\/2019\/06\/Sunlux-XL-9522-Kablosuz-Barkod-Okuyucu-6-300x200.jpg 300w, http:\/\/www.creabarkod.com\/wp-content\/uploads\/2019\/06\/Sunlux-XL-9522-Kablosuz-Barkod-Okuyucu-6-768x513.jpg 768w, http:\/\/www.creabarkod.com\/wp-content\/uploads\/2019\/06\/Sunlux-XL-9522-Kablosuz-Barkod-Okuyucu-6.jpg 1061w\" sizes=\"(max-width: 1024px) 100vw, 1024px\" \/><\/a><\/figure><\/li><\/ul>\n\n\n\n<p>\u25cf 2D (Imager) Karekod Okuyucu<br>\u25cf Wifi (433 Mhz) ileti\u015fim<br>\u25cf Max. 300 metre aktarma mesafesi<br>\u25cf 5 mil \u00e7\u00f6z\u00fcn\u00fcrl\u00fck<br>\u25cf 55 ~ 330 mm okuma mesafesi<br>\u25cf IP52 Standart\u0131nda<br>\u25cf 1,5 metreden d\u00fc\u015fmeye dayan\u0131kl\u0131 <\/p>\n\n\n\n<table class=\"wp-block-table\"><tbody><tr><td><strong>&nbsp;\u0130\u015flemsel<\/strong><\/td><\/tr><tr><td>&nbsp;Image Sensor<\/td><td>CMOS<\/td><\/tr><tr><td>&nbsp;\u00c7\u00f6z\u00fcn\u00fcrl\u00fck<\/td><td>648 x 488 Piksel<\/td><\/tr><tr><td>&nbsp;Desteklenen Barkod Tipleri<\/td><td>1D (Linear) ve 2D (Imager)<\/td><\/tr><tr><td>&nbsp;I\u015f\u0131k Kayna\u011f\u0131<\/td><td>Odaklama: K\u0131rm\u0131z\u0131 LED<\/td><\/tr><tr><td>Ayd\u0131nlatma: Beyaz LED<\/td><\/tr><tr><td>&nbsp;Minumum Bar Geni\u015fli\u011fi<\/td><td>1D: Min: 5 Mil (Code 39)<\/td><\/tr><tr><td>2D: Min: 5 Mil (QrCode)<\/td><\/tr><tr><td>&nbsp;Tarama Mesafesi<\/td><td>55 &#8211; 330 mm (13 mil PCS %90)<\/td><\/tr><tr><td>&nbsp;Tarama A\u00e7\u0131lar\u0131<\/td><td>Y\u00fckseklik: \u00b165\u00b0<\/td><\/tr><tr><td>K\u00f6\u015fe: \u00b1360\u00b0<\/td><\/tr><tr><td>Sapma: \u00b160\u00b0<\/td><\/tr><tr><td>&nbsp;Tarama H\u0131z\u0131<\/td><td>200 Tarama\/Saniye<\/td><\/tr><tr><td>&nbsp;Tarama Geni\u015fli\u011fi<\/td><td>5*5cm-30*30cm<\/td><\/tr><tr><td>&nbsp;Yazd\u0131rma kar\u015f\u0131tl\u0131\u011f\u0131<\/td><td>Min. %30<\/td><\/tr><tr><td>&nbsp;G\u00f6stergeler<\/td><td>Ses ve LED<\/td><\/tr><tr><td><strong>&nbsp;Haberle\u015fme<\/strong><\/td><\/tr><tr><td>&nbsp;Radyo Frekans\u0131<\/td><td>433 Mhz ISM Frekans\u0131<\/td><\/tr><tr><td>&nbsp;Mesafe<\/td><td>300 metre (Max. A\u00e7\u0131k Alanda)<\/td><\/tr><tr><td>&nbsp;Desteklenen Arabirimler<\/td><td>USB-HID ve USB-VCP<\/td><\/tr><tr><td><strong>&nbsp;Barkod Tipleri<\/strong><\/td><\/tr><tr><td>&nbsp;Desteklenen Barkod Tipleri<\/td><td><strong>&nbsp;1D:<\/strong>&nbsp;\uff1aCode128, EAN-13, EAN-8, Code39, UPC-A, UPC-E, Codabar, Interleaved 2 of 5, ISBN\/ISSN, Code 93,UCC\/EAN-128,GS1 Databar vb.<\/td><\/tr><tr><td><strong>&nbsp;2D:<\/strong>&nbsp;PDF417, QR Code(Model 1\/2\uff0cmirco), DataMatrix (ECC200, ECC000,050, 080, 100,140) vb.<\/td><\/tr><tr><td><strong>&nbsp;Elektriksel<\/strong><\/td><\/tr><tr><td>&nbsp;Pil Kapasitesi<\/td><td>2200 mAh<\/td><\/tr><tr><td>&nbsp;\u00c7al\u0131\u015fma Voltaj\u0131<\/td><td>DC 5V<\/td><\/tr><tr><td>&nbsp;T\u00fcketim De\u011ferleri<\/td><td>300 mA<\/td><\/tr><tr><td>&nbsp;Pil Tipi<\/td><td>Lityum Ion<\/td><\/tr><tr><td>&nbsp;Pil&nbsp;\u015earj olma s\u00fcresi<\/td><td>Max. 4 Saat(USB Kablo \u0130le)<\/td><\/tr><tr><td>&nbsp;Pil Kullan\u0131m \u00d6mr\u00fc<\/td><td>Bekleme: 2 Ay<\/td><\/tr><tr><td>Kullanma: 30 G\u00fcn (G\u00fcnde 3000 Barkod okutma ile)<\/td><\/tr><tr><td>&nbsp;\u015earj Y\u00f6ntemi<\/td><td>Kablosuz \u015earj<\/td><\/tr><tr><td>&nbsp;Y\u00f6netmelik Onaylar\u0131<\/td><td>CE<\/td><\/tr><tr><td><strong>&nbsp;Fiziksel<\/strong><\/td><\/tr><tr><td>&nbsp;Uzunluk<\/td><td>170 mm<\/td><\/tr><tr><td>&nbsp;Geni\u015flik<\/td><td>71 mm<\/td><\/tr><tr><td>&nbsp;Y\u00fckseklik<\/td><td>98 mm<\/td><\/tr><tr><td>&nbsp;A\u011f\u0131rl\u0131k<\/td><td>182 gram<\/td><\/tr><tr><td>&nbsp;Kasa Malzemesi<\/td><td>ABS Plastik<\/td><\/tr><tr><td><strong>&nbsp;\u00c7evresel<\/strong><\/td><\/tr><tr><td>&nbsp;Darbe dayan\u0131kl\u0131l\u0131\u011f\u0131<\/td><td>1,5 metre<\/td><\/tr><tr><td>&nbsp;IP Standart\u0131<\/td><td>IP52<\/td><\/tr><tr><td>&nbsp;\u00c7al\u0131\u015fma S\u0131cakl\u0131\u011f\u0131<\/td><td>-20 \u00b0C ~ 60\u00b0C<\/td><\/tr><tr><td>&nbsp;Muhafaza S\u0131cakl\u0131\u011f\u0131<\/td><td>-20 \u00b0C ~ 60\u00b0C<\/td><\/tr><tr><td>&nbsp;Nem Oran\u0131<\/td><td>%5 ~ %95 (Yo\u011fu\u015fmas\u0131z)<\/td><\/tr><\/tbody><\/table>\n","protected":false},"excerpt":{"rendered":"<p>\u25cf 2D (Imager) Karekod Okuyucu\u25cf Wifi (433 Mhz) ileti\u015fim\u25cf Max. 300 metre aktarma mesafesi\u25cf 5 mil \u00e7\u00f6z\u00fcn\u00fcrl\u00fck\u25cf 55 ~ 330 mm okuma mesafesi\u25cf IP52 Standart\u0131nda\u25cf 1,5 metreden d\u00fc\u015fmeye dayan\u0131kl\u0131 &nbsp;\u0130\u015flemsel &nbsp;Image Sensor CMOS &nbsp;\u00c7\u00f6z\u00fcn\u00fcrl\u00fck 648 x 488 Piksel &nbsp;Desteklenen Barkod Tipleri 1D (Linear) ve 2D (Imager) &nbsp;I\u015f\u0131k Kayna\u011f\u0131 Odaklama: K\u0131rm\u0131z\u0131 LED Ayd\u0131nlatma: Beyaz LED &nbsp;Minumum [&hellip;]<\/p>\n","protected":false},"author":1,"featured_media":0,"parent":754,"menu_order":0,"comment_status":"closed","ping_status":"closed","template":"","meta":[],"yoast_head":"<!-- This site is optimized with the Yoast SEO plugin v15.7 - https:\/\/yoast.com\/wordpress\/plugins\/seo\/ -->\n<title>Sunlux XL-9522 Kablosuz Karekod Okuyucu - Crea Barkod<\/title>\n<meta name=\"robots\" content=\"index, follow, max-snippet:-1, max-image-preview:large, max-video-preview:-1\" \/>\n<link rel=\"canonical\" href=\"http:\/\/www.creabarkod.com\/?page_id=1022\" \/>\n<meta property=\"og:locale\" content=\"tr_TR\" \/>\n<meta property=\"og:type\" content=\"article\" \/>\n<meta property=\"og:title\" content=\"Sunlux XL-9522 Kablosuz Karekod Okuyucu - Crea Barkod\" \/>\n<meta property=\"og:description\" content=\"\u25cf 2D (Imager) Karekod Okuyucu\u25cf Wifi (433 Mhz) ileti\u015fim\u25cf Max. 300 metre aktarma mesafesi\u25cf 5 mil \u00e7\u00f6z\u00fcn\u00fcrl\u00fck\u25cf 55 ~ 330 mm okuma mesafesi\u25cf IP52 Standart\u0131nda\u25cf 1,5 metreden d\u00fc\u015fmeye dayan\u0131kl\u0131 &nbsp;\u0130\u015flemsel &nbsp;Image Sensor CMOS &nbsp;\u00c7\u00f6z\u00fcn\u00fcrl\u00fck 648 x 488 Piksel &nbsp;Desteklenen Barkod Tipleri 1D (Linear) ve 2D (Imager) &nbsp;I\u015f\u0131k Kayna\u011f\u0131 Odaklama: K\u0131rm\u0131z\u0131 LED Ayd\u0131nlatma: Beyaz LED &nbsp;Minumum [&hellip;]\" \/>\n<meta property=\"og:url\" content=\"http:\/\/www.creabarkod.com\/?page_id=1022\" \/>\n<meta property=\"og:site_name\" content=\"Crea Barkod\" \/>\n<meta property=\"article:modified_time\" content=\"2019-06-20T15:28:18+00:00\" \/>\n<meta property=\"og:image\" content=\"http:\/\/www.creabarkod.com\/wp-content\/uploads\/2019\/06\/Sunlux-XL-9522-Kablosuz-Barkod-Okuyucu-1-1.jpg\" \/>\n<meta name=\"twitter:card\" content=\"summary_large_image\" \/>\n<meta name=\"twitter:label1\" content=\"Tahmini okuma s\u00fcresi\">\n\t<meta name=\"twitter:data1\" content=\"1 dakika\">\n<script type=\"application\/ld+json\" class=\"yoast-schema-graph\">{\"@context\":\"https:\/\/schema.org\",\"@graph\":[{\"@type\":\"WebSite\",\"@id\":\"http:\/\/www.creabarkod.com\/#website\",\"url\":\"http:\/\/www.creabarkod.com\/\",\"name\":\"Crea Barkod\",\"description\":\"\",\"potentialAction\":[{\"@type\":\"SearchAction\",\"target\":\"http:\/\/www.creabarkod.com\/?s={search_term_string}\",\"query-input\":\"required name=search_term_string\"}],\"inLanguage\":\"tr\"},{\"@type\":\"ImageObject\",\"@id\":\"http:\/\/www.creabarkod.com\/?page_id=1022#primaryimage\",\"inLanguage\":\"tr\",\"url\":\"http:\/\/www.creabarkod.com\/wp-content\/uploads\/2019\/06\/Sunlux-XL-9522-Kablosuz-Barkod-Okuyucu-1-1.jpg\",\"width\":747,\"height\":567,\"caption\":\"Sunlux XL-9522 Kablosuz Barkod Okuyucu\"},{\"@type\":\"WebPage\",\"@id\":\"http:\/\/www.creabarkod.com\/?page_id=1022#webpage\",\"url\":\"http:\/\/www.creabarkod.com\/?page_id=1022\",\"name\":\"Sunlux XL-9522 Kablosuz Karekod Okuyucu - Crea Barkod\",\"isPartOf\":{\"@id\":\"http:\/\/www.creabarkod.com\/#website\"},\"primaryImageOfPage\":{\"@id\":\"http:\/\/www.creabarkod.com\/?page_id=1022#primaryimage\"},\"datePublished\":\"2019-06-20T14:04:29+00:00\",\"dateModified\":\"2019-06-20T15:28:18+00:00\",\"inLanguage\":\"tr\",\"potentialAction\":[{\"@type\":\"ReadAction\",\"target\":[\"http:\/\/www.creabarkod.com\/?page_id=1022\"]}]}]}<\/script>\n<!-- \/ Yoast SEO plugin. -->","_links":{"self":[{"href":"http:\/\/www.creabarkod.com\/index.php?rest_route=\/wp\/v2\/pages\/1022"}],"collection":[{"href":"http:\/\/www.creabarkod.com\/index.php?rest_route=\/wp\/v2\/pages"}],"about":[{"href":"http:\/\/www.creabarkod.com\/index.php?rest_route=\/wp\/v2\/types\/page"}],"author":[{"embeddable":true,"href":"http:\/\/www.creabarkod.com\/index.php?rest_route=\/wp\/v2\/users\/1"}],"replies":[{"embeddable":true,"href":"http:\/\/www.creabarkod.com\/index.php?rest_route=%2Fwp%2Fv2%2Fcomments&post=1022"}],"version-history":[{"count":1,"href":"http:\/\/www.creabarkod.com\/index.php?rest_route=\/wp\/v2\/pages\/1022\/revisions"}],"predecessor-version":[{"id":1029,"href":"http:\/\/www.creabarkod.com\/index.php?rest_route=\/wp\/v2\/pages\/1022\/revisions\/1029"}],"up":[{"embeddable":true,"href":"http:\/\/www.creabarkod.com\/index.php?rest_route=\/wp\/v2\/pages\/754"}],"wp:attachment":[{"href":"http:\/\/www.creabarkod.com\/index.php?rest_route=%2Fwp%2Fv2%2Fmedia&parent=1022"}],"curies":[{"name":"wp","href":"https:\/\/api.w.org\/{rel}","templated":true}]}}