{"id":1002,"date":"2019-06-20T13:57:11","date_gmt":"2019-06-20T13:57:11","guid":{"rendered":"http:\/\/www.creabarkod.com\/?page_id=1002"},"modified":"2019-06-20T15:27:22","modified_gmt":"2019-06-20T15:27:22","slug":"palmx-sc-830w-kablosuz-barkod-okuyucu","status":"publish","type":"page","link":"http:\/\/www.creabarkod.com\/?page_id=1002","title":{"rendered":"Palmx SC-830W Kablosuz Barkod Okuyucu"},"content":{"rendered":"\n<ul class=\"wp-block-gallery columns-6 is-cropped\"><li class=\"blocks-gallery-item\"><figure><a href=\"http:\/\/www.creabarkod.com\/wp-content\/uploads\/2019\/06\/Palmx-SC-830W-Kablosuz-Barkod-Okuyucu-1-1.jpg\"><img loading=\"lazy\" width=\"619\" height=\"709\" src=\"http:\/\/www.creabarkod.com\/wp-content\/uploads\/2019\/06\/Palmx-SC-830W-Kablosuz-Barkod-Okuyucu-1-1.jpg\" alt=\"Palmx SC-830W Kablosuz Barkod Okuyucu\" data-id=\"1003\" data-link=\"http:\/\/www.creabarkod.com\/?attachment_id=1003\" class=\"wp-image-1003\" srcset=\"http:\/\/www.creabarkod.com\/wp-content\/uploads\/2019\/06\/Palmx-SC-830W-Kablosuz-Barkod-Okuyucu-1-1.jpg 619w, http:\/\/www.creabarkod.com\/wp-content\/uploads\/2019\/06\/Palmx-SC-830W-Kablosuz-Barkod-Okuyucu-1-1-262x300.jpg 262w\" sizes=\"(max-width: 619px) 100vw, 619px\" \/><\/a><\/figure><\/li><li class=\"blocks-gallery-item\"><figure><a href=\"http:\/\/www.creabarkod.com\/wp-content\/uploads\/2019\/06\/Palmx-SC-830W-Kablosuz-Barkod-Okuyucu-2.jpg\"><img loading=\"lazy\" width=\"912\" height=\"567\" src=\"http:\/\/www.creabarkod.com\/wp-content\/uploads\/2019\/06\/Palmx-SC-830W-Kablosuz-Barkod-Okuyucu-2.jpg\" alt=\"Palmx SC-830W Kablosuz Barkod Okuyucu\" data-id=\"1004\" data-link=\"http:\/\/www.creabarkod.com\/?attachment_id=1004\" class=\"wp-image-1004\" srcset=\"http:\/\/www.creabarkod.com\/wp-content\/uploads\/2019\/06\/Palmx-SC-830W-Kablosuz-Barkod-Okuyucu-2.jpg 912w, http:\/\/www.creabarkod.com\/wp-content\/uploads\/2019\/06\/Palmx-SC-830W-Kablosuz-Barkod-Okuyucu-2-300x187.jpg 300w, http:\/\/www.creabarkod.com\/wp-content\/uploads\/2019\/06\/Palmx-SC-830W-Kablosuz-Barkod-Okuyucu-2-768x477.jpg 768w\" sizes=\"(max-width: 912px) 100vw, 912px\" \/><\/a><\/figure><\/li><li class=\"blocks-gallery-item\"><figure><a href=\"http:\/\/www.creabarkod.com\/wp-content\/uploads\/2019\/06\/Palmx-SC-830W-Kablosuz-Barkod-Okuyucu-3-1024x554.jpg\"><img loading=\"lazy\" width=\"1024\" height=\"554\" src=\"http:\/\/www.creabarkod.com\/wp-content\/uploads\/2019\/06\/Palmx-SC-830W-Kablosuz-Barkod-Okuyucu-3-1024x554.jpg\" alt=\"Palmx SC-830W Kablosuz Barkod Okuyucu\" data-id=\"1005\" data-link=\"http:\/\/www.creabarkod.com\/?attachment_id=1005\" class=\"wp-image-1005\" srcset=\"http:\/\/www.creabarkod.com\/wp-content\/uploads\/2019\/06\/Palmx-SC-830W-Kablosuz-Barkod-Okuyucu-3-1024x554.jpg 1024w, http:\/\/www.creabarkod.com\/wp-content\/uploads\/2019\/06\/Palmx-SC-830W-Kablosuz-Barkod-Okuyucu-3-300x162.jpg 300w, http:\/\/www.creabarkod.com\/wp-content\/uploads\/2019\/06\/Palmx-SC-830W-Kablosuz-Barkod-Okuyucu-3-768x416.jpg 768w, http:\/\/www.creabarkod.com\/wp-content\/uploads\/2019\/06\/Palmx-SC-830W-Kablosuz-Barkod-Okuyucu-3.jpg 1048w\" sizes=\"(max-width: 1024px) 100vw, 1024px\" \/><\/a><\/figure><\/li><li class=\"blocks-gallery-item\"><figure><a href=\"http:\/\/www.creabarkod.com\/wp-content\/uploads\/2019\/06\/Palmx-SC-830W-Kablosuz-Barkod-Okuyucu-4.jpg\"><img loading=\"lazy\" width=\"343\" height=\"567\" src=\"http:\/\/www.creabarkod.com\/wp-content\/uploads\/2019\/06\/Palmx-SC-830W-Kablosuz-Barkod-Okuyucu-4.jpg\" alt=\"Palmx SC-830W Kablosuz Barkod Okuyucu\" data-id=\"1006\" data-link=\"http:\/\/www.creabarkod.com\/?attachment_id=1006\" class=\"wp-image-1006\" srcset=\"http:\/\/www.creabarkod.com\/wp-content\/uploads\/2019\/06\/Palmx-SC-830W-Kablosuz-Barkod-Okuyucu-4.jpg 343w, http:\/\/www.creabarkod.com\/wp-content\/uploads\/2019\/06\/Palmx-SC-830W-Kablosuz-Barkod-Okuyucu-4-181x300.jpg 181w\" sizes=\"(max-width: 343px) 100vw, 343px\" \/><\/a><\/figure><\/li><li class=\"blocks-gallery-item\"><figure><a href=\"http:\/\/www.creabarkod.com\/wp-content\/uploads\/2019\/06\/Palmx-SC-830W-Kablosuz-Barkod-Okuyucu-5.jpg\"><img loading=\"lazy\" width=\"308\" height=\"709\" src=\"http:\/\/www.creabarkod.com\/wp-content\/uploads\/2019\/06\/Palmx-SC-830W-Kablosuz-Barkod-Okuyucu-5.jpg\" alt=\"Palmx SC-830W Kablosuz Barkod Okuyucu\" data-id=\"1007\" data-link=\"http:\/\/www.creabarkod.com\/?attachment_id=1007\" class=\"wp-image-1007\" srcset=\"http:\/\/www.creabarkod.com\/wp-content\/uploads\/2019\/06\/Palmx-SC-830W-Kablosuz-Barkod-Okuyucu-5.jpg 308w, http:\/\/www.creabarkod.com\/wp-content\/uploads\/2019\/06\/Palmx-SC-830W-Kablosuz-Barkod-Okuyucu-5-130x300.jpg 130w\" sizes=\"(max-width: 308px) 100vw, 308px\" \/><\/a><\/figure><\/li><li class=\"blocks-gallery-item\"><figure><a href=\"http:\/\/www.creabarkod.com\/wp-content\/uploads\/2019\/06\/Palmx-SC-830W-Kablosuz-Barkod-Okuyucu-6.jpg\"><img loading=\"lazy\" width=\"428\" height=\"709\" src=\"http:\/\/www.creabarkod.com\/wp-content\/uploads\/2019\/06\/Palmx-SC-830W-Kablosuz-Barkod-Okuyucu-6.jpg\" alt=\"Palmx SC-830W Kablosuz Barkod Okuyucu\" data-id=\"1008\" data-link=\"http:\/\/www.creabarkod.com\/?attachment_id=1008\" class=\"wp-image-1008\" srcset=\"http:\/\/www.creabarkod.com\/wp-content\/uploads\/2019\/06\/Palmx-SC-830W-Kablosuz-Barkod-Okuyucu-6.jpg 428w, http:\/\/www.creabarkod.com\/wp-content\/uploads\/2019\/06\/Palmx-SC-830W-Kablosuz-Barkod-Okuyucu-6-181x300.jpg 181w\" sizes=\"(max-width: 428px) 100vw, 428px\" \/><\/a><\/figure><\/li><\/ul>\n\n\n\n<p>\u25cf 1D Tek \u00c7izgili Lazer Barkod Okuyucu<br>\u25cf Wifi (433 Mhz) ileti\u015fim<br>\u25cf Max. 300 metre aktarma mesafesi<br>\u25cf Saniyede 200 Tarama<br>\u25cf 0,102 mm (4 mil) \u00e7\u00f6z\u00fcn\u00fcrl\u00fck<br>\u25cf 0 ~ 550 mm okuma mesafesi<br>\u25cf USB Ba\u011flant\u0131 <\/p>\n\n\n\n<table class=\"wp-block-table\"><tbody><tr><td><strong>&nbsp;\u0130\u015flemsel<\/strong><\/td><\/tr><tr><td>&nbsp;I\u015f\u0131k Kayna\u011f\u0131<\/td><td>650 nm&nbsp;G\u00f6r\u00fclebilir&nbsp;Lazer&nbsp;Diyod (VLD)<\/td><\/tr><tr><td>&nbsp;Tarama \u00e7izgi say\u0131s\u0131<\/td><td>Tek Tarama \u00c7izgisi<\/td><\/tr><tr><td>&nbsp;Desteklenen Barkod Tipleri<\/td><td>1D (Linear)<\/td><\/tr><tr><td>&nbsp;Minumum Bar Geni\u015fli\u011fi<\/td><td>0,102 mm (4 mil)<\/td><\/tr><tr><td>&nbsp;Tarama H\u0131z\u0131<\/td><td>200 Tarama \/ Saniye<\/td><\/tr><tr><td>&nbsp;Tarama uzakl\u0131\u011f\u0131<\/td><td>0&nbsp;~&nbsp;550 mm<\/td><\/tr><tr><td>&nbsp;D\u00f6n\u00fc\u015f A\u00e7\u0131lar\u0131<\/td><td>\u00b170\u00b0 (Sol-Sa\u011f), \u00b170\u00b0 (Yukar\u0131-A\u015fa\u011f\u0131)<\/td><\/tr><tr><td>&nbsp;Uyar\u0131c\u0131lar<\/td><td>LED ve Bip sesi<\/td><\/tr><tr><td>&nbsp;Yazd\u0131rma kar\u015f\u0131tl\u0131\u011f\u0131<\/td><td>%30<\/td><\/tr><tr><td><strong>&nbsp;Haberle\u015fme<\/strong><\/td><td>&nbsp;<\/td><\/tr><tr><td>&nbsp;Haberle\u015fme Y\u00f6ntemi<\/td><td>Wifi<\/td><\/tr><tr><td>&nbsp;Radyo Frekans\u0131<\/td><td>433 Mhz ISM Frekans\u0131<\/td><\/tr><tr><td>&nbsp;Mesafe<\/td><td>300 metre (Max. A\u00e7\u0131k Alanda)<\/td><\/tr><tr><td>&nbsp;Desteklenen Arabirimler<\/td><td>USB<\/td><\/tr><tr><td>&nbsp;1 Cradle \u0130le E\u015fle\u015febilen Okuyucu Say\u0131s\u0131<\/td><td>Max. 70 Adet<\/td><\/tr><tr><td><strong>&nbsp;Fiziksel<\/strong><\/td><td>&nbsp;<\/td><\/tr><tr><td>&nbsp;Y\u00fckseklik<\/td><td>138 mm<\/td><\/tr><tr><td>&nbsp;Uzunluk<\/td><td>227 mm<\/td><\/tr><tr><td>&nbsp;Geni\u015flik<\/td><td>107 mm<\/td><\/tr><tr><td>&nbsp;A\u011f\u0131rl\u0131k<\/td><td>415 Gram<\/td><\/tr><tr><td>&nbsp;Kasa malzemesi<\/td><td>ABS Plastik<\/td><\/tr><tr><td>&nbsp;Kablo Uzunlu\u011fu<\/td><td>2 Metre<\/td><\/tr><tr><td>&nbsp;Renk<\/td><td>Siyah<\/td><\/tr><tr><td><strong>&nbsp;Elektriksel<\/strong><\/td><td>&nbsp;<\/td><\/tr><tr><td>&nbsp;Giri\u015f Voltaj\u0131<\/td><td>DC 5V \u00b15%<\/td><\/tr><tr><td>&nbsp;G\u00fc\u00e7 Kayna\u011f\u0131 (Cradle)<\/td><td>USB from host system<\/td><\/tr><tr><td>&nbsp;Battery (Scanner)<\/td><td>3.7V, 1000 mAH Polymer Li-Ion<\/td><\/tr><tr><td>&nbsp;Battery Working Period<\/td><td>Operation : Max. 20 Hours<\/td><\/tr><tr><td>Stand By : Max. 3 Days<\/td><\/tr><tr><td>&nbsp;Giri\u015f Voltaj\u0131<\/td><td>DC 5V \u00b15%<\/td><\/tr><tr><td>&nbsp;Operating Current<\/td><td>Bekleme Modunda: 30 mA<\/td><\/tr><tr><td>\u00c7al\u0131\u015fma Modunda: 65 mA<\/td><\/tr><tr><td>En Fazla: 135 mA<\/td><\/tr><tr><td><strong>&nbsp;\u00c7evresel<\/strong><\/td><td>&nbsp;<\/td><\/tr><tr><td>&nbsp;\u00c7al\u0131\u015fma S\u0131cakl\u0131\u011f\u0131<\/td><td>-20 \u00b0C ~ 60 \u00b0C<\/td><\/tr><tr><td>&nbsp;Muhafaza S\u0131cakl\u0131\u011f\u0131<\/td><td>-30 \u00b0C ~ 90 \u00b0C<\/td><\/tr><tr><td>&nbsp;Nem<\/td><td>%5 ~ %95 (Yo\u011funla\u015fmas\u0131z)<\/td><\/tr><tr><td>&nbsp;Darbe Dayan\u0131kl\u0131l\u0131\u011f\u0131<\/td><td>1.8 Metre<\/td><\/tr><tr><td>&nbsp;IP Standart\u0131<\/td><td>IP54<\/td><\/tr><tr><td>&nbsp;Elektrostatik Koruma<\/td><td>15KV<\/td><\/tr><tr><td><strong>&nbsp;Desteklenen&nbsp;<\/strong><strong>Barkod Tipleri<\/strong><\/td><td>&nbsp;<\/td><\/tr><tr><td>&nbsp;Barkod Tipleri<\/td><td>UPC-A,&nbsp;UPC-E,&nbsp;EAN-13,&nbsp;EAN-8,&nbsp;ISBN\/ISSN, Code39,&nbsp;CODABAR,Interleaved 2 of 5, Industrial 2 of 5, Chinese 2 of 5,Code128, Code93,Code11 MSI\/PIESSEY, UK\/PLESSEY,UCC\/EAN128, China Postage<\/td><\/tr><\/tbody><\/table>\n","protected":false},"excerpt":{"rendered":"<p>\u25cf 1D Tek \u00c7izgili Lazer Barkod Okuyucu\u25cf Wifi (433 Mhz) ileti\u015fim\u25cf Max. 300 metre aktarma mesafesi\u25cf Saniyede 200 Tarama\u25cf 0,102 mm (4 mil) \u00e7\u00f6z\u00fcn\u00fcrl\u00fck\u25cf 0 ~ 550 mm okuma mesafesi\u25cf USB Ba\u011flant\u0131 &nbsp;\u0130\u015flemsel &nbsp;I\u015f\u0131k Kayna\u011f\u0131 650 nm&nbsp;G\u00f6r\u00fclebilir&nbsp;Lazer&nbsp;Diyod (VLD) &nbsp;Tarama \u00e7izgi say\u0131s\u0131 Tek Tarama \u00c7izgisi &nbsp;Desteklenen Barkod Tipleri 1D (Linear) &nbsp;Minumum Bar Geni\u015fli\u011fi 0,102 mm (4 [&hellip;]<\/p>\n","protected":false},"author":1,"featured_media":0,"parent":754,"menu_order":0,"comment_status":"closed","ping_status":"closed","template":"","meta":[],"yoast_head":"<!-- This site is optimized with the Yoast SEO plugin v15.7 - https:\/\/yoast.com\/wordpress\/plugins\/seo\/ -->\n<title>Palmx SC-830W Kablosuz Barkod Okuyucu - Crea Barkod<\/title>\n<meta name=\"robots\" content=\"index, follow, max-snippet:-1, max-image-preview:large, max-video-preview:-1\" \/>\n<link rel=\"canonical\" href=\"http:\/\/www.creabarkod.com\/?page_id=1002\" \/>\n<meta property=\"og:locale\" content=\"tr_TR\" \/>\n<meta property=\"og:type\" content=\"article\" \/>\n<meta property=\"og:title\" content=\"Palmx SC-830W Kablosuz Barkod Okuyucu - Crea Barkod\" \/>\n<meta property=\"og:description\" content=\"\u25cf 1D Tek \u00c7izgili Lazer Barkod Okuyucu\u25cf Wifi (433 Mhz) ileti\u015fim\u25cf Max. 300 metre aktarma mesafesi\u25cf Saniyede 200 Tarama\u25cf 0,102 mm (4 mil) \u00e7\u00f6z\u00fcn\u00fcrl\u00fck\u25cf 0 ~ 550 mm okuma mesafesi\u25cf USB Ba\u011flant\u0131 &nbsp;\u0130\u015flemsel &nbsp;I\u015f\u0131k Kayna\u011f\u0131 650 nm&nbsp;G\u00f6r\u00fclebilir&nbsp;Lazer&nbsp;Diyod (VLD) &nbsp;Tarama \u00e7izgi say\u0131s\u0131 Tek Tarama \u00c7izgisi &nbsp;Desteklenen Barkod Tipleri 1D (Linear) &nbsp;Minumum Bar Geni\u015fli\u011fi 0,102 mm (4 [&hellip;]\" \/>\n<meta property=\"og:url\" content=\"http:\/\/www.creabarkod.com\/?page_id=1002\" \/>\n<meta property=\"og:site_name\" content=\"Crea Barkod\" \/>\n<meta property=\"article:modified_time\" content=\"2019-06-20T15:27:22+00:00\" \/>\n<meta property=\"og:image\" content=\"http:\/\/www.creabarkod.com\/wp-content\/uploads\/2019\/06\/Palmx-SC-830W-Kablosuz-Barkod-Okuyucu-1-1.jpg\" \/>\n<meta name=\"twitter:card\" content=\"summary_large_image\" \/>\n<meta name=\"twitter:label1\" content=\"Tahmini okuma s\u00fcresi\">\n\t<meta name=\"twitter:data1\" content=\"1 dakika\">\n<script type=\"application\/ld+json\" class=\"yoast-schema-graph\">{\"@context\":\"https:\/\/schema.org\",\"@graph\":[{\"@type\":\"WebSite\",\"@id\":\"http:\/\/www.creabarkod.com\/#website\",\"url\":\"http:\/\/www.creabarkod.com\/\",\"name\":\"Crea Barkod\",\"description\":\"\",\"potentialAction\":[{\"@type\":\"SearchAction\",\"target\":\"http:\/\/www.creabarkod.com\/?s={search_term_string}\",\"query-input\":\"required name=search_term_string\"}],\"inLanguage\":\"tr\"},{\"@type\":\"ImageObject\",\"@id\":\"http:\/\/www.creabarkod.com\/?page_id=1002#primaryimage\",\"inLanguage\":\"tr\",\"url\":\"http:\/\/www.creabarkod.com\/wp-content\/uploads\/2019\/06\/Palmx-SC-830W-Kablosuz-Barkod-Okuyucu-1-1.jpg\",\"width\":619,\"height\":709,\"caption\":\"Palmx SC-830W Kablosuz Barkod Okuyucu\"},{\"@type\":\"WebPage\",\"@id\":\"http:\/\/www.creabarkod.com\/?page_id=1002#webpage\",\"url\":\"http:\/\/www.creabarkod.com\/?page_id=1002\",\"name\":\"Palmx SC-830W Kablosuz Barkod Okuyucu - Crea Barkod\",\"isPartOf\":{\"@id\":\"http:\/\/www.creabarkod.com\/#website\"},\"primaryImageOfPage\":{\"@id\":\"http:\/\/www.creabarkod.com\/?page_id=1002#primaryimage\"},\"datePublished\":\"2019-06-20T13:57:11+00:00\",\"dateModified\":\"2019-06-20T15:27:22+00:00\",\"inLanguage\":\"tr\",\"potentialAction\":[{\"@type\":\"ReadAction\",\"target\":[\"http:\/\/www.creabarkod.com\/?page_id=1002\"]}]}]}<\/script>\n<!-- \/ Yoast SEO plugin. -->","_links":{"self":[{"href":"http:\/\/www.creabarkod.com\/index.php?rest_route=\/wp\/v2\/pages\/1002"}],"collection":[{"href":"http:\/\/www.creabarkod.com\/index.php?rest_route=\/wp\/v2\/pages"}],"about":[{"href":"http:\/\/www.creabarkod.com\/index.php?rest_route=\/wp\/v2\/types\/page"}],"author":[{"embeddable":true,"href":"http:\/\/www.creabarkod.com\/index.php?rest_route=\/wp\/v2\/users\/1"}],"replies":[{"embeddable":true,"href":"http:\/\/www.creabarkod.com\/index.php?rest_route=%2Fwp%2Fv2%2Fcomments&post=1002"}],"version-history":[{"count":2,"href":"http:\/\/www.creabarkod.com\/index.php?rest_route=\/wp\/v2\/pages\/1002\/revisions"}],"predecessor-version":[{"id":1010,"href":"http:\/\/www.creabarkod.com\/index.php?rest_route=\/wp\/v2\/pages\/1002\/revisions\/1010"}],"up":[{"embeddable":true,"href":"http:\/\/www.creabarkod.com\/index.php?rest_route=\/wp\/v2\/pages\/754"}],"wp:attachment":[{"href":"http:\/\/www.creabarkod.com\/index.php?rest_route=%2Fwp%2Fv2%2Fmedia&parent=1002"}],"curies":[{"name":"wp","href":"https:\/\/api.w.org\/{rel}","templated":true}]}}