{"id":10,"date":"2019-02-11T11:00:20","date_gmt":"2019-02-11T11:00:20","guid":{"rendered":"http:\/\/www.creabarkod.com\/?page_id=10"},"modified":"2019-06-17T12:15:07","modified_gmt":"2019-06-17T12:15:07","slug":"barkod-yazicilar","status":"publish","type":"page","link":"http:\/\/www.creabarkod.com\/?page_id=10","title":{"rendered":"Barkod Yaz\u0131c\u0131lar"},"content":{"rendered":"<div class=\"foogallery foogallery-container foogallery-masonry foogallery-lightbox-none fg-center fg-masonry fg-light fg-border-thick fg-round-large fg-shadow-large fg-loading-bars fg-loaded-fade-in fg-hover-grayscale fg-hover-scale fg-captions-bottom fg-hover-fade fg-ready\" id=\"foogallery-gallery-295\" data-foogallery=\"{&quot;item&quot;:{&quot;showCaptionTitle&quot;:true,&quot;showCaptionDescription&quot;:false},&quot;lazy&quot;:true,&quot;src&quot;:&quot;data-src-fg&quot;,&quot;srcset&quot;:&quot;data-srcset-fg&quot;,&quot;template&quot;:{&quot;layout&quot;:&quot;fixed&quot;,&quot;columnWidth&quot;:210,&quot;gutter&quot;:10}}\" data-fg-common-fields=\"1\" >\r\n\t<div class=\"fg-item\"><figure class=\"fg-item-inner\"><a href=\"http:\/\/www.creabarkod.com\/?page_id=303\" data-caption-title=\"Giri\u015f Seviyesi\" data-caption-desc=\"Argox D2-250 Giri\u015f Seviyesi Barkod Yaz\u0131c\u0131\" data-attachment-id=\"296\" class=\"fg-thumb\"><span class=\"fg-image-wrap\"><img alt=\"Argox D2-250 Giri\u015f Seviyesi Barkod Yaz\u0131c\u0131\" title=\"Argox D2-250 Giri\u015f Seviyesi Barkod Yaz\u0131c\u0131\" width=\"210\" height=\"210\" data-src-fg=\"http:\/\/www.creabarkod.com\/wp-content\/uploads\/cache\/2019\/06\/Argox-D2-250-Giri\u015f-Seviyesi-Barkod-Yaz\u0131c\u0131-1\/659161122.jpg\" class=\"fg-image\" \/><\/span><\/a><figcaption class=\"fg-caption\"><div class=\"fg-caption-inner\"><div class=\"fg-caption-title\">Giri\u015f Seviyesi<\/div><\/div><\/figcaption><\/figure><div class=\"fg-loader\"><\/div><\/div><div class=\"fg-item\"><figure class=\"fg-item-inner\"><a href=\"http:\/\/www.creabarkod.com\/?page_id=305\" data-caption-title=\"Orta Seviye 203dpi\" data-caption-desc=\"Argox O4-250 Orta Seviye Barkod Yaz\u0131c\u0131\" data-attachment-id=\"297\" class=\"fg-thumb\"><span class=\"fg-image-wrap\"><img alt=\"Argox O4-250 Orta Seviye Barkod Yaz\u0131c\u0131\" title=\"Argox O4-250 Orta Seviye Barkod Yaz\u0131c\u0131\" width=\"210\" height=\"210\" data-src-fg=\"http:\/\/www.creabarkod.com\/wp-content\/uploads\/cache\/2019\/06\/Argox-O4-250-Orta-Seviye-Barkod-Yaz\u0131c\u0131-1\/3702766362.jpg\" class=\"fg-image\" \/><\/span><\/a><figcaption class=\"fg-caption\"><div class=\"fg-caption-inner\"><div class=\"fg-caption-title\">Orta Seviye 203dpi<\/div><\/div><\/figcaption><\/figure><div class=\"fg-loader\"><\/div><\/div><div class=\"fg-item\"><figure class=\"fg-item-inner\"><a href=\"http:\/\/www.creabarkod.com\/?page_id=307\" data-caption-title=\"Orta Seviye 300dpi\" data-caption-desc=\"Argox CP-3140 Orta Seviye Barkod Yaz\u0131c\u0131\" data-attachment-id=\"298\" class=\"fg-thumb\"><span class=\"fg-image-wrap\"><img alt=\"Argox CP-3140 Orta Seviye Barkod Yaz\u0131c\u0131\" title=\"Argox CP-3140 Orta Seviye Barkod Yaz\u0131c\u0131\" width=\"210\" height=\"210\" data-src-fg=\"http:\/\/www.creabarkod.com\/wp-content\/uploads\/cache\/2019\/06\/Argox-CP-3140-Orta-Seviye-Barkod-Yaz\u0131c\u0131\/1849575516.jpg\" class=\"fg-image\" \/><\/span><\/a><figcaption class=\"fg-caption\"><div class=\"fg-caption-inner\"><div class=\"fg-caption-title\">Orta Seviye 300dpi<\/div><\/div><\/figcaption><\/figure><div class=\"fg-loader\"><\/div><\/div><div class=\"fg-item\"><figure class=\"fg-item-inner\"><a href=\"http:\/\/www.creabarkod.com\/?page_id=310\" data-caption-title=\"End\u00fcstriyel 203dpi\" data-caption-desc=\"Argox IX4-250 End\u00fcstriyel Barkod Yaz\u0131c\u0131\" data-attachment-id=\"299\" class=\"fg-thumb\"><span class=\"fg-image-wrap\"><img alt=\"Argox IX4-250 End\u00fcstriyel Barkod Yaz\u0131c\u0131\" title=\"Argox IX4-250 End\u00fcstriyel Barkod Yaz\u0131c\u0131\" width=\"210\" height=\"210\" data-src-fg=\"http:\/\/www.creabarkod.com\/wp-content\/uploads\/cache\/2019\/06\/Argox-IX4-250-End\u00fcstriyel-Barkod-Yaz\u0131c\u0131-2\/3267051443.jpg\" class=\"fg-image\" \/><\/span><\/a><figcaption class=\"fg-caption\"><div class=\"fg-caption-inner\"><div class=\"fg-caption-title\">End\u00fcstriyel 203dpi<\/div><\/div><\/figcaption><\/figure><div class=\"fg-loader\"><\/div><\/div><div class=\"fg-item\"><figure class=\"fg-item-inner\"><a href=\"http:\/\/www.creabarkod.com\/?page_id=312\" data-caption-title=\"End\u00fcstriyel 300dpi\" data-caption-desc=\"Godex EZ-2350i End\u00fcstriyel Barkod Yaz\u0131c\u0131\" data-attachment-id=\"300\" class=\"fg-thumb\"><span class=\"fg-image-wrap\"><img alt=\"Godex EZ-2350i End\u00fcstriyel Barkod Yaz\u0131c\u0131\" title=\"Godex EZ-2350i End\u00fcstriyel Barkod Yaz\u0131c\u0131\" width=\"210\" height=\"210\" data-src-fg=\"http:\/\/www.creabarkod.com\/wp-content\/uploads\/cache\/2019\/06\/Godex-EZ-2350i-End\u00fcstriyel-Barkod-Yaz\u0131c\u0131\/1547750832.jpg\" class=\"fg-image\" \/><\/span><\/a><figcaption class=\"fg-caption\"><div class=\"fg-caption-inner\"><div class=\"fg-caption-title\">End\u00fcstriyel 300dpi<\/div><\/div><\/figcaption><\/figure><div class=\"fg-loader\"><\/div><\/div><div class=\"fg-item\"><figure class=\"fg-item-inner\"><a href=\"http:\/\/www.creabarkod.com\/?page_id=314\" data-caption-title=\"End\u00fcstriyel 600dpi\" data-caption-desc=\"Godex ZX1600i End\u00fcstriyel Barkod Yaz\u0131c\u0131\" data-attachment-id=\"301\" class=\"fg-thumb\"><span class=\"fg-image-wrap\"><img alt=\"Godex ZX1600i End\u00fcstriyel Barkod Yaz\u0131c\u0131\" title=\"Godex ZX1600i End\u00fcstriyel Barkod Yaz\u0131c\u0131\" width=\"210\" height=\"210\" data-src-fg=\"http:\/\/www.creabarkod.com\/wp-content\/uploads\/cache\/2019\/06\/Godex-ZX1600i-End\u00fcstriyel-Barkod-Yaz\u0131c\u0131-2\/754186872.png\" class=\"fg-image\" \/><\/span><\/a><figcaption class=\"fg-caption\"><div class=\"fg-caption-inner\"><div class=\"fg-caption-title\">End\u00fcstriyel 600dpi<\/div><\/div><\/figcaption><\/figure><div class=\"fg-loader\"><\/div><\/div><\/div>","protected":false},"excerpt":{"rendered":"","protected":false},"author":1,"featured_media":0,"parent":0,"menu_order":0,"comment_status":"closed","ping_status":"closed","template":"","meta":[],"yoast_head":"<!-- This site is optimized with the Yoast SEO plugin v15.7 - https:\/\/yoast.com\/wordpress\/plugins\/seo\/ -->\n<title>Barkod Yaz\u0131c\u0131lar - Crea Barkod<\/title>\n<meta name=\"robots\" content=\"index, follow, max-snippet:-1, max-image-preview:large, max-video-preview:-1\" \/>\n<link rel=\"canonical\" href=\"http:\/\/www.creabarkod.com\/?page_id=10\" \/>\n<meta property=\"og:locale\" content=\"tr_TR\" \/>\n<meta property=\"og:type\" content=\"article\" \/>\n<meta property=\"og:title\" content=\"Barkod Yaz\u0131c\u0131lar - Crea Barkod\" \/>\n<meta property=\"og:url\" content=\"http:\/\/www.creabarkod.com\/?page_id=10\" \/>\n<meta property=\"og:site_name\" content=\"Crea Barkod\" \/>\n<meta property=\"article:modified_time\" content=\"2019-06-17T12:15:07+00:00\" \/>\n<meta name=\"twitter:card\" content=\"summary_large_image\" \/>\n<script type=\"application\/ld+json\" class=\"yoast-schema-graph\">{\"@context\":\"https:\/\/schema.org\",\"@graph\":[{\"@type\":\"WebSite\",\"@id\":\"http:\/\/www.creabarkod.com\/#website\",\"url\":\"http:\/\/www.creabarkod.com\/\",\"name\":\"Crea Barkod\",\"description\":\"\",\"potentialAction\":[{\"@type\":\"SearchAction\",\"target\":\"http:\/\/www.creabarkod.com\/?s={search_term_string}\",\"query-input\":\"required name=search_term_string\"}],\"inLanguage\":\"tr\"},{\"@type\":\"WebPage\",\"@id\":\"http:\/\/www.creabarkod.com\/?page_id=10#webpage\",\"url\":\"http:\/\/www.creabarkod.com\/?page_id=10\",\"name\":\"Barkod Yaz\\u0131c\\u0131lar - Crea Barkod\",\"isPartOf\":{\"@id\":\"http:\/\/www.creabarkod.com\/#website\"},\"datePublished\":\"2019-02-11T11:00:20+00:00\",\"dateModified\":\"2019-06-17T12:15:07+00:00\",\"inLanguage\":\"tr\",\"potentialAction\":[{\"@type\":\"ReadAction\",\"target\":[\"http:\/\/www.creabarkod.com\/?page_id=10\"]}]}]}<\/script>\n<!-- \/ Yoast SEO plugin. -->","_links":{"self":[{"href":"http:\/\/www.creabarkod.com\/index.php?rest_route=\/wp\/v2\/pages\/10"}],"collection":[{"href":"http:\/\/www.creabarkod.com\/index.php?rest_route=\/wp\/v2\/pages"}],"about":[{"href":"http:\/\/www.creabarkod.com\/index.php?rest_route=\/wp\/v2\/types\/page"}],"author":[{"embeddable":true,"href":"http:\/\/www.creabarkod.com\/index.php?rest_route=\/wp\/v2\/users\/1"}],"replies":[{"embeddable":true,"href":"http:\/\/www.creabarkod.com\/index.php?rest_route=%2Fwp%2Fv2%2Fcomments&post=10"}],"version-history":[{"count":2,"href":"http:\/\/www.creabarkod.com\/index.php?rest_route=\/wp\/v2\/pages\/10\/revisions"}],"predecessor-version":[{"id":302,"href":"http:\/\/www.creabarkod.com\/index.php?rest_route=\/wp\/v2\/pages\/10\/revisions\/302"}],"wp:attachment":[{"href":"http:\/\/www.creabarkod.com\/index.php?rest_route=%2Fwp%2Fv2%2Fmedia&parent=10"}],"curies":[{"name":"wp","href":"https:\/\/api.w.org\/{rel}","templated":true}]}}